{"id":1001,"date":"2026-01-09T10:33:03","date_gmt":"2026-01-09T09:33:03","guid":{"rendered":"https:\/\/shop.dohlad.info\/index.php\/product\/aurum-sedan-9-biela\/"},"modified":"2026-02-08T23:21:31","modified_gmt":"2026-02-08T22:21:31","slug":"aurum-sedan-9-biela","status":"publish","type":"product","link":"https:\/\/loxone.ctw.sk\/index.php\/product\/aurum-sedan-9-biela\/","title":{"rendered":"AURUM SEDAN 9 biela"},"content":{"rendered":"<p>AURUM SEDAN 9 je st\u013apov\u00fd reproduktor v kompaktnom form\u00e1te. Aspo\u0148 tak p\u00f4sob\u00ed, ke\u010f poskytuje mohutn\u00fd a pln\u00fd zvuk. Jeho pr\u00edtomnos\u0165 je impozantn\u00e1 a <strong>stabilita fenomen\u00e1lna<\/strong>. quadral quSENSE\u00ae v\u00fd\u0161kov\u00fd reproduktor a ve\u013ek\u00fd basov\u00fd reproduktor quadral ALTIMA\u00ae spolupracuj\u00fa v dokonalej harm\u00f3nii. SEDAN 9 je ide\u00e1lnou vo\u013ebou pre t\u00fdch, ktor\u00ed preferuj\u00fa nen\u00e1padn\u00fd dizajn bez toho, aby museli robi\u0165 kompromisy v kvalite zvuku.<\/p>\n<p><strong>Pred\u013a\u017ete si z\u00e1ruku na zak\u00fapen\u00fd reproduktor AURUM na 10 rokov.<\/strong> Sta\u010d\u00ed kontaktova\u0165 <a href=\"mailto:info@quadral.com\"><span class=\"s1\">info@quadral.com<\/span><\/a>. <a href=\"https:\/\/www.quadral.com\/en\/warranty-conditions\/\"><span class=\"s1\">K podmienkam &gt;<\/span><\/a><\/p>\n","protected":false},"excerpt":{"rendered":"<p>AURUM SEDAN 9 je st\u013apov\u00fd reproduktor v kompaktnom form\u00e1te. Aspo\u0148 tak p\u00f4sob\u00ed, ke\u010f poskytuje mohutn\u00fd a pln\u00fd zvuk. Jeho pr\u00edtomnos\u0165 je impozantn\u00e1 a <strong>stabilita fenomen\u00e1lna<\/strong>. quadral quSENSE\u00ae v\u00fd\u0161kov\u00fd reproduktor a ve\u013ek\u00fd basov\u00fd reproduktor quadral ALTIMA\u00ae spolupracuj\u00fa v dokonalej harm\u00f3nii. SEDAN 9 je ide\u00e1lnou vo\u013ebou pre t\u00fdch, ktor\u00ed preferuj\u00fa nen\u00e1padn\u00fd dizajn bez toho, aby museli robi\u0165 kompromisy v kvalite zvuku.<\/p>\n<p>&nbsp;<\/p>\n","protected":false},"featured_media":1002,"template":"","meta":[],"location":[],"product_brand":[],"product_cat":[357],"product_tag":[],"class_list":{"0":"post-1001","1":"product","2":"type-product","3":"status-publish","4":"has-post-thumbnail","6":"product_cat-pasivne-reproduktory","8":"first","9":"instock","10":"sold-individually","11":"taxable","12":"shipping-taxable","13":"purchasable","14":"product-type-simple"},"locations":[],"_links":{"self":[{"href":"https:\/\/loxone.ctw.sk\/index.php\/wp-json\/wp\/v2\/product\/1001","targetHints":{"allow":["GET"]}}],"collection":[{"href":"https:\/\/loxone.ctw.sk\/index.php\/wp-json\/wp\/v2\/product"}],"about":[{"href":"https:\/\/loxone.ctw.sk\/index.php\/wp-json\/wp\/v2\/types\/product"}],"wp:featuredmedia":[{"embeddable":true,"href":"https:\/\/loxone.ctw.sk\/index.php\/wp-json\/wp\/v2\/media\/1002"}],"wp:attachment":[{"href":"https:\/\/loxone.ctw.sk\/index.php\/wp-json\/wp\/v2\/media?parent=1001"}],"wp:term":[{"taxonomy":"location","embeddable":true,"href":"https:\/\/loxone.ctw.sk\/index.php\/wp-json\/wp\/v2\/location?post=1001"},{"taxonomy":"product_brand","embeddable":true,"href":"https:\/\/loxone.ctw.sk\/index.php\/wp-json\/wp\/v2\/product_brand?post=1001"},{"taxonomy":"product_cat","embeddable":true,"href":"https:\/\/loxone.ctw.sk\/index.php\/wp-json\/wp\/v2\/product_cat?post=1001"},{"taxonomy":"product_tag","embeddable":true,"href":"https:\/\/loxone.ctw.sk\/index.php\/wp-json\/wp\/v2\/product_tag?post=1001"}],"curies":[{"name":"wp","href":"https:\/\/api.w.org\/{rel}","templated":true}]}}