{"id":1005,"date":"2026-01-09T10:33:03","date_gmt":"2026-01-09T09:33:03","guid":{"rendered":"https:\/\/shop.dohlad.info\/index.php\/product\/aurum-orkan-9-biela\/"},"modified":"2026-02-08T23:22:04","modified_gmt":"2026-02-08T22:22:04","slug":"aurum-orkan-9-biela","status":"publish","type":"product","link":"https:\/\/loxone.ctw.sk\/index.php\/product\/aurum-orkan-9-biela\/","title":{"rendered":"AURUM ORKAN 9 biela"},"content":{"rendered":"<div class=\"description\">\n<p>\u0160t\u00edhly st\u013apov\u00fd reproduktor ORKAN p\u00f4sob\u00ed ve\u013emi exkluz\u00edvne a z\u00e1rove\u0148 nen\u00e1padne. \u013dahko zapadne do ak\u00e9hoko\u013evek interi\u00e9ru a <strong>dok\u00e1\u017ee rozp\u00fata\u0165 akustick\u00e9 predstavenie<\/strong> s r\u00fdchlou odozvou, nad\u0161tandardnou priestorovos\u0165ou a \u00fa\u017easn\u00fdmi detailmi.<\/p>\n<p>V nemeckom Hannoveri vyvinut\u00fd v\u00fd\u0161kov\u00fd reproduktor quadral quSENSE\u00ae zaru\u010duje brilantn\u00e9 v\u00fd\u0161ky s v\u00fdnimo\u010dnou presnos\u0165ou a\u017e do frekvencie 65 000 Hz. Stredov\u00fd reproduktor quadral ALTIMA\u00ae a dva basov\u00e9 reproduktory quadral ALTIMA\u00ae zais\u0165uj\u00fa \u010dist\u00e9 stredy a mimoriadne siln\u00fd bas, ktor\u00fd siaha a\u017e k hlbok\u00fdm 29 Hz.<\/p>\n<p><strong>Pred\u013a\u017ete si z\u00e1ruku na zak\u00fapen\u00fd reproduktor AURUM na 10 rokov.<\/strong> Kontaktuje <a href=\"mailto:info@quadral.com\"><span class=\"s1\">info@quadral.com<\/span><\/a>. <a href=\"https:\/\/www.quadral.com\/en\/warranty-conditions\/\"><span class=\"s1\">K podmienkam &gt;<\/span><\/a><\/p>\n<\/div>\n","protected":false},"excerpt":{"rendered":"<div class=\"description\">\n<p>\u0160t\u00edhly st\u013apov\u00fd reproduktor ORKAN p\u00f4sob\u00ed ve\u013emi exkluz\u00edvne a z\u00e1rove\u0148 nen\u00e1padne. \u013dahko zapadne do ak\u00e9hoko\u013evek interi\u00e9ru a <strong>dok\u00e1\u017ee rozp\u00fata\u0165 akustick\u00e9 predstavenie<\/strong> s r\u00fdchlou odozvou, nad\u0161tandardnou priestorovos\u0165ou a \u00fa\u017easn\u00fdmi detailmi.<\/p>\n<p>V nemeckom Hannoveri vyvinut\u00fd v\u00fd\u0161kov\u00fd reproduktor quadral quSENSE\u00ae zaru\u010duje brilantn\u00e9 v\u00fd\u0161ky s v\u00fdnimo\u010dnou presnos\u0165ou a\u017e do frekvencie 65 000 Hz. Stredov\u00fd reproduktor quadral ALTIMA\u00ae a dva basov\u00e9 reproduktory quadral ALTIMA\u00ae zais\u0165uj\u00fa \u010dist\u00e9 stredy a mimoriadne siln\u00fd bas, ktor\u00fd siaha a\u017e k hlbok\u00fdm 29 Hz.<\/p>\n<\/div>\n","protected":false},"featured_media":1006,"template":"","meta":[],"location":[],"product_brand":[],"product_cat":[357],"product_tag":[],"class_list":{"0":"post-1005","1":"product","2":"type-product","3":"status-publish","4":"has-post-thumbnail","6":"product_cat-pasivne-reproduktory","8":"first","9":"instock","10":"sold-individually","11":"taxable","12":"shipping-taxable","13":"purchasable","14":"product-type-simple"},"locations":[],"_links":{"self":[{"href":"https:\/\/loxone.ctw.sk\/index.php\/wp-json\/wp\/v2\/product\/1005","targetHints":{"allow":["GET"]}}],"collection":[{"href":"https:\/\/loxone.ctw.sk\/index.php\/wp-json\/wp\/v2\/product"}],"about":[{"href":"https:\/\/loxone.ctw.sk\/index.php\/wp-json\/wp\/v2\/types\/product"}],"wp:featuredmedia":[{"embeddable":true,"href":"https:\/\/loxone.ctw.sk\/index.php\/wp-json\/wp\/v2\/media\/1006"}],"wp:attachment":[{"href":"https:\/\/loxone.ctw.sk\/index.php\/wp-json\/wp\/v2\/media?parent=1005"}],"wp:term":[{"taxonomy":"location","embeddable":true,"href":"https:\/\/loxone.ctw.sk\/index.php\/wp-json\/wp\/v2\/location?post=1005"},{"taxonomy":"product_brand","embeddable":true,"href":"https:\/\/loxone.ctw.sk\/index.php\/wp-json\/wp\/v2\/product_brand?post=1005"},{"taxonomy":"product_cat","embeddable":true,"href":"https:\/\/loxone.ctw.sk\/index.php\/wp-json\/wp\/v2\/product_cat?post=1005"},{"taxonomy":"product_tag","embeddable":true,"href":"https:\/\/loxone.ctw.sk\/index.php\/wp-json\/wp\/v2\/product_tag?post=1005"}],"curies":[{"name":"wp","href":"https:\/\/api.w.org\/{rel}","templated":true}]}}