{"id":1007,"date":"2026-01-09T10:33:03","date_gmt":"2026-01-09T09:33:03","guid":{"rendered":"https:\/\/shop.dohlad.info\/index.php\/product\/aurum-montan-9-cierna\/"},"modified":"2026-02-08T23:22:25","modified_gmt":"2026-02-08T22:22:25","slug":"aurum-montan-9-cierna","status":"publish","type":"product","link":"https:\/\/loxone.ctw.sk\/index.php\/product\/aurum-montan-9-cierna\/","title":{"rendered":"AURUM MONTAN 9 \u010dierna"},"content":{"rendered":"<p>\u201eKeep calm\u201c \u2013 to je motto AURUM MONTAN. Tento impozantn\u00fd st\u013apov\u00fd reproduktor s \u00faplnou \u013eahkos\u0165ou prehr\u00e1 v\u0161etko, \u010do mu privediete cez hlin\u00edkov\u00e9 termin\u00e1ly. Jeho hudobn\u00fd prejav je <strong>p\u00f4sobiv\u00fd a strhuj\u00faci<\/strong>, pri\u010dom aj tich\u00e9 pas\u00e1\u017ee vykres\u013euje s plnou kr\u00e1sou. Ke\u010f zv\u00fd\u0161ite hlasitos\u0165, MONTAN si zachov\u00e1 svoj pokoj a preh\u013ead, a z\u00e1rove\u0148 dok\u00e1\u017ee naplni\u0165 aj ve\u013ek\u00e9 priestory mohutn\u00fdm zvukom.<\/p>\n<p class=\"p1\"><strong>Pred\u013a\u017ete si z\u00e1ruku zak\u00fapen\u00e9ho reproduktor AURUM u\u017e na 10 rokov. <\/strong>Kontaktujte <a href=\"mailto:info@quadral.com\"><span class=\"s1\">info@quadral.com<\/span><\/a>. <a href=\"https:\/\/www.quadral.com\/en\/warranty-conditions\/\"><span class=\"s1\">K podmienkam &gt;<\/span><\/a><\/p>\n","protected":false},"excerpt":{"rendered":"<p>\u201eKeep calm\u201c \u2013 to je motto AURUM MONTAN. Tento impozantn\u00fd st\u013apov\u00fd reproduktor s \u00faplnou \u013eahkos\u0165ou prehr\u00e1 v\u0161etko, \u010do mu privediete cez hlin\u00edkov\u00e9 termin\u00e1ly. Jeho hudobn\u00fd prejav je <strong>p\u00f4sobiv\u00fd a strhuj\u00faci<\/strong>, pri\u010dom aj tich\u00e9 pas\u00e1\u017ee vykres\u013euje s plnou kr\u00e1sou. Ke\u010f zv\u00fd\u0161ite hlasitos\u0165, MONTAN si zachov\u00e1 svoj pokoj a preh\u013ead, a z\u00e1rove\u0148 dok\u00e1\u017ee naplni\u0165 aj ve\u013ek\u00e9 priestory mohutn\u00fdm zvukom.<\/p>\n<p>&nbsp;<\/p>\n","protected":false},"featured_media":1008,"template":"","meta":[],"location":[],"product_brand":[],"product_cat":[357],"product_tag":[],"class_list":{"0":"post-1007","1":"product","2":"type-product","3":"status-publish","4":"has-post-thumbnail","6":"product_cat-pasivne-reproduktory","8":"first","9":"instock","10":"sold-individually","11":"taxable","12":"shipping-taxable","13":"purchasable","14":"product-type-simple"},"locations":[],"_links":{"self":[{"href":"https:\/\/loxone.ctw.sk\/index.php\/wp-json\/wp\/v2\/product\/1007","targetHints":{"allow":["GET"]}}],"collection":[{"href":"https:\/\/loxone.ctw.sk\/index.php\/wp-json\/wp\/v2\/product"}],"about":[{"href":"https:\/\/loxone.ctw.sk\/index.php\/wp-json\/wp\/v2\/types\/product"}],"wp:featuredmedia":[{"embeddable":true,"href":"https:\/\/loxone.ctw.sk\/index.php\/wp-json\/wp\/v2\/media\/1008"}],"wp:attachment":[{"href":"https:\/\/loxone.ctw.sk\/index.php\/wp-json\/wp\/v2\/media?parent=1007"}],"wp:term":[{"taxonomy":"location","embeddable":true,"href":"https:\/\/loxone.ctw.sk\/index.php\/wp-json\/wp\/v2\/location?post=1007"},{"taxonomy":"product_brand","embeddable":true,"href":"https:\/\/loxone.ctw.sk\/index.php\/wp-json\/wp\/v2\/product_brand?post=1007"},{"taxonomy":"product_cat","embeddable":true,"href":"https:\/\/loxone.ctw.sk\/index.php\/wp-json\/wp\/v2\/product_cat?post=1007"},{"taxonomy":"product_tag","embeddable":true,"href":"https:\/\/loxone.ctw.sk\/index.php\/wp-json\/wp\/v2\/product_tag?post=1007"}],"curies":[{"name":"wp","href":"https:\/\/api.w.org\/{rel}","templated":true}]}}