{"id":1014,"date":"2026-01-09T10:33:03","date_gmt":"2026-01-09T09:33:03","guid":{"rendered":"https:\/\/shop.dohlad.info\/index.php\/product\/aurum-vulkan-9-biela\/"},"modified":"2026-01-28T12:57:25","modified_gmt":"2026-01-28T11:57:25","slug":"aurum-vulkan-9-biela","status":"publish","type":"product","link":"https:\/\/loxone.ctw.sk\/index.php\/product\/aurum-vulkan-9-biela\/","title":{"rendered":"AURUM VULKAN 9 biela"},"content":{"rendered":"<p>AURUM VULKAN 9 je ide\u00e1lny pre \u0161pi\u010dkov\u00e9 stereo po\u010d\u00favanie aj pre intenz\u00edvne z\u00e1\u017eitky v dom\u00e1com kine. Rovnako ako v\u00e4\u010d\u0161\u00ed model TITAN m\u00e1 aj VULKAN v\u00fd\u0161kov\u00fd a stredov\u00fd reproduktor usporiadan\u00fd v D&#8217;Appolito konfigur\u00e1cii, ktor\u00e1 zais\u0165uje harmonick\u00fd zvukov\u00fd prejav. Tento dojem e\u0161te umoc\u0148uje tlakov\u00e1 komora s dvoma 235mm reproduktormi quadral ALTIMA\u00ae, ktor\u00e9 dod\u00e1vaj\u00fa zvuku mohutn\u00fa silu.<\/p>\n<p><strong>\u00a0Pred\u013a\u017ete si z\u00e1ruku na zak\u00fapen\u00fd reproduktor AURUM a\u017e na 10 rokov.<\/strong> Kontaktujte <a href=\"mailto:info@quadral.com\"><span class=\"s1\">info@quadral.com<\/span><\/a>. <a href=\"https:\/\/www.quadral.com\/en\/warranty-conditions\/\"><span class=\"s1\">K podmienkam &gt;<\/span><\/a><\/p>\n<div class=\"col-md-3\"><\/div>\n","protected":false},"excerpt":{"rendered":"<p>AURUM VULKAN 9 je ide\u00e1lny pre \u0161pi\u010dkov\u00e9 stereo po\u010d\u00favanie aj pre intenz\u00edvne z\u00e1\u017eitky v dom\u00e1com kine.<\/p>\n","protected":false},"featured_media":1015,"template":"","meta":[],"location":[],"product_brand":[],"product_cat":[357],"product_tag":[],"class_list":{"0":"post-1014","1":"product","2":"type-product","3":"status-publish","4":"has-post-thumbnail","6":"product_cat-pasivne-reproduktory","8":"first","9":"instock","10":"sold-individually","11":"taxable","12":"shipping-taxable","13":"purchasable","14":"product-type-simple"},"locations":[],"_links":{"self":[{"href":"https:\/\/loxone.ctw.sk\/index.php\/wp-json\/wp\/v2\/product\/1014","targetHints":{"allow":["GET"]}}],"collection":[{"href":"https:\/\/loxone.ctw.sk\/index.php\/wp-json\/wp\/v2\/product"}],"about":[{"href":"https:\/\/loxone.ctw.sk\/index.php\/wp-json\/wp\/v2\/types\/product"}],"wp:featuredmedia":[{"embeddable":true,"href":"https:\/\/loxone.ctw.sk\/index.php\/wp-json\/wp\/v2\/media\/1015"}],"wp:attachment":[{"href":"https:\/\/loxone.ctw.sk\/index.php\/wp-json\/wp\/v2\/media?parent=1014"}],"wp:term":[{"taxonomy":"location","embeddable":true,"href":"https:\/\/loxone.ctw.sk\/index.php\/wp-json\/wp\/v2\/location?post=1014"},{"taxonomy":"product_brand","embeddable":true,"href":"https:\/\/loxone.ctw.sk\/index.php\/wp-json\/wp\/v2\/product_brand?post=1014"},{"taxonomy":"product_cat","embeddable":true,"href":"https:\/\/loxone.ctw.sk\/index.php\/wp-json\/wp\/v2\/product_cat?post=1014"},{"taxonomy":"product_tag","embeddable":true,"href":"https:\/\/loxone.ctw.sk\/index.php\/wp-json\/wp\/v2\/product_tag?post=1014"}],"curies":[{"name":"wp","href":"https:\/\/api.w.org\/{rel}","templated":true}]}}