{"id":1022,"date":"2026-01-09T10:33:03","date_gmt":"2026-01-09T09:33:03","guid":{"rendered":"https:\/\/shop.dohlad.info\/index.php\/product\/satellite-speaker-ip64-passive-cierna\/"},"modified":"2026-02-08T23:24:10","modified_gmt":"2026-02-08T22:24:10","slug":"satellite-speaker-ip64-passive-cierna","status":"publish","type":"product","link":"https:\/\/loxone.ctw.sk\/index.php\/product\/satellite-speaker-ip64-passive-cierna\/","title":{"rendered":"Satellite Speaker IP64 Passive \u010dierna"},"content":{"rendered":"<p>Satellite Speaker IP64 Passive je univerz\u00e1lnou odpove\u010fou na <strong>v\u0161etky va\u0161e audio potreby<\/strong>. Reproduktor m\u00e1 krytie IP64 a v\u010faka ohybn\u00e9mu ramenu ho mo\u017eno v\u017edy namontova\u0165 v ide\u00e1lnom uhle.<\/p>\n<p><strong>Vlastnosti:<\/strong><\/p>\n<ul>\n<li>Mo\u017eno namontova\u0165 vodorovne aj zvisle.<\/li>\n<li>Ohybn\u00e9 rameno na zadnej strane \u2013 pre ide\u00e1lny uhol mont\u00e1\u017ee.<\/li>\n<li>Odpor\u00fa\u010dame jeden reproduktor na 15 m\u00b2 plochy.<\/li>\n<\/ul>\n","protected":false},"excerpt":{"rendered":"<p>Satellite Speaker IP64 Passive je univerz\u00e1lnou odpove\u010fou na <strong>v\u0161etky va\u0161e audio potreby<\/strong>. Reproduktor m\u00e1 krytie IP64 a v\u010faka ohybn\u00e9mu ramenu ho mo\u017eno v\u017edy namontova\u0165 v ide\u00e1lnom uhle.<\/p>\n<p>&nbsp;<\/p>\n","protected":false},"featured_media":1862,"template":"","meta":[],"location":[],"product_brand":[],"product_cat":[357],"product_tag":[],"class_list":{"0":"post-1022","1":"product","2":"type-product","3":"status-publish","4":"has-post-thumbnail","6":"product_cat-pasivne-reproduktory","8":"first","9":"instock","10":"sold-individually","11":"taxable","12":"shipping-taxable","13":"purchasable","14":"product-type-simple"},"locations":[],"_links":{"self":[{"href":"https:\/\/loxone.ctw.sk\/index.php\/wp-json\/wp\/v2\/product\/1022","targetHints":{"allow":["GET"]}}],"collection":[{"href":"https:\/\/loxone.ctw.sk\/index.php\/wp-json\/wp\/v2\/product"}],"about":[{"href":"https:\/\/loxone.ctw.sk\/index.php\/wp-json\/wp\/v2\/types\/product"}],"wp:featuredmedia":[{"embeddable":true,"href":"https:\/\/loxone.ctw.sk\/index.php\/wp-json\/wp\/v2\/media\/1862"}],"wp:attachment":[{"href":"https:\/\/loxone.ctw.sk\/index.php\/wp-json\/wp\/v2\/media?parent=1022"}],"wp:term":[{"taxonomy":"location","embeddable":true,"href":"https:\/\/loxone.ctw.sk\/index.php\/wp-json\/wp\/v2\/location?post=1022"},{"taxonomy":"product_brand","embeddable":true,"href":"https:\/\/loxone.ctw.sk\/index.php\/wp-json\/wp\/v2\/product_brand?post=1022"},{"taxonomy":"product_cat","embeddable":true,"href":"https:\/\/loxone.ctw.sk\/index.php\/wp-json\/wp\/v2\/product_cat?post=1022"},{"taxonomy":"product_tag","embeddable":true,"href":"https:\/\/loxone.ctw.sk\/index.php\/wp-json\/wp\/v2\/product_tag?post=1022"}],"curies":[{"name":"wp","href":"https:\/\/api.w.org\/{rel}","templated":true}]}}