{"id":1039,"date":"2026-01-09T10:33:03","date_gmt":"2026-01-09T09:33:03","guid":{"rendered":"https:\/\/shop.dohlad.info\/index.php\/product\/satellite-speaker-ip64-client-biela\/"},"modified":"2026-02-08T23:26:19","modified_gmt":"2026-02-08T22:26:19","slug":"satellite-speaker-ip64-client-biela","status":"publish","type":"product","link":"https:\/\/loxone.ctw.sk\/index.php\/product\/satellite-speaker-ip64-client-biela\/","title":{"rendered":"Satellite Speaker IP64 Client biela"},"content":{"rendered":"<p>Satellite Speaker IP64 Client zaujme svojimi <strong>vynikaj\u00facimi zvukov\u00fdmi vlastnos\u0165ami<\/strong> <strong>a rozmanitos\u0165ou vyu\u017eitia<\/strong>. Prij\u00edma zvukov\u00fd sign\u00e1l z reproduktora typu Master a m\u00f4\u017ee ho odovzd\u00e1va\u0165 \u010fal\u0161\u00edm reproduktorom typu Client. Dohromady tvoria flexibiln\u00e9 audio rie\u0161enie \u0161k\u00e1lovate\u013en\u00e9 pre budovy v\u0161etk\u00fdch ve\u013ekost\u00ed.<\/p>\n<p><strong> Features:<\/strong><\/p>\n<ul>\n<li>Funkcia ako prevod textu na re\u010d (Text-to-Speech), zvon\u010dek, alarm alebo zvukov\u00e9 upozornenia.<\/li>\n<li>Streamovanie hudby cez Bluetooth (vy\u017eaduje kombin\u00e1ciu s reproduktorom Master).<\/li>\n<li>D\u013a\u017eka k\u00e1bla medzi Clientmi a\u017e 30 m.<\/li>\n<li>Ohybn\u00e9 rameno na zadnej strane kon\u0161trukcie \u2013 pre ide\u00e1lny uhol mont\u00e1\u017ee.<\/li>\n<\/ul>\n","protected":false},"excerpt":{"rendered":"<p>Satellite Speaker IP64 Client zaujme svojimi <strong>vynikaj\u00facimi zvukov\u00fdmi vlastnos\u0165ami<\/strong> <strong>a rozmanitos\u0165ou vyu\u017eitia<\/strong>. Prij\u00edma zvukov\u00fd sign\u00e1l z reproduktora typu Master a m\u00f4\u017ee ho odovzd\u00e1va\u0165 \u010fal\u0161\u00edm reproduktorom typu Client. Dohromady tvoria flexibiln\u00e9 audio rie\u0161enie \u0161k\u00e1lovate\u013en\u00e9 pre budovy v\u0161etk\u00fdch ve\u013ekost\u00ed.<\/p>\n<p>&nbsp;<\/p>\n","protected":false},"featured_media":1863,"template":"","meta":[],"location":[],"product_brand":[],"product_cat":[334],"product_tag":[],"class_list":{"0":"post-1039","1":"product","2":"type-product","3":"status-publish","4":"has-post-thumbnail","6":"product_cat-aktivne-reproduktory","8":"first","9":"instock","10":"sold-individually","11":"taxable","12":"shipping-taxable","13":"purchasable","14":"product-type-simple"},"locations":[],"_links":{"self":[{"href":"https:\/\/loxone.ctw.sk\/index.php\/wp-json\/wp\/v2\/product\/1039","targetHints":{"allow":["GET"]}}],"collection":[{"href":"https:\/\/loxone.ctw.sk\/index.php\/wp-json\/wp\/v2\/product"}],"about":[{"href":"https:\/\/loxone.ctw.sk\/index.php\/wp-json\/wp\/v2\/types\/product"}],"wp:featuredmedia":[{"embeddable":true,"href":"https:\/\/loxone.ctw.sk\/index.php\/wp-json\/wp\/v2\/media\/1863"}],"wp:attachment":[{"href":"https:\/\/loxone.ctw.sk\/index.php\/wp-json\/wp\/v2\/media?parent=1039"}],"wp:term":[{"taxonomy":"location","embeddable":true,"href":"https:\/\/loxone.ctw.sk\/index.php\/wp-json\/wp\/v2\/location?post=1039"},{"taxonomy":"product_brand","embeddable":true,"href":"https:\/\/loxone.ctw.sk\/index.php\/wp-json\/wp\/v2\/product_brand?post=1039"},{"taxonomy":"product_cat","embeddable":true,"href":"https:\/\/loxone.ctw.sk\/index.php\/wp-json\/wp\/v2\/product_cat?post=1039"},{"taxonomy":"product_tag","embeddable":true,"href":"https:\/\/loxone.ctw.sk\/index.php\/wp-json\/wp\/v2\/product_tag?post=1039"}],"curies":[{"name":"wp","href":"https:\/\/api.w.org\/{rel}","templated":true}]}}