{"id":1046,"date":"2026-01-09T10:33:03","date_gmt":"2026-01-09T09:33:03","guid":{"rendered":"https:\/\/shop.dohlad.info\/index.php\/product\/satellite-speaker-ip64-passive-biela\/"},"modified":"2026-02-08T23:24:23","modified_gmt":"2026-02-08T22:24:23","slug":"satellite-speaker-ip64-passive-biela","status":"publish","type":"product","link":"https:\/\/loxone.ctw.sk\/index.php\/product\/satellite-speaker-ip64-passive-biela\/","title":{"rendered":"Satellite Speaker IP64 Passive biela"},"content":{"rendered":"<p>Satellite Speaker IP64 Passive je <strong>univerz\u00e1lna odpove\u010f<\/strong> na v\u0161etky va\u0161e <strong>audio potreby<\/strong>. Reproduktor m\u00e1 triedu ochrany IP64 a v\u010faka flexibiln\u00e9mu ramenu ho mo\u017eno v\u017edy namontova\u0165 v perfektnom uhle.<\/p>\n<p><strong> Features:<\/strong><\/p>\n<ul>\n<li>Mo\u017eno namontova\u0165 horizont\u00e1lne alebo vertik\u00e1lne<\/li>\n<li>Ohybn\u00e9 rameno na zadnej strane krytu \u2013 pre dokonal\u00fd uhol mont\u00e1\u017ee<\/li>\n<li>Odpor\u00fa\u010dame jeden reproduktor na 15 m\u00b2 plochy miestnosti<\/li>\n<\/ul>\n","protected":false},"excerpt":{"rendered":"<p>Satellite Speaker IP64 Passive je <strong>univerz\u00e1lna odpove\u010f<\/strong> na v\u0161etky va\u0161e <strong>audio potreby<\/strong>. Reproduktor m\u00e1 triedu ochrany IP64 a v\u010faka flexibiln\u00e9mu ramenu ho mo\u017eno v\u017edy namontova\u0165 v perfektnom uhle.<\/p>\n<p>&nbsp;<\/p>\n","protected":false},"featured_media":1863,"template":"","meta":[],"location":[],"product_brand":[],"product_cat":[357],"product_tag":[],"class_list":{"0":"post-1046","1":"product","2":"type-product","3":"status-publish","4":"has-post-thumbnail","6":"product_cat-pasivne-reproduktory","8":"first","9":"instock","10":"sold-individually","11":"taxable","12":"shipping-taxable","13":"purchasable","14":"product-type-simple"},"locations":[],"_links":{"self":[{"href":"https:\/\/loxone.ctw.sk\/index.php\/wp-json\/wp\/v2\/product\/1046","targetHints":{"allow":["GET"]}}],"collection":[{"href":"https:\/\/loxone.ctw.sk\/index.php\/wp-json\/wp\/v2\/product"}],"about":[{"href":"https:\/\/loxone.ctw.sk\/index.php\/wp-json\/wp\/v2\/types\/product"}],"wp:featuredmedia":[{"embeddable":true,"href":"https:\/\/loxone.ctw.sk\/index.php\/wp-json\/wp\/v2\/media\/1863"}],"wp:attachment":[{"href":"https:\/\/loxone.ctw.sk\/index.php\/wp-json\/wp\/v2\/media?parent=1046"}],"wp:term":[{"taxonomy":"location","embeddable":true,"href":"https:\/\/loxone.ctw.sk\/index.php\/wp-json\/wp\/v2\/location?post=1046"},{"taxonomy":"product_brand","embeddable":true,"href":"https:\/\/loxone.ctw.sk\/index.php\/wp-json\/wp\/v2\/product_brand?post=1046"},{"taxonomy":"product_cat","embeddable":true,"href":"https:\/\/loxone.ctw.sk\/index.php\/wp-json\/wp\/v2\/product_cat?post=1046"},{"taxonomy":"product_tag","embeddable":true,"href":"https:\/\/loxone.ctw.sk\/index.php\/wp-json\/wp\/v2\/product_tag?post=1046"}],"curies":[{"name":"wp","href":"https:\/\/api.w.org\/{rel}","templated":true}]}}