{"id":1048,"date":"2026-01-09T10:33:36","date_gmt":"2026-01-09T09:33:36","guid":{"rendered":"https:\/\/shop.dohlad.info\/index.php\/product\/leaf-1-air-tree\/"},"modified":"2026-02-10T00:53:36","modified_gmt":"2026-02-09T23:53:36","slug":"leaf-1-air-tree","status":"publish","type":"product","link":"https:\/\/loxone.ctw.sk\/index.php\/product\/leaf-1-air-tree\/","title":{"rendered":"Leaf 1 Air\/ Tree"},"content":{"rendered":"<p>Spolo\u010dne s Leaf Ventilation, \u0161pecialistom na ventila\u010dn\u00fa techniku, sme si t\u00e9mu ventil\u00e1cie vzali k srdcu a vyvinuli <strong>revolu\u010dn\u00fd ventila\u010dn\u00fd syst\u00e9m<\/strong>, ktor\u00fd bez probl\u00e9mov a 100% zapadne do inteligentnej automatiz\u00e1cie dom\u00e1cnost\u00ed a budov Loxone m\u00f4\u017ee by\u0165 integrovan\u00e9.<\/p>\n<p><strong>Vlastnosti:<\/strong><\/p>\n<ul>\n<li>Zv\u00fd\u0161enie kvality vzduchu v interi\u00e9ri.<\/li>\n<li>Vetranie riaden\u00e9 pr\u00edtomnos\u0165ou.<\/li>\n<li>Vetranie riaden\u00e9 vlhkos\u0165ou.<\/li>\n<li>Rekuper\u00e1cia a\u017e 91 % tepla.<\/li>\n<li>Pln\u00e1 podpora aplik\u00e1cie Loxone.<\/li>\n<li>Nad\u010dasov\u00fd, jednoduch\u00fd dizajn.<\/li>\n<li>Jednoduch\u00e1 in\u0161tal\u00e1cia a uvedenie do prev\u00e1dzky v\u010faka technol\u00f3gii Loxone Air a Tree.<\/li>\n<\/ul>\n","protected":false},"excerpt":{"rendered":"<p>Spolo\u010dne s Leaf Ventilation, \u0161pecialistom na ventila\u010dn\u00fa techniku, sme si t\u00e9mu ventil\u00e1cie vzali k srdcu a vyvinuli <strong>revolu\u010dn\u00fd ventila\u010dn\u00fd syst\u00e9m<\/strong>, ktor\u00fd bez probl\u00e9mov a 100% zapadne do inteligentnej automatiz\u00e1cie dom\u00e1cnost\u00ed a budov Loxone m\u00f4\u017ee by\u0165 integrovan\u00e9.<\/p>\n<p>&nbsp;<\/p>\n","protected":false},"featured_media":1049,"template":"","meta":[],"location":[],"product_brand":[],"product_cat":[15],"product_tag":[],"class_list":{"0":"post-1048","1":"product","2":"type-product","3":"status-publish","4":"has-post-thumbnail","6":"product_cat-uncategorized","8":"first","9":"instock","10":"sold-individually","11":"taxable","12":"shipping-taxable","13":"product-type-simple"},"locations":[],"_links":{"self":[{"href":"https:\/\/loxone.ctw.sk\/index.php\/wp-json\/wp\/v2\/product\/1048","targetHints":{"allow":["GET"]}}],"collection":[{"href":"https:\/\/loxone.ctw.sk\/index.php\/wp-json\/wp\/v2\/product"}],"about":[{"href":"https:\/\/loxone.ctw.sk\/index.php\/wp-json\/wp\/v2\/types\/product"}],"wp:featuredmedia":[{"embeddable":true,"href":"https:\/\/loxone.ctw.sk\/index.php\/wp-json\/wp\/v2\/media\/1049"}],"wp:attachment":[{"href":"https:\/\/loxone.ctw.sk\/index.php\/wp-json\/wp\/v2\/media?parent=1048"}],"wp:term":[{"taxonomy":"location","embeddable":true,"href":"https:\/\/loxone.ctw.sk\/index.php\/wp-json\/wp\/v2\/location?post=1048"},{"taxonomy":"product_brand","embeddable":true,"href":"https:\/\/loxone.ctw.sk\/index.php\/wp-json\/wp\/v2\/product_brand?post=1048"},{"taxonomy":"product_cat","embeddable":true,"href":"https:\/\/loxone.ctw.sk\/index.php\/wp-json\/wp\/v2\/product_cat?post=1048"},{"taxonomy":"product_tag","embeddable":true,"href":"https:\/\/loxone.ctw.sk\/index.php\/wp-json\/wp\/v2\/product_tag?post=1048"}],"curies":[{"name":"wp","href":"https:\/\/api.w.org\/{rel}","templated":true}]}}