{"id":1052,"date":"2026-01-09T10:33:36","date_gmt":"2026-01-09T09:33:36","guid":{"rendered":"https:\/\/shop.dohlad.info\/index.php\/product\/veltrhova-suprava\/"},"modified":"2026-02-10T00:53:24","modified_gmt":"2026-02-09T23:53:24","slug":"veltrhova-suprava","status":"publish","type":"product","link":"https:\/\/loxone.ctw.sk\/index.php\/product\/veltrhova-suprava\/","title":{"rendered":"Ve\u013etrhov\u00e1 s\u00faprava"},"content":{"rendered":"<p>Pojazdn\u00e1 s\u00faprava na ve\u013etrhy Loxone je ide\u00e1lna pre va\u0161e <strong>profesion\u00e1lne vystupovanie na ve\u013etrhoch alebo podujatiach<\/strong> a ako p\u00fata\u010d pre potenci\u00e1lnych z\u00e1kazn\u00edkov. Ak si chcete po\u017ei\u010da\u0165 ve\u013etr\u017en\u00fa s\u00fapravu, <strong>dohodnite si doru\u010denie.<\/strong> Kontaktujte n\u00e1s telefonicky na \u010d\u00edsle +421 233 872 142 alebo e-mailom na adrese <a href=\"mailto:office@loxone.sk\">office@loxone.sk<\/a><\/p>\n<p><strong>Vlastnosti:<\/strong><\/p>\n<ul>\n<li>Vhodn\u00e9 na demon\u0161tra\u010dn\u00e9 \u00fa\u010dely.<\/li>\n<li>Zah\u0155\u0148a marketingov\u00fd materi\u00e1l, ako s\u00fa Loxone Folder, kocky, bloky, gu\u013e\u00f4\u010dkov\u00e9 per\u00e1 a ove\u013ea viac.<\/li>\n<li>Jednoduch\u00e9 a r\u00fdchle nastavenie.<\/li>\n<li>Mo\u017enos\u0165 pren\u00e1jmu a\u017e na 10 dn\u00ed.<\/li>\n<\/ul>\n<p><strong>Rozmery:<\/strong><\/p>\n<ul>\n<li>Zadn\u00e1 stena: 301 x 224 x 100 cm (\u0160 x H x D)<\/li>\n<li>V\u00fdstavn\u00fd pult: 91 x 93 x 48 cm (\u0160 x V x H)<\/li>\n<li>Bistrost\u00f4l: 70 x 110 cm (\u0160 x V)<\/li>\n<li>Vlajka Loxone Beach: 90 x 272 cm (\u0160 x V)<\/li>\n<\/ul>\n","protected":false},"excerpt":{"rendered":"<p>Pojazdn\u00e1 s\u00faprava na ve\u013etrhy Loxone je ide\u00e1lna pre va\u0161e <strong>profesion\u00e1lne vystupovanie na ve\u013etrhoch alebo podujatiach<\/strong> a ako p\u00fata\u010d pre potenci\u00e1lnych z\u00e1kazn\u00edkov. Ak si chcete po\u017ei\u010da\u0165 ve\u013etr\u017en\u00fa s\u00fapravu, <strong>dohodnite si doru\u010denie.<\/strong><\/p>\n","protected":false},"featured_media":1053,"template":"","meta":[],"location":[],"product_brand":[],"product_cat":[15],"product_tag":[],"class_list":{"0":"post-1052","1":"product","2":"type-product","3":"status-publish","4":"has-post-thumbnail","6":"product_cat-uncategorized","8":"first","9":"instock","10":"sold-individually","11":"taxable","12":"shipping-taxable","13":"product-type-simple"},"locations":[],"_links":{"self":[{"href":"https:\/\/loxone.ctw.sk\/index.php\/wp-json\/wp\/v2\/product\/1052","targetHints":{"allow":["GET"]}}],"collection":[{"href":"https:\/\/loxone.ctw.sk\/index.php\/wp-json\/wp\/v2\/product"}],"about":[{"href":"https:\/\/loxone.ctw.sk\/index.php\/wp-json\/wp\/v2\/types\/product"}],"wp:featuredmedia":[{"embeddable":true,"href":"https:\/\/loxone.ctw.sk\/index.php\/wp-json\/wp\/v2\/media\/1053"}],"wp:attachment":[{"href":"https:\/\/loxone.ctw.sk\/index.php\/wp-json\/wp\/v2\/media?parent=1052"}],"wp:term":[{"taxonomy":"location","embeddable":true,"href":"https:\/\/loxone.ctw.sk\/index.php\/wp-json\/wp\/v2\/location?post=1052"},{"taxonomy":"product_brand","embeddable":true,"href":"https:\/\/loxone.ctw.sk\/index.php\/wp-json\/wp\/v2\/product_brand?post=1052"},{"taxonomy":"product_cat","embeddable":true,"href":"https:\/\/loxone.ctw.sk\/index.php\/wp-json\/wp\/v2\/product_cat?post=1052"},{"taxonomy":"product_tag","embeddable":true,"href":"https:\/\/loxone.ctw.sk\/index.php\/wp-json\/wp\/v2\/product_tag?post=1052"}],"curies":[{"name":"wp","href":"https:\/\/api.w.org\/{rel}","templated":true}]}}