{"id":1054,"date":"2026-01-09T10:33:36","date_gmt":"2026-01-09T09:33:36","guid":{"rendered":"https:\/\/shop.dohlad.info\/index.php\/product\/nastenne-svietidla-wever-ducre\/"},"modified":"2026-02-10T00:53:06","modified_gmt":"2026-02-09T23:53:06","slug":"nastenne-svietidla-wever-ducre","status":"publish","type":"product","link":"https:\/\/loxone.ctw.sk\/index.php\/product\/nastenne-svietidla-wever-ducre\/","title":{"rendered":"N\u00e1stenn\u00e9 svietidl\u00e1 Wever &#038; Ducr\u00e9"},"content":{"rendered":"<p>Wever &amp; Ducr\u00e9 pon\u00faka viac ako <strong>200 \u0161t\u00fdlov\u00fdch svetiel<\/strong>, ktor\u00e9 mo\u017eno <strong>bezprobl\u00e9movo integrova\u0165 do syst\u00e9mu Loxone. <\/strong>Tieto belgick\u00e9 dizajnov\u00e9 svietidl\u00e1 nielen vytv\u00e1raj\u00fa pr\u00edjemn\u00e9 akcentn\u00e9 osvetlenie, ale taktie\u017e zais\u0165uj\u00fa <strong>plnohodnotn\u00e9 osvetlenie cel\u00e9ho priestoru<\/strong>. \u010ci u\u017e t\u00fa\u017eite po \u00fatulnej atmosf\u00e9re alebo potrebujete smerov\u00e9 svetlo pre svoj pracovn\u00fd k\u00fat, Wever &amp; Ducr\u00e9 dod\u00e1 ka\u017edej miestnosti jedine\u010dn\u00fd n\u00e1dych.<\/p>\n<p><strong>Vlastnosti:<\/strong><\/p>\n<ul>\n<li>Bezprobl\u00e9mov\u00e1 integr\u00e1cia v\u010faka technol\u00f3gii Tree.<\/li>\n<li>\u0160irok\u00e1 \u0161k\u00e1la dizajnov.<\/li>\n<li>Individu\u00e1lna podpora pri pl\u00e1novan\u00ed osvetlenia.<\/li>\n<li>Z\u013eava na vzorky na vy\u017eiadanie.<\/li>\n<\/ul>\n<p><strong>Technick\u00e9 detaily:<\/strong><\/p>\n<ul>\n<li>Nap\u00e1janie 24 VDC.<\/li>\n<li>800\u20133000 K (Dim to Warm).<\/li>\n<li>Plug &amp; Play v\u010faka LED-Engine.<\/li>\n<li>Index podania farieb \u2265 90.<\/li>\n<li>R\u00f4zne typy ochrany IP.<\/li>\n<\/ul>\n","protected":false},"excerpt":{"rendered":"<p>Wever &amp; Ducr\u00e9 pon\u00faka viac ako <strong>200 \u0161t\u00fdlov\u00fdch svetiel<\/strong>, ktor\u00e9 mo\u017eno <strong>bezprobl\u00e9movo integrova\u0165 do syst\u00e9mu Loxone. <\/strong>Tieto belgick\u00e9 dizajnov\u00e9 svietidl\u00e1 nielen vytv\u00e1raj\u00fa pr\u00edjemn\u00e9 akcentn\u00e9 osvetlenie, ale taktie\u017e zais\u0165uj\u00fa <strong>plnohodnotn\u00e9 osvetlenie cel\u00e9ho priestoru<\/strong>. \u010ci u\u017e t\u00fa\u017eite po \u00fatulnej atmosf\u00e9re alebo potrebujete smerov\u00e9 svetlo pre svoj pracovn\u00fd k\u00fat, Wever &amp; Ducr\u00e9 dod\u00e1 ka\u017edej miestnosti jedine\u010dn\u00fd n\u00e1dych.<\/p>\n<p>&nbsp;<\/p>\n","protected":false},"featured_media":1055,"template":"","meta":[],"location":[],"product_brand":[],"product_cat":[15],"product_tag":[],"class_list":{"0":"post-1054","1":"product","2":"type-product","3":"status-publish","4":"has-post-thumbnail","6":"product_cat-uncategorized","8":"first","9":"instock","10":"sold-individually","11":"taxable","12":"shipping-taxable","13":"product-type-simple"},"locations":[],"_links":{"self":[{"href":"https:\/\/loxone.ctw.sk\/index.php\/wp-json\/wp\/v2\/product\/1054","targetHints":{"allow":["GET"]}}],"collection":[{"href":"https:\/\/loxone.ctw.sk\/index.php\/wp-json\/wp\/v2\/product"}],"about":[{"href":"https:\/\/loxone.ctw.sk\/index.php\/wp-json\/wp\/v2\/types\/product"}],"wp:featuredmedia":[{"embeddable":true,"href":"https:\/\/loxone.ctw.sk\/index.php\/wp-json\/wp\/v2\/media\/1055"}],"wp:attachment":[{"href":"https:\/\/loxone.ctw.sk\/index.php\/wp-json\/wp\/v2\/media?parent=1054"}],"wp:term":[{"taxonomy":"location","embeddable":true,"href":"https:\/\/loxone.ctw.sk\/index.php\/wp-json\/wp\/v2\/location?post=1054"},{"taxonomy":"product_brand","embeddable":true,"href":"https:\/\/loxone.ctw.sk\/index.php\/wp-json\/wp\/v2\/product_brand?post=1054"},{"taxonomy":"product_cat","embeddable":true,"href":"https:\/\/loxone.ctw.sk\/index.php\/wp-json\/wp\/v2\/product_cat?post=1054"},{"taxonomy":"product_tag","embeddable":true,"href":"https:\/\/loxone.ctw.sk\/index.php\/wp-json\/wp\/v2\/product_tag?post=1054"}],"curies":[{"name":"wp","href":"https:\/\/api.w.org\/{rel}","templated":true}]}}