{"id":1059,"date":"2026-01-09T10:33:36","date_gmt":"2026-01-09T09:33:36","guid":{"rendered":"https:\/\/shop.dohlad.info\/index.php\/product\/xal-beto-task\/"},"modified":"2026-02-10T00:52:50","modified_gmt":"2026-02-09T23:52:50","slug":"xal-beto-task","status":"publish","type":"product","link":"https:\/\/loxone.ctw.sk\/index.php\/product\/xal-beto-task\/","title":{"rendered":"XAL BETO &#038; TASK"},"content":{"rendered":"<p>Inovat\u00edvne rie\u0161enie <strong>optim\u00e1lne osvetl\u00ed pracovisko<\/strong> a je mo\u017en\u00e9 ho jednoducho integrova\u0165 do syst\u00e9mu automatiz\u00e1cie budov Loxone.<\/p>\n<p><strong>Vlastnosti:<\/strong><\/p>\n<ul>\n<li>Technol\u00f3gia Air: Bezprobl\u00e9mov\u00e1 a jednoduch\u00e1 integr\u00e1cia do automatiz\u00e1cie budov Loxone.<\/li>\n<li>Energetick\u00e1 efektivita: Zn\u00ed\u017eenie celkovej spotreby v\u010faka cielen\u00e9mu osvetleniu.<\/li>\n<li>Flexibilita: Jednoduch\u00e9 umiestnenie stojac\u00edch l\u00e1mp v\u010faka 230 pripojeniu \u2013 ide\u00e1lne pre r\u00f4zny typy miestnost\u00ed.<\/li>\n<li>D\u00f4raz na normy kvality: Sp\u013a\u0148a najvy\u0161\u0161ie po\u017eiadavky na cel\u00fd proces v\u00fdroby a v\u0161etky komponenty.<\/li>\n<li>Dizajn: Dokonal\u00e1 symbi\u00f3za funk\u010dnosti a dizajnu.<\/li>\n<\/ul>\n","protected":false},"excerpt":{"rendered":"<p>Inovat\u00edvne rie\u0161enie <strong>optim\u00e1lne osvetl\u00ed pracovisko<\/strong> a je mo\u017en\u00e9 ho jednoducho integrova\u0165 do syst\u00e9mu automatiz\u00e1cie budov Loxone.<\/p>\n<p>&nbsp;<\/p>\n","protected":false},"featured_media":1060,"template":"","meta":[],"location":[],"product_brand":[],"product_cat":[15],"product_tag":[],"class_list":{"0":"post-1059","1":"product","2":"type-product","3":"status-publish","4":"has-post-thumbnail","6":"product_cat-uncategorized","8":"first","9":"instock","10":"sold-individually","11":"taxable","12":"shipping-taxable","13":"product-type-simple"},"locations":[],"_links":{"self":[{"href":"https:\/\/loxone.ctw.sk\/index.php\/wp-json\/wp\/v2\/product\/1059","targetHints":{"allow":["GET"]}}],"collection":[{"href":"https:\/\/loxone.ctw.sk\/index.php\/wp-json\/wp\/v2\/product"}],"about":[{"href":"https:\/\/loxone.ctw.sk\/index.php\/wp-json\/wp\/v2\/types\/product"}],"wp:featuredmedia":[{"embeddable":true,"href":"https:\/\/loxone.ctw.sk\/index.php\/wp-json\/wp\/v2\/media\/1060"}],"wp:attachment":[{"href":"https:\/\/loxone.ctw.sk\/index.php\/wp-json\/wp\/v2\/media?parent=1059"}],"wp:term":[{"taxonomy":"location","embeddable":true,"href":"https:\/\/loxone.ctw.sk\/index.php\/wp-json\/wp\/v2\/location?post=1059"},{"taxonomy":"product_brand","embeddable":true,"href":"https:\/\/loxone.ctw.sk\/index.php\/wp-json\/wp\/v2\/product_brand?post=1059"},{"taxonomy":"product_cat","embeddable":true,"href":"https:\/\/loxone.ctw.sk\/index.php\/wp-json\/wp\/v2\/product_cat?post=1059"},{"taxonomy":"product_tag","embeddable":true,"href":"https:\/\/loxone.ctw.sk\/index.php\/wp-json\/wp\/v2\/product_tag?post=1059"}],"curies":[{"name":"wp","href":"https:\/\/api.w.org\/{rel}","templated":true}]}}