{"id":1063,"date":"2026-01-09T10:33:36","date_gmt":"2026-01-09T09:33:36","guid":{"rendered":"https:\/\/shop.dohlad.info\/index.php\/product\/prezentacna-zlozka\/"},"modified":"2026-02-08T14:41:45","modified_gmt":"2026-02-08T13:41:45","slug":"prezentacna-zlozka","status":"publish","type":"product","link":"https:\/\/loxone.ctw.sk\/index.php\/product\/prezentacna-zlozka\/","title":{"rendered":"Prezenta\u010dn\u00e1 zlo\u017eka"},"content":{"rendered":"<p>S prezenta\u010dn\u00fdmi zlo\u017ekami v dizajne Loxone si zorganizujete materi\u00e1ly pre v\u00e1s aj klientov.<\/p>\n<ul>\n<li>Pojme dokumenty form\u00e1tu DIN A4 alebo men\u0161ie<\/li>\n<li>Zah\u0155\u0148a slot na vizitky.<\/li>\n<li>So z\u00e1lo\u017ekami pre lep\u0161ie dr\u017eanie.<\/li>\n<li>Rozmery: 22 \u00d7 30,6 cm.<\/li>\n<\/ul>\n","protected":false},"excerpt":{"rendered":"<p>S prezenta\u010dn\u00fdmi zlo\u017ekami v dizajne Loxone si zorganizujete materi\u00e1ly pre v\u00e1s aj klientov.<\/p>\n","protected":false},"featured_media":1064,"template":"","meta":[],"location":[],"product_brand":[],"product_cat":[369],"product_tag":[],"class_list":{"0":"post-1063","1":"product","2":"type-product","3":"status-publish","4":"has-post-thumbnail","6":"product_cat-other","8":"first","9":"instock","10":"sold-individually","11":"taxable","12":"shipping-taxable","13":"purchasable","14":"product-type-simple"},"locations":[],"_links":{"self":[{"href":"https:\/\/loxone.ctw.sk\/index.php\/wp-json\/wp\/v2\/product\/1063","targetHints":{"allow":["GET"]}}],"collection":[{"href":"https:\/\/loxone.ctw.sk\/index.php\/wp-json\/wp\/v2\/product"}],"about":[{"href":"https:\/\/loxone.ctw.sk\/index.php\/wp-json\/wp\/v2\/types\/product"}],"wp:featuredmedia":[{"embeddable":true,"href":"https:\/\/loxone.ctw.sk\/index.php\/wp-json\/wp\/v2\/media\/1064"}],"wp:attachment":[{"href":"https:\/\/loxone.ctw.sk\/index.php\/wp-json\/wp\/v2\/media?parent=1063"}],"wp:term":[{"taxonomy":"location","embeddable":true,"href":"https:\/\/loxone.ctw.sk\/index.php\/wp-json\/wp\/v2\/location?post=1063"},{"taxonomy":"product_brand","embeddable":true,"href":"https:\/\/loxone.ctw.sk\/index.php\/wp-json\/wp\/v2\/product_brand?post=1063"},{"taxonomy":"product_cat","embeddable":true,"href":"https:\/\/loxone.ctw.sk\/index.php\/wp-json\/wp\/v2\/product_cat?post=1063"},{"taxonomy":"product_tag","embeddable":true,"href":"https:\/\/loxone.ctw.sk\/index.php\/wp-json\/wp\/v2\/product_tag?post=1063"}],"curies":[{"name":"wp","href":"https:\/\/api.w.org\/{rel}","templated":true}]}}