{"id":1068,"date":"2026-01-09T10:33:36","date_gmt":"2026-01-09T09:33:36","guid":{"rendered":"https:\/\/shop.dohlad.info\/index.php\/product\/led-spot-rgbw-pwm-biela-gen-1\/"},"modified":"2026-02-10T00:17:26","modified_gmt":"2026-02-09T23:17:26","slug":"led-spot-rgbw-pwm-biela-gen-1","status":"publish","type":"product","link":"https:\/\/loxone.ctw.sk\/index.php\/product\/led-spot-rgbw-pwm-biela-gen-1\/","title":{"rendered":"LED Spot RGBW PWM biela Gen. 1"},"content":{"rendered":"<p>Loxone LED Spot kombinuje <strong>dokonal\u00e9 svetlo, maxim\u00e1lnu energetick\u00fa \u00fa\u010dinnos\u0165, najvy\u0161\u0161iu kvalitu<\/strong> a<strong> jednoduch\u00fa in\u0161tal\u00e1ciu<\/strong> v jednom.<\/p>\n<p><strong>Technick\u00e9 detaily:<\/strong><\/p>\n<ul>\n<li>Teplota farieb: 3000 K (tepl\u00e1 biela).<\/li>\n<li>Sveteln\u00fd tok: 525 lm (tepl\u00e1 biela).<\/li>\n<li>Uhol sveteln\u00e9ho l\u00fa\u010da:\n<ul>\n<li>RGBW: 120 \u00b0.<\/li>\n<li>WW: 38\u00b0.<\/li>\n<\/ul>\n<\/li>\n<li>Rozmery produktu:\n<ul>\n<li>Vonkaj\u0161\u00ed priemer predn\u00e9ho kr\u00fa\u017eku: 86 mm (3,39&#8243;).<\/li>\n<li>H\u013abka in\u0161tal\u00e1cie: 40 mm (1,57&#8243;).<\/li>\n<li>Priemer otvoru: 68 \u2013 72 mm (2,68&#8230;2,83&#8243;).<\/li>\n<\/ul>\n<\/li>\n<\/ul>\n","protected":false},"excerpt":{"rendered":"<p>Loxone LED Spot kombinuje <strong>dokonal\u00e9 svetlo, maxim\u00e1lnu energetick\u00fa \u00fa\u010dinnos\u0165, najvy\u0161\u0161iu kvalitu<\/strong> a<strong> jednoduch\u00fa in\u0161tal\u00e1ciu<\/strong> v jednom.<\/p>\n<p>&nbsp;<\/p>\n","protected":false},"featured_media":1069,"template":"","meta":[],"location":[],"product_brand":[],"product_cat":[355],"product_tag":[],"class_list":{"0":"post-1068","1":"product","2":"type-product","3":"status-publish","4":"has-post-thumbnail","6":"product_cat-pwm","8":"first","9":"instock","10":"sold-individually","11":"taxable","12":"shipping-taxable","13":"purchasable","14":"product-type-simple"},"locations":[],"_links":{"self":[{"href":"https:\/\/loxone.ctw.sk\/index.php\/wp-json\/wp\/v2\/product\/1068","targetHints":{"allow":["GET"]}}],"collection":[{"href":"https:\/\/loxone.ctw.sk\/index.php\/wp-json\/wp\/v2\/product"}],"about":[{"href":"https:\/\/loxone.ctw.sk\/index.php\/wp-json\/wp\/v2\/types\/product"}],"wp:featuredmedia":[{"embeddable":true,"href":"https:\/\/loxone.ctw.sk\/index.php\/wp-json\/wp\/v2\/media\/1069"}],"wp:attachment":[{"href":"https:\/\/loxone.ctw.sk\/index.php\/wp-json\/wp\/v2\/media?parent=1068"}],"wp:term":[{"taxonomy":"location","embeddable":true,"href":"https:\/\/loxone.ctw.sk\/index.php\/wp-json\/wp\/v2\/location?post=1068"},{"taxonomy":"product_brand","embeddable":true,"href":"https:\/\/loxone.ctw.sk\/index.php\/wp-json\/wp\/v2\/product_brand?post=1068"},{"taxonomy":"product_cat","embeddable":true,"href":"https:\/\/loxone.ctw.sk\/index.php\/wp-json\/wp\/v2\/product_cat?post=1068"},{"taxonomy":"product_tag","embeddable":true,"href":"https:\/\/loxone.ctw.sk\/index.php\/wp-json\/wp\/v2\/product_tag?post=1068"}],"curies":[{"name":"wp","href":"https:\/\/api.w.org\/{rel}","templated":true}]}}