{"id":1074,"date":"2026-01-09T10:33:36","date_gmt":"2026-01-09T09:33:36","guid":{"rendered":"https:\/\/shop.dohlad.info\/index.php\/product\/touch-pure-flex-air-biela-wallbox-gen-1-s-ukoncenou-vyrobou\/"},"modified":"2026-02-09T00:15:03","modified_gmt":"2026-02-08T23:15:03","slug":"touch-pure-flex-air-biela-wallbox-gen-1-s-ukoncenou-vyrobou","status":"publish","type":"product","link":"https:\/\/loxone.ctw.sk\/index.php\/product\/touch-pure-flex-air-biela-wallbox-gen-1-s-ukoncenou-vyrobou\/","title":{"rendered":"Touch Pure Flex Air biela \u2013 Wallbox Gen. 1 \u2013 s ukon\u010denou v\u00fdrobou"},"content":{"rendered":"<p>Touch Pure Flex Air je va\u0161e 100% prisp\u00f4sobite\u013en\u00e9 ovl\u00e1dacie zariadenie s a\u017e <strong>12 vo\u013ene definovate\u013en\u00fdmi a polohovate\u013en\u00fdmi dotykov\u00fdmi bodmi<\/strong>. V\u010faka integrovan\u00e9mu maticov\u00e9mu<strong> LED displeju<\/strong> a <strong>3 stavov\u00fdch LED<\/strong> je mo\u017en\u00e9 zobrazova\u0165 ponuku, texty a stavy. V\u010faka <strong>integrovan\u00e9mu senzoru teploty a vlhkosti<\/strong> Touch Pure Flex sl\u00fa\u017ei aj ako senzor izbovej kl\u00edmy.<\/p>\n<p>V tejto verzii sa Touch Pure Flex dod\u00e1va s <strong>troma preddefinovan\u00fdmi re\u017eimami nab\u00edjania.\u00a0<\/strong>Je teda ide\u00e1lny pre <strong>jednoduch\u00e9<\/strong> a <strong>r\u00fdchle ovl\u00e1danie nab\u00edjania.<\/strong><\/p>\n<p><strong>Re\u017eimy nab\u00edjania:<\/strong><\/p>\n<ul>\n<li>Eco<\/li>\n<li>Comfort<\/li>\n<li>Full Power<\/li>\n<\/ul>\n","protected":false},"excerpt":{"rendered":"<p>Touch Pure Flex Air je va\u0161e 100% prisp\u00f4sobite\u013en\u00e9 ovl\u00e1dacie zariadenie s a\u017e <strong>12 vo\u013ene definovate\u013en\u00fdmi a polohovate\u013en\u00fdmi dotykov\u00fdmi bodmi<\/strong>. V\u010faka integrovan\u00e9mu maticov\u00e9mu<strong> LED displeju<\/strong> a <strong>3 stavov\u00fdch LED<\/strong> je mo\u017en\u00e9 zobrazova\u0165 ponuku, texty a stavy. V\u010faka <strong>integrovan\u00e9mu senzoru teploty a vlhkosti<\/strong> Touch Pure Flex sl\u00fa\u017ei aj ako senzor izbovej kl\u00edmy.<\/p>\n<p>&nbsp;<\/p>\n","protected":false},"featured_media":1075,"template":"","meta":[],"location":[],"product_brand":[],"product_cat":[393,358,337],"product_tag":[],"class_list":{"0":"post-1074","1":"product","2":"type-product","3":"status-publish","4":"has-post-thumbnail","6":"product_cat-air-energie","7":"product_cat-wallbox","8":"product_cat-air","10":"first","11":"instock","12":"sold-individually","13":"taxable","14":"shipping-taxable","15":"purchasable","16":"product-type-simple"},"locations":[],"_links":{"self":[{"href":"https:\/\/loxone.ctw.sk\/index.php\/wp-json\/wp\/v2\/product\/1074","targetHints":{"allow":["GET"]}}],"collection":[{"href":"https:\/\/loxone.ctw.sk\/index.php\/wp-json\/wp\/v2\/product"}],"about":[{"href":"https:\/\/loxone.ctw.sk\/index.php\/wp-json\/wp\/v2\/types\/product"}],"wp:featuredmedia":[{"embeddable":true,"href":"https:\/\/loxone.ctw.sk\/index.php\/wp-json\/wp\/v2\/media\/1075"}],"wp:attachment":[{"href":"https:\/\/loxone.ctw.sk\/index.php\/wp-json\/wp\/v2\/media?parent=1074"}],"wp:term":[{"taxonomy":"location","embeddable":true,"href":"https:\/\/loxone.ctw.sk\/index.php\/wp-json\/wp\/v2\/location?post=1074"},{"taxonomy":"product_brand","embeddable":true,"href":"https:\/\/loxone.ctw.sk\/index.php\/wp-json\/wp\/v2\/product_brand?post=1074"},{"taxonomy":"product_cat","embeddable":true,"href":"https:\/\/loxone.ctw.sk\/index.php\/wp-json\/wp\/v2\/product_cat?post=1074"},{"taxonomy":"product_tag","embeddable":true,"href":"https:\/\/loxone.ctw.sk\/index.php\/wp-json\/wp\/v2\/product_tag?post=1074"}],"curies":[{"name":"wp","href":"https:\/\/api.w.org\/{rel}","templated":true}]}}