{"id":1097,"date":"2026-01-09T10:33:36","date_gmt":"2026-01-09T09:33:36","guid":{"rendered":"https:\/\/shop.dohlad.info\/index.php\/product\/loxone-svorky-24v-pre-nfc-flex-intercom-25-kusov\/"},"modified":"2026-01-09T10:34:02","modified_gmt":"2026-01-09T09:34:02","slug":"loxone-svorky-24v-pre-nfc-flex-intercom-25-kusov","status":"publish","type":"product","link":"https:\/\/loxone.ctw.sk\/index.php\/product\/loxone-svorky-24v-pre-nfc-flex-intercom-25-kusov\/","title":{"rendered":"Loxone svorky 24V pre NFC\/Flex\/Intercom (25 kusov)"},"content":{"rendered":"<p>N\u00e1hradn\u00e9 svorky pre Loxone Tree s technol\u00f3giou <strong>PUSH IN<\/strong> a pripojen\u00edm 2\u00d72 vodi\u010dov. Balenie obsahuje 25 kusov.<\/p>\n<p><strong>Technick\u00e9 detaily:<\/strong><\/p>\n<ul>\n<li>Pripojenie 2\u00d72 k\u00e1blov.<\/li>\n<li>Menovit\u00e9 nap\u00e4tie\/pr\u00fad: 150 V \/ 7 A.<\/li>\n<li>Prep\u00e4tie: AC 1300 V \/ 1 min.<\/li>\n<li>Prierez vodi\u010da: 0,25-0,8 mm\u00b2 \/ AWG 23-18.<\/li>\n<li>D\u013a\u017eka odizolovania: 5 mm \/ 0,2&#34;.<\/li>\n<li>Teplotn\u00e1 odolnos\u0165: -40-105 \u00b0C \/ -40-221 \u00b0F.<\/li>\n<\/ul>\n","protected":false},"excerpt":{"rendered":"<p>N\u00e1hradn\u00e9 svorky pre Loxone Tree s technol\u00f3giou <strong>PUSH IN<\/strong> a pripojen\u00edm 2\u00d72 vodi\u010dov. Balenie obsahuje 25 kusov.<\/p>\n<p><strong>Technick\u00e9 detaily:<\/strong><\/p>\n<ul>\n<li>Pripojenie 2\u00d72 k\u00e1blov.<\/li>\n<li>Menovit\u00e9 nap\u00e4tie\/pr\u00fad: 150 V \/ 7 A.<\/li>\n<li>Prep\u00e4tie: AC 1300 V \/ 1 min.<\/li>\n<li>Prierez vodi\u010da: 0,25-0,8 mm\u00b2 \/ AWG 23-18.<\/li>\n<li>D\u013a\u017eka odizolovania: 5 mm \/ 0,2&#34;.<\/li>\n<li>Teplotn\u00e1 odolnos\u0165: -40-105 \u00b0C \/ -40-221 \u00b0F.<\/li>\n<\/ul>\n","protected":false},"featured_media":1098,"template":"","meta":[],"location":[],"product_brand":[],"product_cat":[360],"product_tag":[],"class_list":{"0":"post-1097","1":"product","2":"type-product","3":"status-publish","4":"has-post-thumbnail","6":"product_cat-nahradne-diely","8":"first","9":"instock","10":"sold-individually","11":"taxable","12":"shipping-taxable","13":"purchasable","14":"product-type-simple"},"locations":[],"_links":{"self":[{"href":"https:\/\/loxone.ctw.sk\/index.php\/wp-json\/wp\/v2\/product\/1097","targetHints":{"allow":["GET"]}}],"collection":[{"href":"https:\/\/loxone.ctw.sk\/index.php\/wp-json\/wp\/v2\/product"}],"about":[{"href":"https:\/\/loxone.ctw.sk\/index.php\/wp-json\/wp\/v2\/types\/product"}],"wp:featuredmedia":[{"embeddable":true,"href":"https:\/\/loxone.ctw.sk\/index.php\/wp-json\/wp\/v2\/media\/1098"}],"wp:attachment":[{"href":"https:\/\/loxone.ctw.sk\/index.php\/wp-json\/wp\/v2\/media?parent=1097"}],"wp:term":[{"taxonomy":"location","embeddable":true,"href":"https:\/\/loxone.ctw.sk\/index.php\/wp-json\/wp\/v2\/location?post=1097"},{"taxonomy":"product_brand","embeddable":true,"href":"https:\/\/loxone.ctw.sk\/index.php\/wp-json\/wp\/v2\/product_brand?post=1097"},{"taxonomy":"product_cat","embeddable":true,"href":"https:\/\/loxone.ctw.sk\/index.php\/wp-json\/wp\/v2\/product_cat?post=1097"},{"taxonomy":"product_tag","embeddable":true,"href":"https:\/\/loxone.ctw.sk\/index.php\/wp-json\/wp\/v2\/product_tag?post=1097"}],"curies":[{"name":"wp","href":"https:\/\/api.w.org\/{rel}","templated":true}]}}