{"id":1101,"date":"2026-01-09T10:33:36","date_gmt":"2026-01-09T09:33:36","guid":{"rendered":"https:\/\/shop.dohlad.info\/index.php\/product\/pripajaci-kabel-daikin-p1-p2-mhi-ac-control-air\/"},"modified":"2026-01-09T10:34:06","modified_gmt":"2026-01-09T09:34:06","slug":"pripajaci-kabel-daikin-p1-p2-mhi-ac-control-air","status":"publish","type":"product","link":"https:\/\/loxone.ctw.sk\/index.php\/product\/pripajaci-kabel-daikin-p1-p2-mhi-ac-control-air\/","title":{"rendered":"Prip\u00e1jac\u00ed k\u00e1bel Daikin P1\/ P2\/ MHI AC Control Air"},"content":{"rendered":"<p>N\u00e1hradn\u00fd pripojovac\u00ed k\u00e1bel Daikin P1\/ P2\/ MHI.<\/p>\n<\/p>\n<p>Vhodn\u00fd pre:<\/p>\n<ul>\n<li><a href=\"https:\/\/shop.loxone.com\/sksk\/product\/100559-ac-control-air-for-daikin-p1p2\" rel=\"noopener noreferrer\" target=\"_blank\">AC Control Air for Daikin P1\/P2<\/a><\/li>\n<li><a href=\"https:\/\/shop.loxone.com\/sksk\/product\/100558-ac-control-air-for-mitsubishi-heavy-industries\" rel=\"noopener noreferrer\" target=\"_blank\">AC Control Air for Mitsubishi Heavy Industries<\/a><\/li>\n<\/ul><\/p>\n","protected":false},"excerpt":{"rendered":"<p>N\u00e1hradn\u00fd pripojovac\u00ed k\u00e1bel Daikin P1\/ P2\/ MHI.<\/p>\n<\/p>\n<p>Vhodn\u00fd pre:<\/p>\n<ul>\n<li><a href=\"https:\/\/shop.loxone.com\/sksk\/product\/100559-ac-control-air-for-daikin-p1p2\" rel=\"noopener noreferrer\" target=\"_blank\">AC Control Air for Daikin P1\/P2<\/a><\/li>\n<li><a href=\"https:\/\/shop.loxone.com\/sksk\/product\/100558-ac-control-air-for-mitsubishi-heavy-industries\" rel=\"noopener noreferrer\" target=\"_blank\">AC Control Air for Mitsubishi Heavy Industries<\/a><\/li>\n<\/ul><\/p>\n","protected":false},"featured_media":1102,"template":"","meta":[],"location":[],"product_brand":[],"product_cat":[360],"product_tag":[],"class_list":{"0":"post-1101","1":"product","2":"type-product","3":"status-publish","4":"has-post-thumbnail","6":"product_cat-nahradne-diely","8":"first","9":"instock","10":"sold-individually","11":"taxable","12":"shipping-taxable","13":"purchasable","14":"product-type-simple"},"locations":[],"_links":{"self":[{"href":"https:\/\/loxone.ctw.sk\/index.php\/wp-json\/wp\/v2\/product\/1101","targetHints":{"allow":["GET"]}}],"collection":[{"href":"https:\/\/loxone.ctw.sk\/index.php\/wp-json\/wp\/v2\/product"}],"about":[{"href":"https:\/\/loxone.ctw.sk\/index.php\/wp-json\/wp\/v2\/types\/product"}],"wp:featuredmedia":[{"embeddable":true,"href":"https:\/\/loxone.ctw.sk\/index.php\/wp-json\/wp\/v2\/media\/1102"}],"wp:attachment":[{"href":"https:\/\/loxone.ctw.sk\/index.php\/wp-json\/wp\/v2\/media?parent=1101"}],"wp:term":[{"taxonomy":"location","embeddable":true,"href":"https:\/\/loxone.ctw.sk\/index.php\/wp-json\/wp\/v2\/location?post=1101"},{"taxonomy":"product_brand","embeddable":true,"href":"https:\/\/loxone.ctw.sk\/index.php\/wp-json\/wp\/v2\/product_brand?post=1101"},{"taxonomy":"product_cat","embeddable":true,"href":"https:\/\/loxone.ctw.sk\/index.php\/wp-json\/wp\/v2\/product_cat?post=1101"},{"taxonomy":"product_tag","embeddable":true,"href":"https:\/\/loxone.ctw.sk\/index.php\/wp-json\/wp\/v2\/product_tag?post=1101"}],"curies":[{"name":"wp","href":"https:\/\/api.w.org\/{rel}","templated":true}]}}