{"id":1110,"date":"2026-01-09T10:34:09","date_gmt":"2026-01-09T09:34:09","guid":{"rendered":"https:\/\/shop.dohlad.info\/index.php\/product\/pripajaci-kabel-fujitsu-ac-control-air\/"},"modified":"2026-01-09T10:34:13","modified_gmt":"2026-01-09T09:34:13","slug":"pripajaci-kabel-fujitsu-ac-control-air","status":"publish","type":"product","link":"https:\/\/loxone.ctw.sk\/index.php\/product\/pripajaci-kabel-fujitsu-ac-control-air\/","title":{"rendered":"Prip\u00e1jac\u00ed k\u00e1bel Fujitsu AC Control Air"},"content":{"rendered":"<p>N\u00e1hradn\u00fd pripojovac\u00ed k\u00e1bel Fujitsu Lin pre<a href=\"https:\/\/shop.loxone.com\/sksk\/product\/100557-ac-control-air-for-fujitsu\" rel=\"noopener noreferrer\" target=\"_blank\"> <\/a><a href=\"https:\/\/shop.loxone.com\/sksk\/product\/100557-ac-control-air-for-fujitsu\" rel=\"noopener noreferrer\" target=\"_blank\">AC Control Air for Fujits<\/a><a href=\"https:\/\/shop.loxone.com\/product\/100557-ac-control-air-for-fujitsu\" rel=\"noopener noreferrer\" target=\"_blank\">u<\/a><span style=\"background-color: rgb(255, 255, 255); color: rgb(64, 64, 64);\">.<\/span><\/p>\n","protected":false},"excerpt":{"rendered":"<p>N\u00e1hradn\u00fd pripojovac\u00ed k\u00e1bel Fujitsu Lin pre<a href=\"https:\/\/shop.loxone.com\/sksk\/product\/100557-ac-control-air-for-fujitsu\" rel=\"noopener noreferrer\" target=\"_blank\"> <\/a><a href=\"https:\/\/shop.loxone.com\/sksk\/product\/100557-ac-control-air-for-fujitsu\" rel=\"noopener noreferrer\" target=\"_blank\">AC Control Air for Fujits<\/a><a href=\"https:\/\/shop.loxone.com\/product\/100557-ac-control-air-for-fujitsu\" rel=\"noopener noreferrer\" target=\"_blank\">u<\/a><span style=\"background-color: rgb(255, 255, 255); color: rgb(64, 64, 64);\">.<\/span><\/p>\n","protected":false},"featured_media":1111,"template":"","meta":[],"location":[],"product_brand":[],"product_cat":[360],"product_tag":[],"class_list":{"0":"post-1110","1":"product","2":"type-product","3":"status-publish","4":"has-post-thumbnail","6":"product_cat-nahradne-diely","8":"first","9":"instock","10":"sold-individually","11":"taxable","12":"shipping-taxable","13":"purchasable","14":"product-type-simple"},"locations":[],"_links":{"self":[{"href":"https:\/\/loxone.ctw.sk\/index.php\/wp-json\/wp\/v2\/product\/1110","targetHints":{"allow":["GET"]}}],"collection":[{"href":"https:\/\/loxone.ctw.sk\/index.php\/wp-json\/wp\/v2\/product"}],"about":[{"href":"https:\/\/loxone.ctw.sk\/index.php\/wp-json\/wp\/v2\/types\/product"}],"wp:featuredmedia":[{"embeddable":true,"href":"https:\/\/loxone.ctw.sk\/index.php\/wp-json\/wp\/v2\/media\/1111"}],"wp:attachment":[{"href":"https:\/\/loxone.ctw.sk\/index.php\/wp-json\/wp\/v2\/media?parent=1110"}],"wp:term":[{"taxonomy":"location","embeddable":true,"href":"https:\/\/loxone.ctw.sk\/index.php\/wp-json\/wp\/v2\/location?post=1110"},{"taxonomy":"product_brand","embeddable":true,"href":"https:\/\/loxone.ctw.sk\/index.php\/wp-json\/wp\/v2\/product_brand?post=1110"},{"taxonomy":"product_cat","embeddable":true,"href":"https:\/\/loxone.ctw.sk\/index.php\/wp-json\/wp\/v2\/product_cat?post=1110"},{"taxonomy":"product_tag","embeddable":true,"href":"https:\/\/loxone.ctw.sk\/index.php\/wp-json\/wp\/v2\/product_tag?post=1110"}],"curies":[{"name":"wp","href":"https:\/\/api.w.org\/{rel}","templated":true}]}}