{"id":1113,"date":"2026-01-09T10:34:09","date_gmt":"2026-01-09T09:34:09","guid":{"rendered":"https:\/\/shop.dohlad.info\/index.php\/product\/pripajaci-kabel-mitsubishi-e-ac-control-air\/"},"modified":"2026-01-09T10:34:15","modified_gmt":"2026-01-09T09:34:15","slug":"pripajaci-kabel-mitsubishi-e-ac-control-air","status":"publish","type":"product","link":"https:\/\/loxone.ctw.sk\/index.php\/product\/pripajaci-kabel-mitsubishi-e-ac-control-air\/","title":{"rendered":"Prip\u00e1jac\u00ed k\u00e1bel Mitsubishi E AC Control Air"},"content":{"rendered":"<p>N\u00e1hradn\u00fd prip\u00e1jac\u00ed k\u00e1bel Mitsubishi E pre <a href=\"https:\/\/shop.loxone.com\/sksk\/product\/100555-ac-control-air-for-mitsubishi-electric\" rel=\"noopener noreferrer\" target=\"_blank\">AC Control Air for Mitsubishi Electric<\/a>.<\/p><\/p>\n","protected":false},"excerpt":{"rendered":"<p>N\u00e1hradn\u00fd prip\u00e1jac\u00ed k\u00e1bel Mitsubishi E pre <a href=\"https:\/\/shop.loxone.com\/sksk\/product\/100555-ac-control-air-for-mitsubishi-electric\" rel=\"noopener noreferrer\" target=\"_blank\">AC Control Air for Mitsubishi Electric<\/a>.<\/p><\/p>\n","protected":false},"featured_media":1114,"template":"","meta":[],"location":[],"product_brand":[],"product_cat":[360],"product_tag":[],"class_list":{"0":"post-1113","1":"product","2":"type-product","3":"status-publish","4":"has-post-thumbnail","6":"product_cat-nahradne-diely","8":"first","9":"instock","10":"sold-individually","11":"taxable","12":"shipping-taxable","13":"purchasable","14":"product-type-simple"},"locations":[],"_links":{"self":[{"href":"https:\/\/loxone.ctw.sk\/index.php\/wp-json\/wp\/v2\/product\/1113","targetHints":{"allow":["GET"]}}],"collection":[{"href":"https:\/\/loxone.ctw.sk\/index.php\/wp-json\/wp\/v2\/product"}],"about":[{"href":"https:\/\/loxone.ctw.sk\/index.php\/wp-json\/wp\/v2\/types\/product"}],"wp:featuredmedia":[{"embeddable":true,"href":"https:\/\/loxone.ctw.sk\/index.php\/wp-json\/wp\/v2\/media\/1114"}],"wp:attachment":[{"href":"https:\/\/loxone.ctw.sk\/index.php\/wp-json\/wp\/v2\/media?parent=1113"}],"wp:term":[{"taxonomy":"location","embeddable":true,"href":"https:\/\/loxone.ctw.sk\/index.php\/wp-json\/wp\/v2\/location?post=1113"},{"taxonomy":"product_brand","embeddable":true,"href":"https:\/\/loxone.ctw.sk\/index.php\/wp-json\/wp\/v2\/product_brand?post=1113"},{"taxonomy":"product_cat","embeddable":true,"href":"https:\/\/loxone.ctw.sk\/index.php\/wp-json\/wp\/v2\/product_cat?post=1113"},{"taxonomy":"product_tag","embeddable":true,"href":"https:\/\/loxone.ctw.sk\/index.php\/wp-json\/wp\/v2\/product_tag?post=1113"}],"curies":[{"name":"wp","href":"https:\/\/api.w.org\/{rel}","templated":true}]}}