{"id":1128,"date":"2026-01-09T10:34:09","date_gmt":"2026-01-09T09:34:09","guid":{"rendered":"https:\/\/shop.dohlad.info\/index.php\/product\/dmx-extension\/"},"modified":"2026-02-09T00:20:14","modified_gmt":"2026-02-08T23:20:14","slug":"dmx-extension","status":"publish","type":"product","link":"https:\/\/loxone.ctw.sk\/index.php\/product\/dmx-extension\/","title":{"rendered":"DMX Extension"},"content":{"rendered":"<p>Loxone DMX Extension umo\u017e\u0148uje integr\u00e1ciu zariaden\u00ed s <strong>rozhran\u00edm DMX.<\/strong><\/p>\n<p><strong>\u00a0Funkcie:<\/strong><\/p>\n<ul>\n<li>DMX: Ovl\u00e1danie a\u017e 128 zariaden\u00ed \/ 512 kan\u00e1lov.<\/li>\n<li>Protokol: DMX512.<\/li>\n<li>Ide\u00e1lne v kombin\u00e1cii s LED p\u00e1sikmi na vytv\u00e1ranie farebn\u00fdch sveteln\u00fdch n\u00e1lad.<\/li>\n<\/ul>\n","protected":false},"excerpt":{"rendered":"<p>Loxone DMX Extension umo\u017e\u0148uje integr\u00e1ciu zariaden\u00ed s <strong>rozhran\u00edm DMX.<\/strong><\/p>\n<p>&nbsp;<\/p>\n","protected":false},"featured_media":1864,"template":"","meta":[],"location":[],"product_brand":[],"product_cat":[365,366,367],"product_tag":[],"class_list":{"0":"post-1128","1":"product","2":"type-product","3":"status-publish","4":"has-post-thumbnail","6":"product_cat-link","7":"product_cat-2-deliace-jednotky","8":"product_cat-dimmer","10":"first","11":"instock","12":"sold-individually","13":"taxable","14":"shipping-taxable","15":"purchasable","16":"product-type-simple"},"locations":[],"_links":{"self":[{"href":"https:\/\/loxone.ctw.sk\/index.php\/wp-json\/wp\/v2\/product\/1128","targetHints":{"allow":["GET"]}}],"collection":[{"href":"https:\/\/loxone.ctw.sk\/index.php\/wp-json\/wp\/v2\/product"}],"about":[{"href":"https:\/\/loxone.ctw.sk\/index.php\/wp-json\/wp\/v2\/types\/product"}],"wp:featuredmedia":[{"embeddable":true,"href":"https:\/\/loxone.ctw.sk\/index.php\/wp-json\/wp\/v2\/media\/1864"}],"wp:attachment":[{"href":"https:\/\/loxone.ctw.sk\/index.php\/wp-json\/wp\/v2\/media?parent=1128"}],"wp:term":[{"taxonomy":"location","embeddable":true,"href":"https:\/\/loxone.ctw.sk\/index.php\/wp-json\/wp\/v2\/location?post=1128"},{"taxonomy":"product_brand","embeddable":true,"href":"https:\/\/loxone.ctw.sk\/index.php\/wp-json\/wp\/v2\/product_brand?post=1128"},{"taxonomy":"product_cat","embeddable":true,"href":"https:\/\/loxone.ctw.sk\/index.php\/wp-json\/wp\/v2\/product_cat?post=1128"},{"taxonomy":"product_tag","embeddable":true,"href":"https:\/\/loxone.ctw.sk\/index.php\/wp-json\/wp\/v2\/product_tag?post=1128"}],"curies":[{"name":"wp","href":"https:\/\/api.w.org\/{rel}","templated":true}]}}