{"id":1132,"date":"2026-01-09T10:34:09","date_gmt":"2026-01-09T09:34:09","guid":{"rendered":"https:\/\/shop.dohlad.info\/index.php\/product\/rs232-extension\/"},"modified":"2026-02-09T00:20:01","modified_gmt":"2026-02-08T23:20:01","slug":"rs232-extension","status":"publish","type":"product","link":"https:\/\/loxone.ctw.sk\/index.php\/product\/rs232-extension\/","title":{"rendered":"RS232 Extension"},"content":{"rendered":"<p>RS232 Extension v\u00e1m umo\u017e\u0148uje ovl\u00e1da\u0165 mnoho zariaden\u00ed s<strong> rozhran\u00edm RS232<\/strong>, ako s\u00fa audio syst\u00e9my, telef\u00f3n, k\u00farenie a mnoho \u010fal\u0161\u00edch.<\/p>\n<p><strong>Vlastnosti:<\/strong><\/p>\n<ul>\n<li>Pre integr\u00e1ciu zariadenia RS232.<\/li>\n<li>Nastavite\u013en\u00e1 prenosov\u00e1 r\u00fdchlos\u0165 a parita.<\/li>\n<\/ul>\n","protected":false},"excerpt":{"rendered":"<p>RS232 Extension v\u00e1m umo\u017e\u0148uje ovl\u00e1da\u0165 mnoho zariaden\u00ed s<strong> rozhran\u00edm RS232<\/strong>, ako s\u00fa audio syst\u00e9my, telef\u00f3n, k\u00farenie a mnoho \u010fal\u0161\u00edch.<\/p>\n<p>&nbsp;<\/p>\n","protected":false},"featured_media":1865,"template":"","meta":[],"location":[],"product_brand":[],"product_cat":[365,366,339,348,380],"product_tag":[],"class_list":{"0":"post-1132","1":"product","2":"type-product","3":"status-publish","4":"has-post-thumbnail","6":"product_cat-link","7":"product_cat-2-deliace-jednotky","8":"product_cat-elektromer","9":"product_cat-klima","10":"product_cat-link-klima-tienenie","12":"first","13":"instock","14":"sold-individually","15":"taxable","16":"shipping-taxable","17":"purchasable","18":"product-type-simple"},"locations":[],"_links":{"self":[{"href":"https:\/\/loxone.ctw.sk\/index.php\/wp-json\/wp\/v2\/product\/1132","targetHints":{"allow":["GET"]}}],"collection":[{"href":"https:\/\/loxone.ctw.sk\/index.php\/wp-json\/wp\/v2\/product"}],"about":[{"href":"https:\/\/loxone.ctw.sk\/index.php\/wp-json\/wp\/v2\/types\/product"}],"wp:featuredmedia":[{"embeddable":true,"href":"https:\/\/loxone.ctw.sk\/index.php\/wp-json\/wp\/v2\/media\/1865"}],"wp:attachment":[{"href":"https:\/\/loxone.ctw.sk\/index.php\/wp-json\/wp\/v2\/media?parent=1132"}],"wp:term":[{"taxonomy":"location","embeddable":true,"href":"https:\/\/loxone.ctw.sk\/index.php\/wp-json\/wp\/v2\/location?post=1132"},{"taxonomy":"product_brand","embeddable":true,"href":"https:\/\/loxone.ctw.sk\/index.php\/wp-json\/wp\/v2\/product_brand?post=1132"},{"taxonomy":"product_cat","embeddable":true,"href":"https:\/\/loxone.ctw.sk\/index.php\/wp-json\/wp\/v2\/product_cat?post=1132"},{"taxonomy":"product_tag","embeddable":true,"href":"https:\/\/loxone.ctw.sk\/index.php\/wp-json\/wp\/v2\/product_tag?post=1132"}],"curies":[{"name":"wp","href":"https:\/\/api.w.org\/{rel}","templated":true}]}}