{"id":1136,"date":"2026-01-09T10:34:09","date_gmt":"2026-01-09T09:34:09","guid":{"rendered":"https:\/\/shop.dohlad.info\/index.php\/product\/enocean-extension\/"},"modified":"2026-02-09T00:19:15","modified_gmt":"2026-02-08T23:19:15","slug":"enocean-extension","status":"publish","type":"product","link":"https:\/\/loxone.ctw.sk\/index.php\/product\/enocean-extension\/","title":{"rendered":"EnOcean Extension"},"content":{"rendered":"<p>Loxone EnOcean Extension umo\u017e\u0148uje integr\u00e1ciu zariaden\u00ed s<strong> bezdr\u00f4tov\u00fdm rozhran\u00edm EnOcean.<\/strong><\/p>\n<p><strong>Vlastnosti:<\/strong><\/p>\n<ul>\n<li>Pripojenie a\u017e 128 zariaden\u00ed EnOcean.<\/li>\n<li>Frekvencia: 868 MHz.<\/li>\n<li>Ide\u00e1lne pre u\u017e hotov\u00e9 stavby a ich moderniz\u00e1ciu.<\/li>\n<\/ul>\n","protected":false},"excerpt":{"rendered":"<p>Loxone EnOcean Extension umo\u017e\u0148uje integr\u00e1ciu zariaden\u00ed s<strong> bezdr\u00f4tov\u00fdm rozhran\u00edm EnOcean.<\/strong><\/p>\n<p>&nbsp;<\/p>\n","protected":false},"featured_media":1866,"template":"","meta":[],"location":[],"product_brand":[],"product_cat":[365,366],"product_tag":[],"class_list":{"0":"post-1136","1":"product","2":"type-product","3":"status-publish","4":"has-post-thumbnail","6":"product_cat-link","7":"product_cat-2-deliace-jednotky","9":"first","10":"instock","11":"sold-individually","12":"taxable","13":"shipping-taxable","14":"purchasable","15":"product-type-simple"},"locations":[],"_links":{"self":[{"href":"https:\/\/loxone.ctw.sk\/index.php\/wp-json\/wp\/v2\/product\/1136","targetHints":{"allow":["GET"]}}],"collection":[{"href":"https:\/\/loxone.ctw.sk\/index.php\/wp-json\/wp\/v2\/product"}],"about":[{"href":"https:\/\/loxone.ctw.sk\/index.php\/wp-json\/wp\/v2\/types\/product"}],"wp:featuredmedia":[{"embeddable":true,"href":"https:\/\/loxone.ctw.sk\/index.php\/wp-json\/wp\/v2\/media\/1866"}],"wp:attachment":[{"href":"https:\/\/loxone.ctw.sk\/index.php\/wp-json\/wp\/v2\/media?parent=1136"}],"wp:term":[{"taxonomy":"location","embeddable":true,"href":"https:\/\/loxone.ctw.sk\/index.php\/wp-json\/wp\/v2\/location?post=1136"},{"taxonomy":"product_brand","embeddable":true,"href":"https:\/\/loxone.ctw.sk\/index.php\/wp-json\/wp\/v2\/product_brand?post=1136"},{"taxonomy":"product_cat","embeddable":true,"href":"https:\/\/loxone.ctw.sk\/index.php\/wp-json\/wp\/v2\/product_cat?post=1136"},{"taxonomy":"product_tag","embeddable":true,"href":"https:\/\/loxone.ctw.sk\/index.php\/wp-json\/wp\/v2\/product_tag?post=1136"}],"curies":[{"name":"wp","href":"https:\/\/api.w.org\/{rel}","templated":true}]}}