{"id":1140,"date":"2026-01-09T10:34:09","date_gmt":"2026-01-09T09:34:09","guid":{"rendered":"https:\/\/shop.dohlad.info\/index.php\/product\/weather-service-1-rok\/"},"modified":"2026-02-08T14:31:25","modified_gmt":"2026-02-08T13:31:25","slug":"weather-service-1-rok","status":"publish","type":"product","link":"https:\/\/loxone.ctw.sk\/index.php\/product\/weather-service-1-rok\/","title":{"rendered":"Weather Service 1 rok"},"content":{"rendered":"<p>Loxone Weather Service zais\u0165uje <strong>d\u00e1ta o po\u010das\u00ed<\/strong> a jeho predpove\u010f priamo pre polohu v\u00e1\u0161ho Miniservera.<\/p>\n<p><strong>Vlastnosti:<\/strong><\/p>\n<ul>\n<li>Ide\u00e1lne pre automatick\u00e9 tienenie, regul\u00e1ciu teploty, <a href=\"https:\/\/www.loxone.com\/sksk\/produkty\/automaticke-zavlazovanie\/\" target=\"_blank\" rel=\"noopener noreferrer\">zavla\u017eovanie z\u00e1hrady<\/a> a \u010fal\u0161ie funkcie.<\/li>\n<li>Aktu\u00e1lne \u00fadaje o po\u010das\u00ed a predpovedi sa aktualizuj\u00fa ka\u017ed\u00fa hodinu a je mo\u017en\u00e9 ich kedyko\u013evek zobrazi\u0165 v aplik\u00e1cii Loxone.<\/li>\n<\/ul>\n","protected":false},"excerpt":{"rendered":"<p>Loxone Weather Service zais\u0165uje <strong>d\u00e1ta o po\u010das\u00ed<\/strong> a jeho predpove\u010f priamo pre polohu v\u00e1\u0161ho Miniservera.<\/p>\n","protected":false},"featured_media":1141,"template":"","meta":[],"location":[],"product_brand":[],"product_cat":[363],"product_tag":[],"class_list":{"0":"post-1140","1":"product","2":"type-product","3":"status-publish","4":"has-post-thumbnail","6":"product_cat-cloudove-sluzby","8":"first","9":"instock","10":"sold-individually","11":"taxable","12":"shipping-taxable","13":"purchasable","14":"product-type-simple"},"locations":[],"_links":{"self":[{"href":"https:\/\/loxone.ctw.sk\/index.php\/wp-json\/wp\/v2\/product\/1140","targetHints":{"allow":["GET"]}}],"collection":[{"href":"https:\/\/loxone.ctw.sk\/index.php\/wp-json\/wp\/v2\/product"}],"about":[{"href":"https:\/\/loxone.ctw.sk\/index.php\/wp-json\/wp\/v2\/types\/product"}],"wp:featuredmedia":[{"embeddable":true,"href":"https:\/\/loxone.ctw.sk\/index.php\/wp-json\/wp\/v2\/media\/1141"}],"wp:attachment":[{"href":"https:\/\/loxone.ctw.sk\/index.php\/wp-json\/wp\/v2\/media?parent=1140"}],"wp:term":[{"taxonomy":"location","embeddable":true,"href":"https:\/\/loxone.ctw.sk\/index.php\/wp-json\/wp\/v2\/location?post=1140"},{"taxonomy":"product_brand","embeddable":true,"href":"https:\/\/loxone.ctw.sk\/index.php\/wp-json\/wp\/v2\/product_brand?post=1140"},{"taxonomy":"product_cat","embeddable":true,"href":"https:\/\/loxone.ctw.sk\/index.php\/wp-json\/wp\/v2\/product_cat?post=1140"},{"taxonomy":"product_tag","embeddable":true,"href":"https:\/\/loxone.ctw.sk\/index.php\/wp-json\/wp\/v2\/product_tag?post=1140"}],"curies":[{"name":"wp","href":"https:\/\/api.w.org\/{rel}","templated":true}]}}