{"id":1144,"date":"2026-01-09T10:34:09","date_gmt":"2026-01-09T09:34:09","guid":{"rendered":"https:\/\/shop.dohlad.info\/index.php\/product\/dimmer-extension\/"},"modified":"2026-02-09T00:19:49","modified_gmt":"2026-02-08T23:19:49","slug":"dimmer-extension","status":"publish","type":"product","link":"https:\/\/loxone.ctw.sk\/index.php\/product\/dimmer-extension\/","title":{"rendered":"Dimmer Extension"},"content":{"rendered":"<p>Loxone Dimmer Extension poskytuje <strong>4 v\u00fdstupy<\/strong> na stmievanie<strong> vysokonap\u00e4\u0165ov\u00fdch svietidiel.<\/strong><\/p>\n<p><strong>\u00a0Funkcie:<\/strong><\/p>\n<ul>\n<li>4 stmievate\u013en\u00e9 v\u00fdstupy.<\/li>\n<li>8 digit\u00e1lnych vstupov.<\/li>\n<li>Univerz\u00e1lne pou\u017eite\u013en\u00e9 pre odporov\u00e9, indukt\u00edvne a kapacitn\u00e9 z\u00e1\u0165a\u017ee.<\/li>\n<\/ul>\n","protected":false},"excerpt":{"rendered":"<p>Loxone Dimmer Extension poskytuje <strong>4 v\u00fdstupy<\/strong> na stmievanie<strong> vysokonap\u00e4\u0165ov\u00fdch svietidiel.<\/strong><\/p>\n<p>&nbsp;<\/p>\n","protected":false},"featured_media":1867,"template":"","meta":[],"location":[],"product_brand":[],"product_cat":[365,382,367],"product_tag":[],"class_list":{"0":"post-1144","1":"product","2":"type-product","3":"status-publish","4":"has-post-thumbnail","6":"product_cat-link","7":"product_cat-9-deliacich-jednotiek","8":"product_cat-dimmer","10":"first","11":"instock","12":"sold-individually","13":"taxable","14":"shipping-taxable","15":"purchasable","16":"product-type-simple"},"locations":[],"_links":{"self":[{"href":"https:\/\/loxone.ctw.sk\/index.php\/wp-json\/wp\/v2\/product\/1144","targetHints":{"allow":["GET"]}}],"collection":[{"href":"https:\/\/loxone.ctw.sk\/index.php\/wp-json\/wp\/v2\/product"}],"about":[{"href":"https:\/\/loxone.ctw.sk\/index.php\/wp-json\/wp\/v2\/types\/product"}],"wp:featuredmedia":[{"embeddable":true,"href":"https:\/\/loxone.ctw.sk\/index.php\/wp-json\/wp\/v2\/media\/1867"}],"wp:attachment":[{"href":"https:\/\/loxone.ctw.sk\/index.php\/wp-json\/wp\/v2\/media?parent=1144"}],"wp:term":[{"taxonomy":"location","embeddable":true,"href":"https:\/\/loxone.ctw.sk\/index.php\/wp-json\/wp\/v2\/location?post=1144"},{"taxonomy":"product_brand","embeddable":true,"href":"https:\/\/loxone.ctw.sk\/index.php\/wp-json\/wp\/v2\/product_brand?post=1144"},{"taxonomy":"product_cat","embeddable":true,"href":"https:\/\/loxone.ctw.sk\/index.php\/wp-json\/wp\/v2\/product_cat?post=1144"},{"taxonomy":"product_tag","embeddable":true,"href":"https:\/\/loxone.ctw.sk\/index.php\/wp-json\/wp\/v2\/product_tag?post=1144"}],"curies":[{"name":"wp","href":"https:\/\/api.w.org\/{rel}","templated":true}]}}