{"id":1148,"date":"2026-01-09T10:34:09","date_gmt":"2026-01-09T09:34:09","guid":{"rendered":"https:\/\/shop.dohlad.info\/index.php\/product\/relay-extension\/"},"modified":"2026-01-09T10:34:33","modified_gmt":"2026-01-09T09:34:33","slug":"relay-extension","status":"publish","type":"product","link":"https:\/\/loxone.ctw.sk\/index.php\/product\/relay-extension\/","title":{"rendered":"Relay Extension"},"content":{"rendered":"<p>Loxone Relay Extension poskytuje <strong>14 v\u00fdstupov s bezpotenci\u00e1lov\u00fdmi rel\u00e9.<\/strong> Spolu s Miniserverom tak z\u00edskate ide\u00e1lne rie\u0161enie na ovl\u00e1danie tienenia, osvetlenia, vykurovania, zabezpe\u010dovacieho syst\u00e9mu a mnoh\u00fdch \u010fal\u0161\u00edch funkci\u00ed.<\/p>\n","protected":false},"excerpt":{"rendered":"<p>Loxone Relay Extension poskytuje <strong>14 v\u00fdstupov s bezpotenci\u00e1lov\u00fdmi rel\u00e9.<\/strong> Spolu s Miniserverom tak z\u00edskate ide\u00e1lne rie\u0161enie na ovl\u00e1danie tienenia, osvetlenia, vykurovania, zabezpe\u010dovacieho syst\u00e9mu a mnoh\u00fdch \u010fal\u0161\u00edch funkci\u00ed.<\/p>\n","protected":false},"featured_media":1868,"template":"","meta":[],"location":[],"product_brand":[],"product_cat":[365,382,348,377,380],"product_tag":[],"class_list":{"0":"post-1148","1":"product","2":"type-product","3":"status-publish","4":"has-post-thumbnail","6":"product_cat-link","7":"product_cat-9-deliacich-jednotiek","8":"product_cat-klima","9":"product_cat-tienenie","10":"product_cat-link-klima-tienenie","12":"first","13":"instock","14":"sold-individually","15":"taxable","16":"shipping-taxable","17":"purchasable","18":"product-type-simple"},"locations":[],"_links":{"self":[{"href":"https:\/\/loxone.ctw.sk\/index.php\/wp-json\/wp\/v2\/product\/1148","targetHints":{"allow":["GET"]}}],"collection":[{"href":"https:\/\/loxone.ctw.sk\/index.php\/wp-json\/wp\/v2\/product"}],"about":[{"href":"https:\/\/loxone.ctw.sk\/index.php\/wp-json\/wp\/v2\/types\/product"}],"wp:featuredmedia":[{"embeddable":true,"href":"https:\/\/loxone.ctw.sk\/index.php\/wp-json\/wp\/v2\/media\/1868"}],"wp:attachment":[{"href":"https:\/\/loxone.ctw.sk\/index.php\/wp-json\/wp\/v2\/media?parent=1148"}],"wp:term":[{"taxonomy":"location","embeddable":true,"href":"https:\/\/loxone.ctw.sk\/index.php\/wp-json\/wp\/v2\/location?post=1148"},{"taxonomy":"product_brand","embeddable":true,"href":"https:\/\/loxone.ctw.sk\/index.php\/wp-json\/wp\/v2\/product_brand?post=1148"},{"taxonomy":"product_cat","embeddable":true,"href":"https:\/\/loxone.ctw.sk\/index.php\/wp-json\/wp\/v2\/product_cat?post=1148"},{"taxonomy":"product_tag","embeddable":true,"href":"https:\/\/loxone.ctw.sk\/index.php\/wp-json\/wp\/v2\/product_tag?post=1148"}],"curies":[{"name":"wp","href":"https:\/\/api.w.org\/{rel}","templated":true}]}}