{"id":1152,"date":"2026-01-09T10:34:09","date_gmt":"2026-01-09T09:34:09","guid":{"rendered":"https:\/\/shop.dohlad.info\/index.php\/product\/air-base-extension\/"},"modified":"2026-02-09T00:19:27","modified_gmt":"2026-02-08T23:19:27","slug":"air-base-extension","status":"publish","type":"product","link":"https:\/\/loxone.ctw.sk\/index.php\/product\/air-base-extension\/","title":{"rendered":"Air Base Extension"},"content":{"rendered":"<p>Loxone Air Base Extension roz\u0161iruje Miniserver a umo\u017e\u0148uje <strong>integrova\u0165 zariadenia vybaven\u00e9 bezdr\u00f4tovou technol\u00f3giou Loxone Air<\/strong>.<\/p>\n<p><strong>Vlastnosti:<\/strong><\/p>\n<ul>\n<li>Pripojenie a\u017e 128 zariaden\u00ed Air.<\/li>\n<li>Z\u00e1suvka SMA s pr\u00fatovou ant\u00e9nou 1,8 dBi.<\/li>\n<li>\u0160ifrovan\u00e1 komunik\u00e1cia.<\/li>\n<li>Technol\u00f3gia Mesh: Ka\u017ed\u00e9 zariadenie Air trvalo pripojen\u00e9 k nap\u00e1janiu posil\u0148uje dosah sign\u00e1lu.<\/li>\n<li>Minim\u00e1lna spotreba energie.<\/li>\n<li>Maxim\u00e1lna r\u00fdchlos\u0165.<\/li>\n<li>Mo\u017enos\u0165 aktualiz\u00e1cie.<\/li>\n<li>Ide\u00e1lne pre projekty moderniz\u00e1cie.<\/li>\n<\/ul>\n","protected":false},"excerpt":{"rendered":"<p>Loxone Air Base Extension roz\u0161iruje Miniserver a umo\u017e\u0148uje <strong>integrova\u0165 zariadenia vybaven\u00e9 bezdr\u00f4tovou technol\u00f3giou Loxone Air<\/strong>.<\/p>\n<p>&nbsp;<\/p>\n","protected":false},"featured_media":1869,"template":"","meta":[],"location":[],"product_brand":[],"product_cat":[383,366],"product_tag":[],"class_list":{"0":"post-1152","1":"product","2":"type-product","3":"status-publish","4":"has-post-thumbnail","6":"product_cat-air-extensiony-rozhrania","7":"product_cat-2-deliace-jednotky","9":"first","10":"instock","11":"sold-individually","12":"taxable","13":"shipping-taxable","14":"purchasable","15":"product-type-simple"},"locations":[],"_links":{"self":[{"href":"https:\/\/loxone.ctw.sk\/index.php\/wp-json\/wp\/v2\/product\/1152","targetHints":{"allow":["GET"]}}],"collection":[{"href":"https:\/\/loxone.ctw.sk\/index.php\/wp-json\/wp\/v2\/product"}],"about":[{"href":"https:\/\/loxone.ctw.sk\/index.php\/wp-json\/wp\/v2\/types\/product"}],"wp:featuredmedia":[{"embeddable":true,"href":"https:\/\/loxone.ctw.sk\/index.php\/wp-json\/wp\/v2\/media\/1869"}],"wp:attachment":[{"href":"https:\/\/loxone.ctw.sk\/index.php\/wp-json\/wp\/v2\/media?parent=1152"}],"wp:term":[{"taxonomy":"location","embeddable":true,"href":"https:\/\/loxone.ctw.sk\/index.php\/wp-json\/wp\/v2\/location?post=1152"},{"taxonomy":"product_brand","embeddable":true,"href":"https:\/\/loxone.ctw.sk\/index.php\/wp-json\/wp\/v2\/product_brand?post=1152"},{"taxonomy":"product_cat","embeddable":true,"href":"https:\/\/loxone.ctw.sk\/index.php\/wp-json\/wp\/v2\/product_cat?post=1152"},{"taxonomy":"product_tag","embeddable":true,"href":"https:\/\/loxone.ctw.sk\/index.php\/wp-json\/wp\/v2\/product_tag?post=1152"}],"curies":[{"name":"wp","href":"https:\/\/api.w.org\/{rel}","templated":true}]}}