{"id":1156,"date":"2026-01-09T10:34:09","date_gmt":"2026-01-09T09:34:09","guid":{"rendered":"https:\/\/shop.dohlad.info\/index.php\/product\/smart-socket-air-typ-e\/"},"modified":"2026-02-09T00:14:44","modified_gmt":"2026-02-08T23:14:44","slug":"smart-socket-air-typ-e","status":"publish","type":"product","link":"https:\/\/loxone.ctw.sk\/index.php\/product\/smart-socket-air-typ-e\/","title":{"rendered":"Smart Socket Air \u2013 typ E"},"content":{"rendered":"<p>Smart Socket Air je <strong>ovl\u00e1date\u013en\u00e1 bezdr\u00f4tov\u00e1 z\u00e1suvka<\/strong> s <strong>meran\u00edm<\/strong> <strong>teploty, v\u00fdkonu<\/strong> a <strong>spotreby<\/strong>.<\/p>\n<p><strong>\u00a0Funkcie:<\/strong><\/p>\n<ul>\n<li>Typick\u00e9 pou\u017eitie: Monitorovanie spotreby energie be\u017en\u00fdch spotrebi\u010dov.<\/li>\n<li>Automatick\u00e9 zap\u00ednanie\/vyp\u00ednanie spotrebi\u010dov na z\u00e1klade sledovania pr\u00edtomnosti, \u010dasu a z\u00e1\u0165a\u017ee.<\/li>\n<li>Dia\u013ekov\u00e9 ovl\u00e1danie spotrebi\u010dov.<\/li>\n<li>Meranie teploty.<\/li>\n<li>Vyvolanie nastavenej akcie stla\u010den\u00edm tla\u010didla na z\u00e1suvke.<\/li>\n<li>Signaliz\u00e1cia pomocou 3 farieb LED.<\/li>\n<li>Jednoduch\u00e1 integr\u00e1cia v\u010faka technol\u00f3gii Loxone Air.<\/li>\n<\/ul>\n","protected":false},"excerpt":{"rendered":"<p>Smart Socket Air je <strong>ovl\u00e1date\u013en\u00e1 bezdr\u00f4tov\u00e1 z\u00e1suvka<\/strong> s <strong>meran\u00edm<\/strong> <strong>teploty, v\u00fdkonu<\/strong> a <strong>spotreby<\/strong>.<\/p>\n<p>&nbsp;<\/p>\n","protected":false},"featured_media":1157,"template":"","meta":[],"location":[],"product_brand":[],"product_cat":[393,339],"product_tag":[],"class_list":{"0":"post-1156","1":"product","2":"type-product","3":"status-publish","4":"has-post-thumbnail","6":"product_cat-air-energie","7":"product_cat-elektromer","9":"first","10":"instock","11":"sold-individually","12":"taxable","13":"shipping-taxable","14":"purchasable","15":"product-type-simple"},"locations":[],"_links":{"self":[{"href":"https:\/\/loxone.ctw.sk\/index.php\/wp-json\/wp\/v2\/product\/1156","targetHints":{"allow":["GET"]}}],"collection":[{"href":"https:\/\/loxone.ctw.sk\/index.php\/wp-json\/wp\/v2\/product"}],"about":[{"href":"https:\/\/loxone.ctw.sk\/index.php\/wp-json\/wp\/v2\/types\/product"}],"wp:featuredmedia":[{"embeddable":true,"href":"https:\/\/loxone.ctw.sk\/index.php\/wp-json\/wp\/v2\/media\/1157"}],"wp:attachment":[{"href":"https:\/\/loxone.ctw.sk\/index.php\/wp-json\/wp\/v2\/media?parent=1156"}],"wp:term":[{"taxonomy":"location","embeddable":true,"href":"https:\/\/loxone.ctw.sk\/index.php\/wp-json\/wp\/v2\/location?post=1156"},{"taxonomy":"product_brand","embeddable":true,"href":"https:\/\/loxone.ctw.sk\/index.php\/wp-json\/wp\/v2\/product_brand?post=1156"},{"taxonomy":"product_cat","embeddable":true,"href":"https:\/\/loxone.ctw.sk\/index.php\/wp-json\/wp\/v2\/product_cat?post=1156"},{"taxonomy":"product_tag","embeddable":true,"href":"https:\/\/loxone.ctw.sk\/index.php\/wp-json\/wp\/v2\/product_tag?post=1156"}],"curies":[{"name":"wp","href":"https:\/\/api.w.org\/{rel}","templated":true}]}}