{"id":1161,"date":"2026-01-09T10:34:09","date_gmt":"2026-01-09T09:34:09","guid":{"rendered":"https:\/\/shop.dohlad.info\/index.php\/product\/remote-mini-air\/"},"modified":"2026-02-10T00:28:14","modified_gmt":"2026-02-09T23:28:14","slug":"remote-mini-air","status":"publish","type":"product","link":"https:\/\/loxone.ctw.sk\/index.php\/product\/remote-mini-air\/","title":{"rendered":"Remote Mini Air"},"content":{"rendered":"<p>Loxone Remote Mini Air je kompaktn\u00e9\u00a0<strong>bezdr\u00f4tov\u00e9 dia\u013ekov\u00e9 ovl\u00e1danie<\/strong> s 5 tla\u010didlami pre individu\u00e1lnu konfigur\u00e1ciu.<\/p>\n<p><strong>Vlastnosti:<\/strong><\/p>\n<ul>\n<li>V\u017edy po ruke a pripraven\u00e9 na pou\u017eitie.<\/li>\n<li>Ovl\u00e1danie osvetlenia, hudby a tienenia z pohovky, pracovn\u00e9ho stola alebo terasy.<\/li>\n<li>Ovl\u00e1danie gar\u00e1\u017eov\u00fdch br\u00e1n priamo z auta.<\/li>\n<li>Aktiv\u00e1cia alebo deaktiv\u00e1cia alarmu.<\/li>\n<\/ul>\n","protected":false},"excerpt":{"rendered":"<p>Loxone Remote Mini Air je kompaktn\u00e9\u00a0<strong>bezdr\u00f4tov\u00e9 dia\u013ekov\u00e9 ovl\u00e1danie<\/strong> s 5 tla\u010didlami pre individu\u00e1lnu konfigur\u00e1ciu.<\/p>\n<p>&nbsp;<\/p>\n","protected":false},"featured_media":1162,"template":"","meta":[],"location":[],"product_brand":[],"product_cat":[337],"product_tag":[],"class_list":{"0":"post-1161","1":"product","2":"type-product","3":"status-publish","4":"has-post-thumbnail","6":"product_cat-air","8":"first","9":"instock","10":"sold-individually","11":"taxable","12":"shipping-taxable","13":"purchasable","14":"product-type-simple"},"locations":[],"_links":{"self":[{"href":"https:\/\/loxone.ctw.sk\/index.php\/wp-json\/wp\/v2\/product\/1161","targetHints":{"allow":["GET"]}}],"collection":[{"href":"https:\/\/loxone.ctw.sk\/index.php\/wp-json\/wp\/v2\/product"}],"about":[{"href":"https:\/\/loxone.ctw.sk\/index.php\/wp-json\/wp\/v2\/types\/product"}],"wp:featuredmedia":[{"embeddable":true,"href":"https:\/\/loxone.ctw.sk\/index.php\/wp-json\/wp\/v2\/media\/1162"}],"wp:attachment":[{"href":"https:\/\/loxone.ctw.sk\/index.php\/wp-json\/wp\/v2\/media?parent=1161"}],"wp:term":[{"taxonomy":"location","embeddable":true,"href":"https:\/\/loxone.ctw.sk\/index.php\/wp-json\/wp\/v2\/location?post=1161"},{"taxonomy":"product_brand","embeddable":true,"href":"https:\/\/loxone.ctw.sk\/index.php\/wp-json\/wp\/v2\/product_brand?post=1161"},{"taxonomy":"product_cat","embeddable":true,"href":"https:\/\/loxone.ctw.sk\/index.php\/wp-json\/wp\/v2\/product_cat?post=1161"},{"taxonomy":"product_tag","embeddable":true,"href":"https:\/\/loxone.ctw.sk\/index.php\/wp-json\/wp\/v2\/product_tag?post=1161"}],"curies":[{"name":"wp","href":"https:\/\/api.w.org\/{rel}","templated":true}]}}