{"id":1176,"date":"2026-01-09T10:34:42","date_gmt":"2026-01-09T09:34:42","guid":{"rendered":"https:\/\/shop.dohlad.info\/index.php\/product\/nano-io-air\/"},"modified":"2026-02-09T00:18:45","modified_gmt":"2026-02-08T23:18:45","slug":"nano-io-air","status":"publish","type":"product","link":"https:\/\/loxone.ctw.sk\/index.php\/product\/nano-io-air\/","title":{"rendered":"Nano IO Air"},"content":{"rendered":"<p>Loxone Nano IO Air m\u00e1 <strong>2 rel\u00e9ov\u00e9 v\u00fdstupy a 6 digit\u00e1lnych vstupov<\/strong> pre in\u0161tal\u00e1ciu do podomietkovej krabice.<\/p>\n<p><strong>Vlastnosti:<\/strong><\/p>\n<ul>\n<li>Ide\u00e1lne pre dodato\u010dn\u00fa in\u0161tal\u00e1ciu tienenia, osvetlenia a \u010fal\u0161\u00edch spotrebi\u010dov do podomietkov\u00fdch krab\u00edc.<\/li>\n<li>Je mo\u017en\u00e9 priradi\u0165 tla\u010didl\u00e1 Touch, Touch Pure alebo NFC Code Touch for Nano.<\/li>\n<\/ul>\n","protected":false},"excerpt":{"rendered":"<p>Loxone Nano IO Air m\u00e1 <strong>2 rel\u00e9ov\u00e9 v\u00fdstupy a 6 digit\u00e1lnych vstupov<\/strong> pre in\u0161tal\u00e1ciu do podomietkovej krabice.<\/p>\n<p>&nbsp;<\/p>\n","protected":false},"featured_media":1177,"template":"","meta":[],"location":[],"product_brand":[],"product_cat":[383,384,376,377],"product_tag":[],"class_list":{"0":"post-1176","1":"product","2":"type-product","3":"status-publish","4":"has-post-thumbnail","6":"product_cat-air-extensiony-rozhrania","7":"product_cat-air-osvetlenie","8":"product_cat-air-klima-tienenie","9":"product_cat-tienenie","11":"first","12":"instock","13":"sold-individually","14":"taxable","15":"shipping-taxable","16":"purchasable","17":"product-type-simple"},"locations":[],"_links":{"self":[{"href":"https:\/\/loxone.ctw.sk\/index.php\/wp-json\/wp\/v2\/product\/1176","targetHints":{"allow":["GET"]}}],"collection":[{"href":"https:\/\/loxone.ctw.sk\/index.php\/wp-json\/wp\/v2\/product"}],"about":[{"href":"https:\/\/loxone.ctw.sk\/index.php\/wp-json\/wp\/v2\/types\/product"}],"wp:featuredmedia":[{"embeddable":true,"href":"https:\/\/loxone.ctw.sk\/index.php\/wp-json\/wp\/v2\/media\/1177"}],"wp:attachment":[{"href":"https:\/\/loxone.ctw.sk\/index.php\/wp-json\/wp\/v2\/media?parent=1176"}],"wp:term":[{"taxonomy":"location","embeddable":true,"href":"https:\/\/loxone.ctw.sk\/index.php\/wp-json\/wp\/v2\/location?post=1176"},{"taxonomy":"product_brand","embeddable":true,"href":"https:\/\/loxone.ctw.sk\/index.php\/wp-json\/wp\/v2\/product_brand?post=1176"},{"taxonomy":"product_cat","embeddable":true,"href":"https:\/\/loxone.ctw.sk\/index.php\/wp-json\/wp\/v2\/product_cat?post=1176"},{"taxonomy":"product_tag","embeddable":true,"href":"https:\/\/loxone.ctw.sk\/index.php\/wp-json\/wp\/v2\/product_tag?post=1176"}],"curies":[{"name":"wp","href":"https:\/\/api.w.org\/{rel}","templated":true}]}}