{"id":1191,"date":"2026-01-09T10:34:42","date_gmt":"2026-01-09T09:34:42","guid":{"rendered":"https:\/\/shop.dohlad.info\/index.php\/product\/froling-extension\/"},"modified":"2026-02-09T00:19:04","modified_gmt":"2026-02-08T23:19:04","slug":"froling-extension","status":"publish","type":"product","link":"https:\/\/loxone.ctw.sk\/index.php\/product\/froling-extension\/","title":{"rendered":"Fr\u00f6ling Extension"},"content":{"rendered":"<p>Loxone Fr\u00f6ling Extension umo\u017e\u0148uje <strong>integr\u00e1ciu vykurovac\u00edch syst\u00e9mov<\/strong> od v\u00fdrobcu Fr\u00f6ling.<\/p>\n<p><strong>\u00a0Funkcie:<\/strong><\/p>\n<ul>\n<li>Integr\u00e1cia a\u017e 18 vykurovac\u00edch okruhov, 8 kotlov alebo 4 vyrovn\u00e1vac\u00edch n\u00e1dr\u017e\u00ed<\/li>\n<li>Cielen\u00e9 ovl\u00e1danie kotla na z\u00e1klade Loxone individu\u00e1lnej regul\u00e1cie miestnosti<\/li>\n<li>Presn\u00e9 ur\u010denie teploty pr\u00edvodu<\/li>\n<li>Max. 15m d\u013a\u017eka k\u00e1bla<\/li>\n<li>Fr\u00f6ling softv\u00e9r: Vy\u017eaduje sa verzia 5.11 alebo vy\u0161\u0161ia<\/li>\n<li>Ozn\u00e1menie poruchy e-mailom alebo telefonicky<\/li>\n<\/ul>\n","protected":false},"excerpt":{"rendered":"<p>Loxone Fr\u00f6ling Extension umo\u017e\u0148uje <strong>integr\u00e1ciu vykurovac\u00edch syst\u00e9mov<\/strong> od v\u00fdrobcu Fr\u00f6ling.<\/p>\n<p>&nbsp;<\/p>\n","protected":false},"featured_media":1870,"template":"","meta":[],"location":[],"product_brand":[],"product_cat":[365,366,348,380],"product_tag":[],"class_list":{"0":"post-1191","1":"product","2":"type-product","3":"status-publish","4":"has-post-thumbnail","6":"product_cat-link","7":"product_cat-2-deliace-jednotky","8":"product_cat-klima","9":"product_cat-link-klima-tienenie","11":"first","12":"instock","13":"sold-individually","14":"taxable","15":"shipping-taxable","16":"purchasable","17":"product-type-simple"},"locations":[],"_links":{"self":[{"href":"https:\/\/loxone.ctw.sk\/index.php\/wp-json\/wp\/v2\/product\/1191","targetHints":{"allow":["GET"]}}],"collection":[{"href":"https:\/\/loxone.ctw.sk\/index.php\/wp-json\/wp\/v2\/product"}],"about":[{"href":"https:\/\/loxone.ctw.sk\/index.php\/wp-json\/wp\/v2\/types\/product"}],"wp:featuredmedia":[{"embeddable":true,"href":"https:\/\/loxone.ctw.sk\/index.php\/wp-json\/wp\/v2\/media\/1870"}],"wp:attachment":[{"href":"https:\/\/loxone.ctw.sk\/index.php\/wp-json\/wp\/v2\/media?parent=1191"}],"wp:term":[{"taxonomy":"location","embeddable":true,"href":"https:\/\/loxone.ctw.sk\/index.php\/wp-json\/wp\/v2\/location?post=1191"},{"taxonomy":"product_brand","embeddable":true,"href":"https:\/\/loxone.ctw.sk\/index.php\/wp-json\/wp\/v2\/product_brand?post=1191"},{"taxonomy":"product_cat","embeddable":true,"href":"https:\/\/loxone.ctw.sk\/index.php\/wp-json\/wp\/v2\/product_cat?post=1191"},{"taxonomy":"product_tag","embeddable":true,"href":"https:\/\/loxone.ctw.sk\/index.php\/wp-json\/wp\/v2\/product_tag?post=1191"}],"curies":[{"name":"wp","href":"https:\/\/api.w.org\/{rel}","templated":true}]}}