{"id":1195,"date":"2026-01-09T10:34:42","date_gmt":"2026-01-09T09:34:42","guid":{"rendered":"https:\/\/shop.dohlad.info\/index.php\/product\/hlavica-air-gen-1-s-ukoncenou-vyrobou\/"},"modified":"2026-01-09T10:34:51","modified_gmt":"2026-01-09T09:34:51","slug":"hlavica-air-gen-1-s-ukoncenou-vyrobou","status":"publish","type":"product","link":"https:\/\/loxone.ctw.sk\/index.php\/product\/hlavica-air-gen-1-s-ukoncenou-vyrobou\/","title":{"rendered":"Hlavica Air Gen. 1 &#8211; s ukon\u010denou v\u00fdrobou"},"content":{"rendered":"<p>Loxone Hlavica Air je motorizovan\u00fd bezdr\u00f4tov\u00fd aktu\u00e1tor. V\u010faka \u0161tandardn\u00fdm adapt\u00e9rov\u00fdm kr\u00fa\u017ekom ho mo\u017eno pou\u017ei\u0165 na <strong>mnoh\u00fdch ventiloch<\/strong>, ktor\u00e9 sa zvy\u010dajne pou\u017e\u00edvaj\u00fa na podlahov\u00e9 vykurovanie a radi\u00e1tory.<\/p>\n","protected":false},"excerpt":{"rendered":"<p>Loxone Hlavica Air je motorizovan\u00fd bezdr\u00f4tov\u00fd aktu\u00e1tor. V\u010faka \u0161tandardn\u00fdm adapt\u00e9rov\u00fdm kr\u00fa\u017ekom ho mo\u017eno pou\u017ei\u0165 na <strong>mnoh\u00fdch ventiloch<\/strong>, ktor\u00e9 sa zvy\u010dajne pou\u017e\u00edvaj\u00fa na podlahov\u00e9 vykurovanie a radi\u00e1tory.<\/p>\n","protected":false},"featured_media":1196,"template":"","meta":[],"location":[],"product_brand":[],"product_cat":[376,348],"product_tag":[],"class_list":{"0":"post-1195","1":"product","2":"type-product","3":"status-publish","4":"has-post-thumbnail","6":"product_cat-air-klima-tienenie","7":"product_cat-klima","9":"first","10":"instock","11":"sold-individually","12":"taxable","13":"shipping-taxable","14":"purchasable","15":"product-type-simple"},"locations":[],"_links":{"self":[{"href":"https:\/\/loxone.ctw.sk\/index.php\/wp-json\/wp\/v2\/product\/1195","targetHints":{"allow":["GET"]}}],"collection":[{"href":"https:\/\/loxone.ctw.sk\/index.php\/wp-json\/wp\/v2\/product"}],"about":[{"href":"https:\/\/loxone.ctw.sk\/index.php\/wp-json\/wp\/v2\/types\/product"}],"wp:featuredmedia":[{"embeddable":true,"href":"https:\/\/loxone.ctw.sk\/index.php\/wp-json\/wp\/v2\/media\/1196"}],"wp:attachment":[{"href":"https:\/\/loxone.ctw.sk\/index.php\/wp-json\/wp\/v2\/media?parent=1195"}],"wp:term":[{"taxonomy":"location","embeddable":true,"href":"https:\/\/loxone.ctw.sk\/index.php\/wp-json\/wp\/v2\/location?post=1195"},{"taxonomy":"product_brand","embeddable":true,"href":"https:\/\/loxone.ctw.sk\/index.php\/wp-json\/wp\/v2\/product_brand?post=1195"},{"taxonomy":"product_cat","embeddable":true,"href":"https:\/\/loxone.ctw.sk\/index.php\/wp-json\/wp\/v2\/product_cat?post=1195"},{"taxonomy":"product_tag","embeddable":true,"href":"https:\/\/loxone.ctw.sk\/index.php\/wp-json\/wp\/v2\/product_tag?post=1195"}],"curies":[{"name":"wp","href":"https:\/\/api.w.org\/{rel}","templated":true}]}}