{"id":1200,"date":"2026-01-09T10:34:42","date_gmt":"2026-01-09T09:34:42","guid":{"rendered":"https:\/\/shop.dohlad.info\/index.php\/product\/okenna-klucka-air\/"},"modified":"2026-01-09T10:34:53","modified_gmt":"2026-01-09T09:34:53","slug":"okenna-klucka-air","status":"publish","type":"product","link":"https:\/\/loxone.ctw.sk\/index.php\/product\/okenna-klucka-air\/","title":{"rendered":"Okenn\u00e1 k\u013eu\u010dka Air"},"content":{"rendered":"<p>Loxone Okenn\u00e1 k\u013eu\u010dka Air <strong>rozpozn\u00e1 pod\u013ea troch pol\u00f4h k\u013eu\u010dky<\/strong>, \u010di je okno otvoren\u00e9, zatvoren\u00e9 alebo vyklopen\u00e9 na ventil\u00e1ciu. Okrem toho vn\u00fatorn\u00fd senzor detekuje otrasy a m\u00f4\u017ee tak varova\u0165 pred n\u00e1siln\u00fdm vniknut\u00edm do objektu.\u00a0<\/p>\n","protected":false},"excerpt":{"rendered":"<p>Loxone Okenn\u00e1 k\u013eu\u010dka Air <strong>rozpozn\u00e1 pod\u013ea troch pol\u00f4h k\u013eu\u010dky<\/strong>, \u010di je okno otvoren\u00e9, zatvoren\u00e9 alebo vyklopen\u00e9 na ventil\u00e1ciu. Okrem toho vn\u00fatorn\u00fd senzor detekuje otrasy a m\u00f4\u017ee tak varova\u0165 pred n\u00e1siln\u00fdm vniknut\u00edm do objektu.\u00a0<\/p>\n","protected":false},"featured_media":1201,"template":"","meta":[],"location":[],"product_brand":[],"product_cat":[344,345],"product_tag":[],"class_list":{"0":"post-1200","1":"product","2":"type-product","3":"status-publish","4":"has-post-thumbnail","6":"product_cat-air-pristup-zabezpecenie","7":"product_cat-zabezpecenie","9":"first","10":"instock","11":"sold-individually","12":"taxable","13":"shipping-taxable","14":"purchasable","15":"product-type-simple"},"locations":[],"_links":{"self":[{"href":"https:\/\/loxone.ctw.sk\/index.php\/wp-json\/wp\/v2\/product\/1200","targetHints":{"allow":["GET"]}}],"collection":[{"href":"https:\/\/loxone.ctw.sk\/index.php\/wp-json\/wp\/v2\/product"}],"about":[{"href":"https:\/\/loxone.ctw.sk\/index.php\/wp-json\/wp\/v2\/types\/product"}],"wp:featuredmedia":[{"embeddable":true,"href":"https:\/\/loxone.ctw.sk\/index.php\/wp-json\/wp\/v2\/media\/1201"}],"wp:attachment":[{"href":"https:\/\/loxone.ctw.sk\/index.php\/wp-json\/wp\/v2\/media?parent=1200"}],"wp:term":[{"taxonomy":"location","embeddable":true,"href":"https:\/\/loxone.ctw.sk\/index.php\/wp-json\/wp\/v2\/location?post=1200"},{"taxonomy":"product_brand","embeddable":true,"href":"https:\/\/loxone.ctw.sk\/index.php\/wp-json\/wp\/v2\/product_brand?post=1200"},{"taxonomy":"product_cat","embeddable":true,"href":"https:\/\/loxone.ctw.sk\/index.php\/wp-json\/wp\/v2\/product_cat?post=1200"},{"taxonomy":"product_tag","embeddable":true,"href":"https:\/\/loxone.ctw.sk\/index.php\/wp-json\/wp\/v2\/product_tag?post=1200"}],"curies":[{"name":"wp","href":"https:\/\/api.w.org\/{rel}","templated":true}]}}