{"id":1210,"date":"2026-01-09T10:34:42","date_gmt":"2026-01-09T09:34:42","guid":{"rendered":"https:\/\/shop.dohlad.info\/index.php\/product\/touch-for-nano-antracitova\/"},"modified":"2026-01-09T10:34:56","modified_gmt":"2026-01-09T09:34:56","slug":"touch-for-nano-antracitova","status":"publish","type":"product","link":"https:\/\/loxone.ctw.sk\/index.php\/product\/touch-for-nano-antracitova\/","title":{"rendered":"Touch for Nano antracitov\u00e1"},"content":{"rendered":"<p>Loxone Touch for Nano je tla\u010didlo ur\u010den\u00e9 na pripojenie k Loxone Nano IO Air alebo Nano Dimmer Air. Pon\u00faka p\u00e4\u0165 dotykov\u00fdch bodov na <strong>ovl\u00e1danie najd\u00f4le\u017eitej\u0161\u00edch funkci\u00ed<\/strong> v miestnosti. Pri dotyku vyd\u00e1 zvukov\u00e9 kliknutie ako akustick\u00fa odozvu.<\/p>\n","protected":false},"excerpt":{"rendered":"<p>Loxone Touch for Nano je tla\u010didlo ur\u010den\u00e9 na pripojenie k Loxone Nano IO Air alebo Nano Dimmer Air. Pon\u00faka p\u00e4\u0165 dotykov\u00fdch bodov na <strong>ovl\u00e1danie najd\u00f4le\u017eitej\u0161\u00edch funkci\u00ed<\/strong> v miestnosti. Pri dotyku vyd\u00e1 zvukov\u00e9 kliknutie ako akustick\u00fa odozvu.<\/p>\n","protected":false},"featured_media":1211,"template":"","meta":[],"location":[],"product_brand":[],"product_cat":[359],"product_tag":[],"class_list":{"0":"post-1210","1":"product","2":"type-product","3":"status-publish","4":"has-post-thumbnail","6":"product_cat-for-nano","8":"first","9":"instock","10":"sold-individually","11":"taxable","12":"shipping-taxable","13":"purchasable","14":"product-type-simple"},"locations":[],"_links":{"self":[{"href":"https:\/\/loxone.ctw.sk\/index.php\/wp-json\/wp\/v2\/product\/1210","targetHints":{"allow":["GET"]}}],"collection":[{"href":"https:\/\/loxone.ctw.sk\/index.php\/wp-json\/wp\/v2\/product"}],"about":[{"href":"https:\/\/loxone.ctw.sk\/index.php\/wp-json\/wp\/v2\/types\/product"}],"wp:featuredmedia":[{"embeddable":true,"href":"https:\/\/loxone.ctw.sk\/index.php\/wp-json\/wp\/v2\/media\/1211"}],"wp:attachment":[{"href":"https:\/\/loxone.ctw.sk\/index.php\/wp-json\/wp\/v2\/media?parent=1210"}],"wp:term":[{"taxonomy":"location","embeddable":true,"href":"https:\/\/loxone.ctw.sk\/index.php\/wp-json\/wp\/v2\/location?post=1210"},{"taxonomy":"product_brand","embeddable":true,"href":"https:\/\/loxone.ctw.sk\/index.php\/wp-json\/wp\/v2\/product_brand?post=1210"},{"taxonomy":"product_cat","embeddable":true,"href":"https:\/\/loxone.ctw.sk\/index.php\/wp-json\/wp\/v2\/product_cat?post=1210"},{"taxonomy":"product_tag","embeddable":true,"href":"https:\/\/loxone.ctw.sk\/index.php\/wp-json\/wp\/v2\/product_tag?post=1210"}],"curies":[{"name":"wp","href":"https:\/\/api.w.org\/{rel}","templated":true}]}}