{"id":1229,"date":"2026-01-09T10:34:42","date_gmt":"2026-01-09T09:34:42","guid":{"rendered":"https:\/\/shop.dohlad.info\/index.php\/product\/okenny-a-dverovy-kontakt-air-antracitova-2\/"},"modified":"2026-02-10T00:46:45","modified_gmt":"2026-02-09T23:46:45","slug":"okenny-a-dverovy-kontakt-air-antracitova-2","status":"publish","type":"product","link":"https:\/\/loxone.ctw.sk\/index.php\/product\/okenny-a-dverovy-kontakt-air-antracitova-2\/","title":{"rendered":"Okenn\u00fd a dverov\u00fd kontakt Air antracitov\u00e1"},"content":{"rendered":"<p>Loxone Okenn\u00fd a dverov\u00fd kontakt Air je bezdr\u00f4tov\u00fd senzor s jaz\u00fd\u010dkov\u00fdm kontaktom, ktor\u00fd reaguje na magnet a umo\u017e\u0148uje tak <strong>monitorovanie dver\u00ed a okien<\/strong>. Na\u0161e odpor\u00fa\u010danie: nain\u0161talujte jeden dverov\u00fd a okenn\u00fd kontakt Air na v\u0161etky vonkaj\u0161ie okn\u00e1 a dvere.<\/p>\n<p><strong>Vlastnosti:<\/strong><\/p>\n<ul>\n<li>Zabezpe\u010denie: Miniserver okam\u017eite upozorn\u00ed na neopr\u00e1vnen\u00e9 otvorenie dver\u00ed alebo okien.<\/li>\n<li>\u00daspora energie: Ak je detekovan\u00e9 otvoren\u00e9 okno, k\u00farenie v miestnosti sa automaticky vypne.<\/li>\n<\/ul>\n","protected":false},"excerpt":{"rendered":"<p>Loxone Okenn\u00fd a dverov\u00fd kontakt Air je bezdr\u00f4tov\u00fd senzor s jaz\u00fd\u010dkov\u00fdm kontaktom, ktor\u00fd reaguje na magnet a umo\u017e\u0148uje tak <strong>monitorovanie dver\u00ed a okien<\/strong>. Na\u0161e odpor\u00fa\u010danie: nain\u0161talujte jeden dverov\u00fd a okenn\u00fd kontakt Air na v\u0161etky vonkaj\u0161ie okn\u00e1 a dvere.<\/p>\n<p>&nbsp;<\/p>\n","protected":false},"featured_media":1230,"template":"","meta":[],"location":[],"product_brand":[],"product_cat":[344,345],"product_tag":[],"class_list":{"0":"post-1229","1":"product","2":"type-product","3":"status-publish","4":"has-post-thumbnail","6":"product_cat-air-pristup-zabezpecenie","7":"product_cat-zabezpecenie","9":"first","10":"instock","11":"sold-individually","12":"taxable","13":"shipping-taxable","14":"purchasable","15":"product-type-simple"},"locations":[],"_links":{"self":[{"href":"https:\/\/loxone.ctw.sk\/index.php\/wp-json\/wp\/v2\/product\/1229","targetHints":{"allow":["GET"]}}],"collection":[{"href":"https:\/\/loxone.ctw.sk\/index.php\/wp-json\/wp\/v2\/product"}],"about":[{"href":"https:\/\/loxone.ctw.sk\/index.php\/wp-json\/wp\/v2\/types\/product"}],"wp:featuredmedia":[{"embeddable":true,"href":"https:\/\/loxone.ctw.sk\/index.php\/wp-json\/wp\/v2\/media\/1230"}],"wp:attachment":[{"href":"https:\/\/loxone.ctw.sk\/index.php\/wp-json\/wp\/v2\/media?parent=1229"}],"wp:term":[{"taxonomy":"location","embeddable":true,"href":"https:\/\/loxone.ctw.sk\/index.php\/wp-json\/wp\/v2\/location?post=1229"},{"taxonomy":"product_brand","embeddable":true,"href":"https:\/\/loxone.ctw.sk\/index.php\/wp-json\/wp\/v2\/product_brand?post=1229"},{"taxonomy":"product_cat","embeddable":true,"href":"https:\/\/loxone.ctw.sk\/index.php\/wp-json\/wp\/v2\/product_cat?post=1229"},{"taxonomy":"product_tag","embeddable":true,"href":"https:\/\/loxone.ctw.sk\/index.php\/wp-json\/wp\/v2\/product_tag?post=1229"}],"curies":[{"name":"wp","href":"https:\/\/api.w.org\/{rel}","templated":true}]}}