{"id":1239,"date":"2026-01-09T10:34:42","date_gmt":"2026-01-09T09:34:42","guid":{"rendered":"https:\/\/shop.dohlad.info\/index.php\/product\/demokufor-tree\/"},"modified":"2026-01-09T10:35:10","modified_gmt":"2026-01-09T09:35:10","slug":"demokufor-tree","status":"publish","type":"product","link":"https:\/\/loxone.ctw.sk\/index.php\/product\/demokufor-tree\/","title":{"rendered":"Demokufor Tree"},"content":{"rendered":"<p>Loxone Demokufor je ide\u00e1lny na testovanie programov a projektov aj na demon\u0161tra\u010dn\u00e9 \u00fa\u010dely.<\/p>\n<p>Pripojen\u00e9 p\u00e1\u010dkov\u00e9 sp\u00edna\u010de umo\u017e\u0148uj\u00fa prv\u00fdkr\u00e1t spusti\u0165 impulzn\u00fd alebo trval\u00fd sign\u00e1l na vstupoch. V kufri s\u00fa integrovan\u00e9 na\u0161e vlastn\u00e9 technol\u00f3gie Air a Tree spolu s pr\u00edslu\u0161enstvom, ako je Touch Tree, Senzor pr\u00edtomnosti Tree a RGBW LED p\u00e1sik.<\/p>\n","protected":false},"excerpt":{"rendered":"<p>Loxone Demokufor je ide\u00e1lny na testovanie programov a projektov aj na demon\u0161tra\u010dn\u00e9 \u00fa\u010dely.<\/p>\n<p>Pripojen\u00e9 p\u00e1\u010dkov\u00e9 sp\u00edna\u010de umo\u017e\u0148uj\u00fa prv\u00fdkr\u00e1t spusti\u0165 impulzn\u00fd alebo trval\u00fd sign\u00e1l na vstupoch. V kufri s\u00fa integrovan\u00e9 na\u0161e vlastn\u00e9 technol\u00f3gie Air a Tree spolu s pr\u00edslu\u0161enstvom, ako je Touch Tree, Senzor pr\u00edtomnosti Tree a RGBW LED p\u00e1sik.<\/p>\n","protected":false},"featured_media":1240,"template":"","meta":[],"location":[],"product_brand":[],"product_cat":[15],"product_tag":[],"class_list":{"0":"post-1239","1":"product","2":"type-product","3":"status-publish","4":"has-post-thumbnail","6":"product_cat-uncategorized","8":"first","9":"instock","10":"sold-individually","11":"taxable","12":"shipping-taxable","13":"purchasable","14":"product-type-simple"},"locations":[],"_links":{"self":[{"href":"https:\/\/loxone.ctw.sk\/index.php\/wp-json\/wp\/v2\/product\/1239","targetHints":{"allow":["GET"]}}],"collection":[{"href":"https:\/\/loxone.ctw.sk\/index.php\/wp-json\/wp\/v2\/product"}],"about":[{"href":"https:\/\/loxone.ctw.sk\/index.php\/wp-json\/wp\/v2\/types\/product"}],"wp:featuredmedia":[{"embeddable":true,"href":"https:\/\/loxone.ctw.sk\/index.php\/wp-json\/wp\/v2\/media\/1240"}],"wp:attachment":[{"href":"https:\/\/loxone.ctw.sk\/index.php\/wp-json\/wp\/v2\/media?parent=1239"}],"wp:term":[{"taxonomy":"location","embeddable":true,"href":"https:\/\/loxone.ctw.sk\/index.php\/wp-json\/wp\/v2\/location?post=1239"},{"taxonomy":"product_brand","embeddable":true,"href":"https:\/\/loxone.ctw.sk\/index.php\/wp-json\/wp\/v2\/product_brand?post=1239"},{"taxonomy":"product_cat","embeddable":true,"href":"https:\/\/loxone.ctw.sk\/index.php\/wp-json\/wp\/v2\/product_cat?post=1239"},{"taxonomy":"product_tag","embeddable":true,"href":"https:\/\/loxone.ctw.sk\/index.php\/wp-json\/wp\/v2\/product_tag?post=1239"}],"curies":[{"name":"wp","href":"https:\/\/api.w.org\/{rel}","templated":true}]}}