{"id":1241,"date":"2026-01-09T10:34:42","date_gmt":"2026-01-09T09:34:42","guid":{"rendered":"https:\/\/shop.dohlad.info\/index.php\/product\/meteostanica-air\/"},"modified":"2026-01-09T10:35:11","modified_gmt":"2026-01-09T09:35:11","slug":"meteostanica-air","status":"publish","type":"product","link":"https:\/\/loxone.ctw.sk\/index.php\/product\/meteostanica-air\/","title":{"rendered":"Meteostanica Air"},"content":{"rendered":"<p>Meteostanica Loxone Air sa pou\u017e\u00edva na zaznamen\u00e1vanie r\u00fdchlosti vetra, jasu, da\u017e\u010fa a teploty a preto pon\u00faka perfektn\u00fd z\u00e1klad pre ochranu va\u0161ej budovy a jej efekt\u00edvnu prev\u00e1dzku.<\/p>\n","protected":false},"excerpt":{"rendered":"<p>Meteostanica Loxone Air sa pou\u017e\u00edva na zaznamen\u00e1vanie r\u00fdchlosti vetra, jasu, da\u017e\u010fa a teploty a preto pon\u00faka perfektn\u00fd z\u00e1klad pre ochranu va\u0161ej budovy a jej efekt\u00edvnu prev\u00e1dzku.<\/p>\n","protected":false},"featured_media":1242,"template":"","meta":[],"location":[],"product_brand":[],"product_cat":[376,348,377],"product_tag":[],"class_list":{"0":"post-1241","1":"product","2":"type-product","3":"status-publish","4":"has-post-thumbnail","6":"product_cat-air-klima-tienenie","7":"product_cat-klima","8":"product_cat-tienenie","10":"first","11":"instock","12":"sold-individually","13":"taxable","14":"shipping-taxable","15":"purchasable","16":"product-type-simple"},"locations":[],"_links":{"self":[{"href":"https:\/\/loxone.ctw.sk\/index.php\/wp-json\/wp\/v2\/product\/1241","targetHints":{"allow":["GET"]}}],"collection":[{"href":"https:\/\/loxone.ctw.sk\/index.php\/wp-json\/wp\/v2\/product"}],"about":[{"href":"https:\/\/loxone.ctw.sk\/index.php\/wp-json\/wp\/v2\/types\/product"}],"wp:featuredmedia":[{"embeddable":true,"href":"https:\/\/loxone.ctw.sk\/index.php\/wp-json\/wp\/v2\/media\/1242"}],"wp:attachment":[{"href":"https:\/\/loxone.ctw.sk\/index.php\/wp-json\/wp\/v2\/media?parent=1241"}],"wp:term":[{"taxonomy":"location","embeddable":true,"href":"https:\/\/loxone.ctw.sk\/index.php\/wp-json\/wp\/v2\/location?post=1241"},{"taxonomy":"product_brand","embeddable":true,"href":"https:\/\/loxone.ctw.sk\/index.php\/wp-json\/wp\/v2\/product_brand?post=1241"},{"taxonomy":"product_cat","embeddable":true,"href":"https:\/\/loxone.ctw.sk\/index.php\/wp-json\/wp\/v2\/product_cat?post=1241"},{"taxonomy":"product_tag","embeddable":true,"href":"https:\/\/loxone.ctw.sk\/index.php\/wp-json\/wp\/v2\/product_tag?post=1241"}],"curies":[{"name":"wp","href":"https:\/\/api.w.org\/{rel}","templated":true}]}}