{"id":1248,"date":"2026-01-09T10:34:42","date_gmt":"2026-01-09T09:34:42","guid":{"rendered":"https:\/\/shop.dohlad.info\/index.php\/product\/komfortny-senzor-air-biela-teplota-vlhkost\/"},"modified":"2026-01-09T10:35:14","modified_gmt":"2026-01-09T09:35:14","slug":"komfortny-senzor-air-biela-teplota-vlhkost","status":"publish","type":"product","link":"https:\/\/loxone.ctw.sk\/index.php\/product\/komfortny-senzor-air-biela-teplota-vlhkost\/","title":{"rendered":"Komfortn\u00fd senzor Air biela (teplota, vlhkos\u0165)"},"content":{"rendered":"<p>Loxone Komfortn\u00fd senzor Air sa pou\u017e\u00edva na meranie\u00a0<strong>teploty a vlhkosti<\/strong> v miestnostiach.<\/p>\n","protected":false},"excerpt":{"rendered":"<p>Loxone Komfortn\u00fd senzor Air sa pou\u017e\u00edva na meranie\u00a0<strong>teploty a vlhkosti<\/strong> v miestnostiach.<\/p>\n","protected":false},"featured_media":1249,"template":"","meta":[],"location":[],"product_brand":[],"product_cat":[376,348,377],"product_tag":[],"class_list":{"0":"post-1248","1":"product","2":"type-product","3":"status-publish","4":"has-post-thumbnail","6":"product_cat-air-klima-tienenie","7":"product_cat-klima","8":"product_cat-tienenie","10":"first","11":"instock","12":"sold-individually","13":"taxable","14":"shipping-taxable","15":"purchasable","16":"product-type-simple"},"locations":[],"_links":{"self":[{"href":"https:\/\/loxone.ctw.sk\/index.php\/wp-json\/wp\/v2\/product\/1248","targetHints":{"allow":["GET"]}}],"collection":[{"href":"https:\/\/loxone.ctw.sk\/index.php\/wp-json\/wp\/v2\/product"}],"about":[{"href":"https:\/\/loxone.ctw.sk\/index.php\/wp-json\/wp\/v2\/types\/product"}],"wp:featuredmedia":[{"embeddable":true,"href":"https:\/\/loxone.ctw.sk\/index.php\/wp-json\/wp\/v2\/media\/1249"}],"wp:attachment":[{"href":"https:\/\/loxone.ctw.sk\/index.php\/wp-json\/wp\/v2\/media?parent=1248"}],"wp:term":[{"taxonomy":"location","embeddable":true,"href":"https:\/\/loxone.ctw.sk\/index.php\/wp-json\/wp\/v2\/location?post=1248"},{"taxonomy":"product_brand","embeddable":true,"href":"https:\/\/loxone.ctw.sk\/index.php\/wp-json\/wp\/v2\/product_brand?post=1248"},{"taxonomy":"product_cat","embeddable":true,"href":"https:\/\/loxone.ctw.sk\/index.php\/wp-json\/wp\/v2\/product_cat?post=1248"},{"taxonomy":"product_tag","embeddable":true,"href":"https:\/\/loxone.ctw.sk\/index.php\/wp-json\/wp\/v2\/product_tag?post=1248"}],"curies":[{"name":"wp","href":"https:\/\/api.w.org\/{rel}","templated":true}]}}