{"id":1258,"date":"2026-01-09T10:35:18","date_gmt":"2026-01-09T09:35:18","guid":{"rendered":"https:\/\/shop.dohlad.info\/index.php\/product\/zavesne-svetlo-rgbw-pwm-biela\/"},"modified":"2026-02-10T00:16:50","modified_gmt":"2026-02-09T23:16:50","slug":"zavesne-svetlo-rgbw-pwm-biela","status":"publish","type":"product","link":"https:\/\/loxone.ctw.sk\/index.php\/product\/zavesne-svetlo-rgbw-pwm-biela\/","title":{"rendered":"Z\u00e1vesn\u00e9 svetlo RGBW PWM biela"},"content":{"rendered":"<p>Z\u00e1vesn\u00e9 svetlo RGBW je z\u00e1vesn\u00e9 svietidlo, ktor\u00e9 kombinuje farebn\u00e9 svetlo a tepl\u00e9 biele svetlo. Pre riadenie a stmievanie je potrebn\u00fd PWM stmieva\u010d ako je Loxone RGBW 24V Dimmer.<\/p>\n<p><strong>\u00a0Funkcie:<\/strong><\/p>\n<ul>\n<li>Nad\u010dasov\u00fd, elegantn\u00fd dizajn.<\/li>\n<li>Jemn\u00e9 stmievanie.<\/li>\n<li>Unik\u00e1tna architekt\u00fara osvetlenia.<\/li>\n<li>Flexibiln\u00e9 mo\u017enosti pou\u017eitia.<\/li>\n<\/ul>\n","protected":false},"excerpt":{"rendered":"<p>Z\u00e1vesn\u00e9 svetlo RGBW je z\u00e1vesn\u00e9 svietidlo, ktor\u00e9 kombinuje farebn\u00e9 svetlo a tepl\u00e9 biele svetlo.<\/p>\n","protected":false},"featured_media":1259,"template":"","meta":[],"location":[],"product_brand":[],"product_cat":[355],"product_tag":[],"class_list":{"0":"post-1258","1":"product","2":"type-product","3":"status-publish","4":"has-post-thumbnail","6":"product_cat-pwm","8":"first","9":"instock","10":"sold-individually","11":"taxable","12":"shipping-taxable","13":"purchasable","14":"product-type-simple"},"locations":[],"_links":{"self":[{"href":"https:\/\/loxone.ctw.sk\/index.php\/wp-json\/wp\/v2\/product\/1258","targetHints":{"allow":["GET"]}}],"collection":[{"href":"https:\/\/loxone.ctw.sk\/index.php\/wp-json\/wp\/v2\/product"}],"about":[{"href":"https:\/\/loxone.ctw.sk\/index.php\/wp-json\/wp\/v2\/types\/product"}],"wp:featuredmedia":[{"embeddable":true,"href":"https:\/\/loxone.ctw.sk\/index.php\/wp-json\/wp\/v2\/media\/1259"}],"wp:attachment":[{"href":"https:\/\/loxone.ctw.sk\/index.php\/wp-json\/wp\/v2\/media?parent=1258"}],"wp:term":[{"taxonomy":"location","embeddable":true,"href":"https:\/\/loxone.ctw.sk\/index.php\/wp-json\/wp\/v2\/location?post=1258"},{"taxonomy":"product_brand","embeddable":true,"href":"https:\/\/loxone.ctw.sk\/index.php\/wp-json\/wp\/v2\/product_brand?post=1258"},{"taxonomy":"product_cat","embeddable":true,"href":"https:\/\/loxone.ctw.sk\/index.php\/wp-json\/wp\/v2\/product_cat?post=1258"},{"taxonomy":"product_tag","embeddable":true,"href":"https:\/\/loxone.ctw.sk\/index.php\/wp-json\/wp\/v2\/product_tag?post=1258"}],"curies":[{"name":"wp","href":"https:\/\/api.w.org\/{rel}","templated":true}]}}