{"id":1270,"date":"2026-01-09T10:35:18","date_gmt":"2026-01-09T09:35:18","guid":{"rendered":"https:\/\/shop.dohlad.info\/index.php\/product\/komfortny-senzor-tree-antracitova-co2-teplota-vlhkost\/"},"modified":"2026-01-09T10:35:25","modified_gmt":"2026-01-09T09:35:25","slug":"komfortny-senzor-tree-antracitova-co2-teplota-vlhkost","status":"publish","type":"product","link":"https:\/\/loxone.ctw.sk\/index.php\/product\/komfortny-senzor-tree-antracitova-co2-teplota-vlhkost\/","title":{"rendered":"Komfortn\u00fd senzor Tree antracitov\u00e1 (CO2, teplota, vlhkos\u0165)"},"content":{"rendered":"<div class=\"ar-flex ar-flex-col ar-gap--s ar-spacing--bottom-s\">\n<p>Loxone Komfortn\u00fd senzor Tree sa pou\u017e\u00edva na meranie <strong>teploty a vlhkosti<\/strong>, ako aj <strong>hodnoty CO2<\/strong> ako indik\u00e1tora kvality vzduchu v miestnostiach.<\/p>\n<\/div>\n","protected":false},"excerpt":{"rendered":"<div class=\"ar-flex ar-flex-col ar-gap--s ar-spacing--bottom-s\">\n<p>Loxone Komfortn\u00fd senzor Tree sa pou\u017e\u00edva na meranie <strong>teploty a vlhkosti<\/strong>, ako aj <strong>hodnoty CO2<\/strong> ako indik\u00e1tora kvality vzduchu v miestnostiach.<\/p>\n<\/div>\n","protected":false},"featured_media":1271,"template":"","meta":[],"location":[],"product_brand":[],"product_cat":[361,348,377],"product_tag":[],"class_list":{"0":"post-1270","1":"product","2":"type-product","3":"status-publish","4":"has-post-thumbnail","6":"product_cat-tree-klima-tienenie","7":"product_cat-klima","8":"product_cat-tienenie","10":"first","11":"instock","12":"sold-individually","13":"taxable","14":"shipping-taxable","15":"purchasable","16":"product-type-simple"},"locations":[],"_links":{"self":[{"href":"https:\/\/loxone.ctw.sk\/index.php\/wp-json\/wp\/v2\/product\/1270","targetHints":{"allow":["GET"]}}],"collection":[{"href":"https:\/\/loxone.ctw.sk\/index.php\/wp-json\/wp\/v2\/product"}],"about":[{"href":"https:\/\/loxone.ctw.sk\/index.php\/wp-json\/wp\/v2\/types\/product"}],"wp:featuredmedia":[{"embeddable":true,"href":"https:\/\/loxone.ctw.sk\/index.php\/wp-json\/wp\/v2\/media\/1271"}],"wp:attachment":[{"href":"https:\/\/loxone.ctw.sk\/index.php\/wp-json\/wp\/v2\/media?parent=1270"}],"wp:term":[{"taxonomy":"location","embeddable":true,"href":"https:\/\/loxone.ctw.sk\/index.php\/wp-json\/wp\/v2\/location?post=1270"},{"taxonomy":"product_brand","embeddable":true,"href":"https:\/\/loxone.ctw.sk\/index.php\/wp-json\/wp\/v2\/product_brand?post=1270"},{"taxonomy":"product_cat","embeddable":true,"href":"https:\/\/loxone.ctw.sk\/index.php\/wp-json\/wp\/v2\/product_cat?post=1270"},{"taxonomy":"product_tag","embeddable":true,"href":"https:\/\/loxone.ctw.sk\/index.php\/wp-json\/wp\/v2\/product_tag?post=1270"}],"curies":[{"name":"wp","href":"https:\/\/api.w.org\/{rel}","templated":true}]}}