{"id":1275,"date":"2026-01-09T10:35:18","date_gmt":"2026-01-09T09:35:18","guid":{"rendered":"https:\/\/shop.dohlad.info\/index.php\/product\/zaluziovy-aktor-air\/"},"modified":"2026-01-09T10:35:27","modified_gmt":"2026-01-09T09:35:27","slug":"zaluziovy-aktor-air","status":"publish","type":"product","link":"https:\/\/loxone.ctw.sk\/index.php\/product\/zaluziovy-aktor-air\/","title":{"rendered":"\u017dal\u00faziov\u00fd aktor Air"},"content":{"rendered":"<p>Loxone\u00a0\u017daluziov\u00fd aktor Air\u00a0je <strong>bezdr\u00f4tov\u00fd aktu\u00e1tor pre sie\u0165ov\u00e9 nap\u00e4tie<\/strong>. K <strong>dvom rel\u00e9ov\u00fdm v\u00fdstupom<\/strong> je mo\u017en\u00e9 pripoji\u0165 <strong>tieniace zariadenia <\/strong>a \u010fal\u0161ie prvky<strong>, <\/strong>ako s\u00fa sveteln\u00e9 okruhy, pohony, ventil\u00e1tory alebo \u010derpadl\u00e1.<\/p>\n<p><strong>\u00a0Funkcie:<\/strong><\/p>\n<ul>\n<li>Plne automatick\u00e1 detekcia koncovej polohy<\/li>\n<li>\u0160tandardizovan\u00fd konektor Hirschmann<\/li>\n<li>Spo\u013eahliv\u00e9 bezdr\u00f4tov\u00e9 pokrytie v\u010faka technol\u00f3gii Loxone Air<\/li>\n<li>Flexibilita: 5A rel\u00e9 mo\u017eno vo\u013ene pou\u017ei\u0165, napr\u00edklad na ovl\u00e1danie sveteln\u00fdch okruhov, pohonov, ventil\u00e1torov alebo \u010derpadiel. Shading Actuator Air je v\u010faka certifik\u00e1cii IP54 univerz\u00e1lnym rie\u0161en\u00edm pre vonkaj\u0161ie pou\u017eitie<\/li>\n<\/ul>\n","protected":false},"excerpt":{"rendered":"<p>Loxone\u00a0\u017daluziov\u00fd aktor Air\u00a0je <strong>bezdr\u00f4tov\u00fd aktu\u00e1tor pre sie\u0165ov\u00e9 nap\u00e4tie<\/strong>. K <strong>dvom rel\u00e9ov\u00fdm v\u00fdstupom<\/strong> je mo\u017en\u00e9 pripoji\u0165 <strong>tieniace zariadenia <\/strong>a \u010fal\u0161ie prvky<strong>, <\/strong>ako s\u00fa sveteln\u00e9 okruhy, pohony, ventil\u00e1tory alebo \u010derpadl\u00e1.<\/p>\n<p><strong>\u00a0Funkcie:<\/strong><\/p>\n<ul>\n<li>Plne automatick\u00e1 detekcia koncovej polohy<\/li>\n<li>\u0160tandardizovan\u00fd konektor Hirschmann<\/li>\n<li>Spo\u013eahliv\u00e9 bezdr\u00f4tov\u00e9 pokrytie v\u010faka technol\u00f3gii Loxone Air<\/li>\n<li>Flexibilita: 5A rel\u00e9 mo\u017eno vo\u013ene pou\u017ei\u0165, napr\u00edklad na ovl\u00e1danie sveteln\u00fdch okruhov, pohonov, ventil\u00e1torov alebo \u010derpadiel. Shading Actuator Air je v\u010faka certifik\u00e1cii IP54 univerz\u00e1lnym rie\u0161en\u00edm pre vonkaj\u0161ie pou\u017eitie<\/li>\n<\/ul>\n","protected":false},"featured_media":1276,"template":"","meta":[],"location":[],"product_brand":[],"product_cat":[376,377],"product_tag":[],"class_list":{"0":"post-1275","1":"product","2":"type-product","3":"status-publish","4":"has-post-thumbnail","6":"product_cat-air-klima-tienenie","7":"product_cat-tienenie","9":"first","10":"instock","11":"sold-individually","12":"taxable","13":"shipping-taxable","14":"purchasable","15":"product-type-simple"},"locations":[],"_links":{"self":[{"href":"https:\/\/loxone.ctw.sk\/index.php\/wp-json\/wp\/v2\/product\/1275","targetHints":{"allow":["GET"]}}],"collection":[{"href":"https:\/\/loxone.ctw.sk\/index.php\/wp-json\/wp\/v2\/product"}],"about":[{"href":"https:\/\/loxone.ctw.sk\/index.php\/wp-json\/wp\/v2\/types\/product"}],"wp:featuredmedia":[{"embeddable":true,"href":"https:\/\/loxone.ctw.sk\/index.php\/wp-json\/wp\/v2\/media\/1276"}],"wp:attachment":[{"href":"https:\/\/loxone.ctw.sk\/index.php\/wp-json\/wp\/v2\/media?parent=1275"}],"wp:term":[{"taxonomy":"location","embeddable":true,"href":"https:\/\/loxone.ctw.sk\/index.php\/wp-json\/wp\/v2\/location?post=1275"},{"taxonomy":"product_brand","embeddable":true,"href":"https:\/\/loxone.ctw.sk\/index.php\/wp-json\/wp\/v2\/product_brand?post=1275"},{"taxonomy":"product_cat","embeddable":true,"href":"https:\/\/loxone.ctw.sk\/index.php\/wp-json\/wp\/v2\/product_cat?post=1275"},{"taxonomy":"product_tag","embeddable":true,"href":"https:\/\/loxone.ctw.sk\/index.php\/wp-json\/wp\/v2\/product_tag?post=1275"}],"curies":[{"name":"wp","href":"https:\/\/api.w.org\/{rel}","templated":true}]}}