{"id":1280,"date":"2026-01-09T10:35:18","date_gmt":"2026-01-09T09:35:18","guid":{"rendered":"https:\/\/shop.dohlad.info\/index.php\/product\/nfc-code-touch-for-nano-signalna-biela\/"},"modified":"2026-01-09T10:35:29","modified_gmt":"2026-01-09T09:35:29","slug":"nfc-code-touch-for-nano-signalna-biela","status":"publish","type":"product","link":"https:\/\/loxone.ctw.sk\/index.php\/product\/nfc-code-touch-for-nano-signalna-biela\/","title":{"rendered":"NFC Code Touch for Nano sign\u00e1lna biela"},"content":{"rendered":"<p>Loxone NFC Code Touch for Nano je <strong>pr\u00edstupov\u00e9 rie\u0161enie s NFC \u010d\u00edta\u010dkou a podsvietenou numerickou kl\u00e1vesnicou<\/strong> na sklenenom \u010delnom paneli, ur\u010den\u00e9 na nasadenie na Nano IO Air.<\/p>\n","protected":false},"excerpt":{"rendered":"<p>Loxone NFC Code Touch for Nano je <strong>pr\u00edstupov\u00e9 rie\u0161enie s NFC \u010d\u00edta\u010dkou a podsvietenou numerickou kl\u00e1vesnicou<\/strong> na sklenenom \u010delnom paneli, ur\u010den\u00e9 na nasadenie na Nano IO Air.<\/p>\n","protected":false},"featured_media":1281,"template":"","meta":[],"location":[],"product_brand":[],"product_cat":[359,388,371,372,345],"product_tag":[],"class_list":{"0":"post-1280","1":"product","2":"type-product","3":"status-publish","4":"has-post-thumbnail","6":"product_cat-for-nano","7":"product_cat-nfc-ovladanie","8":"product_cat-pristup","9":"product_cat-nfc","10":"product_cat-zabezpecenie","12":"first","13":"instock","14":"sold-individually","15":"taxable","16":"shipping-taxable","17":"purchasable","18":"product-type-simple"},"locations":[],"_links":{"self":[{"href":"https:\/\/loxone.ctw.sk\/index.php\/wp-json\/wp\/v2\/product\/1280","targetHints":{"allow":["GET"]}}],"collection":[{"href":"https:\/\/loxone.ctw.sk\/index.php\/wp-json\/wp\/v2\/product"}],"about":[{"href":"https:\/\/loxone.ctw.sk\/index.php\/wp-json\/wp\/v2\/types\/product"}],"wp:featuredmedia":[{"embeddable":true,"href":"https:\/\/loxone.ctw.sk\/index.php\/wp-json\/wp\/v2\/media\/1281"}],"wp:attachment":[{"href":"https:\/\/loxone.ctw.sk\/index.php\/wp-json\/wp\/v2\/media?parent=1280"}],"wp:term":[{"taxonomy":"location","embeddable":true,"href":"https:\/\/loxone.ctw.sk\/index.php\/wp-json\/wp\/v2\/location?post=1280"},{"taxonomy":"product_brand","embeddable":true,"href":"https:\/\/loxone.ctw.sk\/index.php\/wp-json\/wp\/v2\/product_brand?post=1280"},{"taxonomy":"product_cat","embeddable":true,"href":"https:\/\/loxone.ctw.sk\/index.php\/wp-json\/wp\/v2\/product_cat?post=1280"},{"taxonomy":"product_tag","embeddable":true,"href":"https:\/\/loxone.ctw.sk\/index.php\/wp-json\/wp\/v2\/product_tag?post=1280"}],"curies":[{"name":"wp","href":"https:\/\/api.w.org\/{rel}","templated":true}]}}