{"id":1299,"date":"2026-01-09T10:35:18","date_gmt":"2026-01-09T09:35:18","guid":{"rendered":"https:\/\/shop.dohlad.info\/index.php\/product\/alarmova-sirena-air\/"},"modified":"2026-01-09T10:35:35","modified_gmt":"2026-01-09T09:35:35","slug":"alarmova-sirena-air","status":"publish","type":"product","link":"https:\/\/loxone.ctw.sk\/index.php\/product\/alarmova-sirena-air\/","title":{"rendered":"Alarmov\u00e1 sir\u00e9na Air"},"content":{"rendered":"<p><span class=\"TextRun SCXW5648772 BCX8\"><span class=\"NormalTextRun SCXW5648772 BCX8\">Loxone Alarmov\u00e1 sir\u00e9na Air sl\u00fa\u017ei ako extern\u00e9 varovn\u00e9 zariadenie, ktor\u00e9 pri aktiv\u00e1cii <strong>vyd\u00e1va neznesite\u013ene hlasn\u00fd alarm a \u010derven\u00e9 blikaj\u00face svetlo<\/strong>. Pre vy\u0161\u0161iu bezpe\u010dnos\u0165 je vybaven\u00e1 integrovan\u00fdm sabot\u00e1\u017enym sp\u00edna\u010dom. V\u010faka technol\u00f3gii Loxone Air je jej uvedenie do prev\u00e1dzky r\u00fdchle a jednoduch\u00e9.<\/span><\/span><\/p>\n","protected":false},"excerpt":{"rendered":"<p><span class=\"TextRun SCXW5648772 BCX8\"><span class=\"NormalTextRun SCXW5648772 BCX8\">Loxone Alarmov\u00e1 sir\u00e9na Air sl\u00fa\u017ei ako extern\u00e9 varovn\u00e9 zariadenie, ktor\u00e9 pri aktiv\u00e1cii <strong>vyd\u00e1va neznesite\u013ene hlasn\u00fd alarm a \u010derven\u00e9 blikaj\u00face svetlo<\/strong>. Pre vy\u0161\u0161iu bezpe\u010dnos\u0165 je vybaven\u00e1 integrovan\u00fdm sabot\u00e1\u017enym sp\u00edna\u010dom. V\u010faka technol\u00f3gii Loxone Air je jej uvedenie do prev\u00e1dzky r\u00fdchle a jednoduch\u00e9.<\/span><\/span><\/p>\n","protected":false},"featured_media":1300,"template":"","meta":[],"location":[],"product_brand":[],"product_cat":[344,345],"product_tag":[],"class_list":{"0":"post-1299","1":"product","2":"type-product","3":"status-publish","4":"has-post-thumbnail","6":"product_cat-air-pristup-zabezpecenie","7":"product_cat-zabezpecenie","9":"first","10":"instock","11":"sold-individually","12":"taxable","13":"shipping-taxable","14":"purchasable","15":"product-type-simple"},"locations":[],"_links":{"self":[{"href":"https:\/\/loxone.ctw.sk\/index.php\/wp-json\/wp\/v2\/product\/1299","targetHints":{"allow":["GET"]}}],"collection":[{"href":"https:\/\/loxone.ctw.sk\/index.php\/wp-json\/wp\/v2\/product"}],"about":[{"href":"https:\/\/loxone.ctw.sk\/index.php\/wp-json\/wp\/v2\/types\/product"}],"wp:featuredmedia":[{"embeddable":true,"href":"https:\/\/loxone.ctw.sk\/index.php\/wp-json\/wp\/v2\/media\/1300"}],"wp:attachment":[{"href":"https:\/\/loxone.ctw.sk\/index.php\/wp-json\/wp\/v2\/media?parent=1299"}],"wp:term":[{"taxonomy":"location","embeddable":true,"href":"https:\/\/loxone.ctw.sk\/index.php\/wp-json\/wp\/v2\/location?post=1299"},{"taxonomy":"product_brand","embeddable":true,"href":"https:\/\/loxone.ctw.sk\/index.php\/wp-json\/wp\/v2\/product_brand?post=1299"},{"taxonomy":"product_cat","embeddable":true,"href":"https:\/\/loxone.ctw.sk\/index.php\/wp-json\/wp\/v2\/product_cat?post=1299"},{"taxonomy":"product_tag","embeddable":true,"href":"https:\/\/loxone.ctw.sk\/index.php\/wp-json\/wp\/v2\/product_tag?post=1299"}],"curies":[{"name":"wp","href":"https:\/\/api.w.org\/{rel}","templated":true}]}}