{"id":1322,"date":"2026-01-09T10:35:18","date_gmt":"2026-01-09T09:35:18","guid":{"rendered":"https:\/\/shop.dohlad.info\/index.php\/product\/nano-2-relay-tree\/"},"modified":"2026-02-09T00:18:18","modified_gmt":"2026-02-08T23:18:18","slug":"nano-2-relay-tree","status":"publish","type":"product","link":"https:\/\/loxone.ctw.sk\/index.php\/product\/nano-2-relay-tree\/","title":{"rendered":"Nano 2 Relay Tree"},"content":{"rendered":"<p>Loxone Nano 2 Relay Tree je kompaktn\u00fd modul s <strong>2 rel\u00e9 v\u00fdstupmi<\/strong>, ktor\u00fd je vhodn\u00fd pre <strong>tieniace zariadenia<\/strong> alebo <strong>univerz\u00e1lne pou\u017eitie<\/strong>.<\/p>\n<p><strong>\u00a0Funkcie:<\/strong><\/p>\n<ul>\n<li>Vr\u00e1tane detekcie prietoku pr\u00fadu<\/li>\n<li>Plne automaticka detekcia koncovej polohy<\/li>\n<li>Vhodn\u00e9 na tienenie, osvetlenie, ventil\u00e1tory a mnoho in\u00e9ho<\/li>\n<\/ul>\n","protected":false},"excerpt":{"rendered":"<p>Loxone Nano 2 Relay Tree je kompaktn\u00fd modul s <strong>2 rel\u00e9 v\u00fdstupmi<\/strong>, ktor\u00fd je vhodn\u00fd pre <strong>tieniace zariadenia<\/strong> alebo <strong>univerz\u00e1lne pou\u017eitie<\/strong>.<\/p>\n<p>&nbsp;<\/p>\n","protected":false},"featured_media":1323,"template":"","meta":[],"location":[],"product_brand":[],"product_cat":[385,387,361,377],"product_tag":[],"class_list":{"0":"post-1322","1":"product","2":"type-product","3":"status-publish","4":"has-post-thumbnail","6":"product_cat-tree-extensiony-rozhrania","7":"product_cat-tree-osvetlenie","8":"product_cat-tree-klima-tienenie","9":"product_cat-tienenie","11":"first","12":"instock","13":"sold-individually","14":"taxable","15":"shipping-taxable","16":"purchasable","17":"product-type-simple"},"locations":[],"_links":{"self":[{"href":"https:\/\/loxone.ctw.sk\/index.php\/wp-json\/wp\/v2\/product\/1322","targetHints":{"allow":["GET"]}}],"collection":[{"href":"https:\/\/loxone.ctw.sk\/index.php\/wp-json\/wp\/v2\/product"}],"about":[{"href":"https:\/\/loxone.ctw.sk\/index.php\/wp-json\/wp\/v2\/types\/product"}],"wp:featuredmedia":[{"embeddable":true,"href":"https:\/\/loxone.ctw.sk\/index.php\/wp-json\/wp\/v2\/media\/1323"}],"wp:attachment":[{"href":"https:\/\/loxone.ctw.sk\/index.php\/wp-json\/wp\/v2\/media?parent=1322"}],"wp:term":[{"taxonomy":"location","embeddable":true,"href":"https:\/\/loxone.ctw.sk\/index.php\/wp-json\/wp\/v2\/location?post=1322"},{"taxonomy":"product_brand","embeddable":true,"href":"https:\/\/loxone.ctw.sk\/index.php\/wp-json\/wp\/v2\/product_brand?post=1322"},{"taxonomy":"product_cat","embeddable":true,"href":"https:\/\/loxone.ctw.sk\/index.php\/wp-json\/wp\/v2\/product_cat?post=1322"},{"taxonomy":"product_tag","embeddable":true,"href":"https:\/\/loxone.ctw.sk\/index.php\/wp-json\/wp\/v2\/product_tag?post=1322"}],"curies":[{"name":"wp","href":"https:\/\/api.w.org\/{rel}","templated":true}]}}