{"id":1339,"date":"2026-01-09T10:35:53","date_gmt":"2026-01-09T09:35:53","guid":{"rendered":"https:\/\/shop.dohlad.info\/index.php\/product\/audioserver\/"},"modified":"2026-02-08T23:19:53","modified_gmt":"2026-02-08T22:19:53","slug":"audioserver","status":"publish","type":"product","link":"https:\/\/loxone.ctw.sk\/index.php\/product\/audioserver\/","title":{"rendered":"Audioserver"},"content":{"rendered":"<p>Audioserver je <strong>najflexibilnej\u0161ie audio rie\u0161enie <\/strong>pre ak\u00fako\u013evek budovu. Sp\u00e1ja v sebe skvel\u00fd v\u00fdpo\u010dtov\u00fd v\u00fdkon a <strong>4 v\u00fdstupy zosil\u0148ova\u010da<\/strong> s minim\u00e1lnymi n\u00e1rokmi na priestor.<\/p>\n<p><strong>Vlastnosti:<\/strong><\/p>\n<ul>\n<li>Brilantn\u00fd zvuk pre v\u0161etky k\u00e1blov\u00e9 reproduktory.<\/li>\n<li>Takmer nekone\u010dne roz\u0161\u00edrite\u013en\u00e9 pomocou Stereo Extensions a \u010fal\u0161\u00edch Audioserverov.<\/li>\n<li>Mo\u017enos\u0165 fixn\u00fdch audio z\u00f3n vo viacer\u00fdch miestnostiach.<\/li>\n<li>Mo\u017enos\u0165 individu\u00e1lnej hudby vo v\u0161etk\u00fdch miestnostiach.<\/li>\n<li>Bez\u00fadr\u017ebov\u00fd v\u010faka dokonale zladen\u00e9mu hardv\u00e9ru a softv\u00e9ru.<\/li>\n<li>Plne konfigurovate\u013en\u00e9 v Loxone Configu.<\/li>\n<li>Tento produkt podporuje Apple AirPlay 2 \u2013 vy\u017eaduje iOS 11.4 alebo vy\u0161\u0161\u00ed<\/li>\n<\/ul>\n","protected":false},"excerpt":{"rendered":"<p>Audioserver je <strong>najflexibilnej\u0161ie audio rie\u0161enie <\/strong>pre ak\u00fako\u013evek budovu. Sp\u00e1ja v sebe skvel\u00fd v\u00fdpo\u010dtov\u00fd v\u00fdkon a <strong>4 v\u00fdstupy zosil\u0148ova\u010da<\/strong> s minim\u00e1lnymi n\u00e1rokmi na priestor.<\/p>\n<p>&nbsp;<\/p>\n","protected":false},"featured_media":1881,"template":"","meta":[],"location":[],"product_brand":[],"product_cat":[395],"product_tag":[],"class_list":{"0":"post-1339","1":"product","2":"type-product","3":"status-publish","4":"has-post-thumbnail","6":"product_cat-elektronika","8":"first","9":"instock","10":"sold-individually","11":"taxable","12":"shipping-taxable","13":"purchasable","14":"product-type-simple"},"locations":[],"_links":{"self":[{"href":"https:\/\/loxone.ctw.sk\/index.php\/wp-json\/wp\/v2\/product\/1339","targetHints":{"allow":["GET"]}}],"collection":[{"href":"https:\/\/loxone.ctw.sk\/index.php\/wp-json\/wp\/v2\/product"}],"about":[{"href":"https:\/\/loxone.ctw.sk\/index.php\/wp-json\/wp\/v2\/types\/product"}],"wp:featuredmedia":[{"embeddable":true,"href":"https:\/\/loxone.ctw.sk\/index.php\/wp-json\/wp\/v2\/media\/1881"}],"wp:attachment":[{"href":"https:\/\/loxone.ctw.sk\/index.php\/wp-json\/wp\/v2\/media?parent=1339"}],"wp:term":[{"taxonomy":"location","embeddable":true,"href":"https:\/\/loxone.ctw.sk\/index.php\/wp-json\/wp\/v2\/location?post=1339"},{"taxonomy":"product_brand","embeddable":true,"href":"https:\/\/loxone.ctw.sk\/index.php\/wp-json\/wp\/v2\/product_brand?post=1339"},{"taxonomy":"product_cat","embeddable":true,"href":"https:\/\/loxone.ctw.sk\/index.php\/wp-json\/wp\/v2\/product_cat?post=1339"},{"taxonomy":"product_tag","embeddable":true,"href":"https:\/\/loxone.ctw.sk\/index.php\/wp-json\/wp\/v2\/product_tag?post=1339"}],"curies":[{"name":"wp","href":"https:\/\/api.w.org\/{rel}","templated":true}]}}