{"id":1343,"date":"2026-01-09T10:35:53","date_gmt":"2026-01-09T09:35:53","guid":{"rendered":"https:\/\/shop.dohlad.info\/index.php\/product\/stereo-extension\/"},"modified":"2026-02-17T17:16:34","modified_gmt":"2026-02-17T16:16:34","slug":"stereo-extension","status":"publish","type":"product","link":"https:\/\/loxone.ctw.sk\/index.php\/product\/stereo-extension\/","title":{"rendered":"Stereo Extension"},"content":{"rendered":"<p>Stereo Extension roz\u0161iruje Audioserver o <strong>dva \u010fal\u0161ie v\u00fdstupy zosil\u0148ova\u010da<\/strong>.<\/p>\n<p><strong>Vlastnosti:<\/strong><\/p>\n<ul>\n<li>Brilantn\u00fd zvuk pre v\u0161etky k\u00e1blov\u00e9 reproduktory.<\/li>\n<li>Roz\u0161\u00edrenie pre Audioserver.<\/li>\n<li>Umo\u017e\u0148uje fixn\u00e9 multiroom audio z\u00f3ny.<\/li>\n<li>Individu\u00e1lna hudba vo v\u0161etk\u00fdch miestnostiach.<\/li>\n<li>Bez\u00fadr\u017ebovos\u0165 v\u010faka dokonalej koordin\u00e1cii hardv\u00e9ru a softv\u00e9ru.<\/li>\n<li>Mont\u00e1\u017e by mala by\u0165 vykonan\u00e1 vertik\u00e1lne na DIN li\u0161tu. Je potrebn\u00e9 zaisti\u0165 dostato\u010dn\u00e9 vetranie a priestor medzi jednotliv\u00fdmi komponentmi.<\/li>\n<li>Plne konfigurovate\u013en\u00e9 v Loxone Configu.<\/li>\n<li>Tento produkt podporuje Apple AirPlay 2 \u2013 vy\u017eaduje iOS 11.4 alebo vy\u0161\u0161\u00ed<\/li>\n<\/ul>\n","protected":false},"excerpt":{"rendered":"<p>Stereo Extension roz\u0161iruje Audioserver o <strong>dva \u010fal\u0161ie v\u00fdstupy zosil\u0148ova\u010da<\/strong>.<\/p>\n<p>&nbsp;<\/p>\n","protected":false},"featured_media":1882,"template":"","meta":[],"location":[],"product_brand":[],"product_cat":[366,396,333,395],"product_tag":[],"class_list":{"0":"post-1343","1":"product","2":"type-product","3":"status-publish","4":"has-post-thumbnail","6":"product_cat-2-deliace-jednotky","7":"product_cat-ine-extensiony-rozhrania","8":"product_cat-audio","9":"product_cat-elektronika","11":"first","12":"instock","13":"sold-individually","14":"taxable","15":"shipping-taxable","16":"purchasable","17":"product-type-simple"},"locations":[],"_links":{"self":[{"href":"https:\/\/loxone.ctw.sk\/index.php\/wp-json\/wp\/v2\/product\/1343","targetHints":{"allow":["GET"]}}],"collection":[{"href":"https:\/\/loxone.ctw.sk\/index.php\/wp-json\/wp\/v2\/product"}],"about":[{"href":"https:\/\/loxone.ctw.sk\/index.php\/wp-json\/wp\/v2\/types\/product"}],"wp:featuredmedia":[{"embeddable":true,"href":"https:\/\/loxone.ctw.sk\/index.php\/wp-json\/wp\/v2\/media\/1882"}],"wp:attachment":[{"href":"https:\/\/loxone.ctw.sk\/index.php\/wp-json\/wp\/v2\/media?parent=1343"}],"wp:term":[{"taxonomy":"location","embeddable":true,"href":"https:\/\/loxone.ctw.sk\/index.php\/wp-json\/wp\/v2\/location?post=1343"},{"taxonomy":"product_brand","embeddable":true,"href":"https:\/\/loxone.ctw.sk\/index.php\/wp-json\/wp\/v2\/product_brand?post=1343"},{"taxonomy":"product_cat","embeddable":true,"href":"https:\/\/loxone.ctw.sk\/index.php\/wp-json\/wp\/v2\/product_cat?post=1343"},{"taxonomy":"product_tag","embeddable":true,"href":"https:\/\/loxone.ctw.sk\/index.php\/wp-json\/wp\/v2\/product_tag?post=1343"}],"curies":[{"name":"wp","href":"https:\/\/api.w.org\/{rel}","templated":true}]}}