{"id":1346,"date":"2026-01-09T10:35:53","date_gmt":"2026-01-09T09:35:53","guid":{"rendered":"https:\/\/shop.dohlad.info\/index.php\/product\/tree-to-air-bridge\/"},"modified":"2026-02-09T00:18:06","modified_gmt":"2026-02-08T23:18:06","slug":"tree-to-air-bridge","status":"publish","type":"product","link":"https:\/\/loxone.ctw.sk\/index.php\/product\/tree-to-air-bridge\/","title":{"rendered":"Tree to Air Bridge"},"content":{"rendered":"<p>Loxone Tree to Air Bridge umo\u017e\u0148uje <strong>integr\u00e1ciu \u0161irokej \u0161k\u00e1ly zariaden\u00ed <\/strong>vybaven\u00fdch technol\u00f3giou Loxone Air alebo roz\u0161\u00edrenie pokrytia bezdr\u00f4tovej siete Loxone Air. Pripojenie je realizovan\u00e9 cez rozhranie Tree.<\/p>\n<p><strong>Vlastnosti:<\/strong><\/p>\n<ul>\n<li>Decentralizovan\u00e1 in\u0161tal\u00e1cia, napr\u00edklad v ka\u017edej podomietkovej krabici.<\/li>\n<li>Flexibiln\u00e1 mont\u00e1\u017e na \u013eubovo\u013en\u00fa vetvu Tree.<\/li>\n<li>Podpora a\u017e 128 zariaden\u00ed Loxone Air.<\/li>\n<li>Integrovan\u00e1 ant\u00e9na Air.<\/li>\n<\/ul>\n","protected":false},"excerpt":{"rendered":"<p>Loxone Tree to Air Bridge umo\u017e\u0148uje <strong>integr\u00e1ciu \u0161irokej \u0161k\u00e1ly zariaden\u00ed <\/strong>vybaven\u00fdch technol\u00f3giou Loxone Air alebo roz\u0161\u00edrenie pokrytia bezdr\u00f4tovej siete Loxone Air. Pripojenie je realizovan\u00e9 cez rozhranie Tree.<\/p>\n<p>&nbsp;<\/p>\n","protected":false},"featured_media":1347,"template":"","meta":[],"location":[],"product_brand":[],"product_cat":[385,383],"product_tag":[],"class_list":{"0":"post-1346","1":"product","2":"type-product","3":"status-publish","4":"has-post-thumbnail","6":"product_cat-tree-extensiony-rozhrania","7":"product_cat-air-extensiony-rozhrania","9":"first","10":"instock","11":"sold-individually","12":"taxable","13":"shipping-taxable","14":"purchasable","15":"product-type-simple"},"locations":[],"_links":{"self":[{"href":"https:\/\/loxone.ctw.sk\/index.php\/wp-json\/wp\/v2\/product\/1346","targetHints":{"allow":["GET"]}}],"collection":[{"href":"https:\/\/loxone.ctw.sk\/index.php\/wp-json\/wp\/v2\/product"}],"about":[{"href":"https:\/\/loxone.ctw.sk\/index.php\/wp-json\/wp\/v2\/types\/product"}],"wp:featuredmedia":[{"embeddable":true,"href":"https:\/\/loxone.ctw.sk\/index.php\/wp-json\/wp\/v2\/media\/1347"}],"wp:attachment":[{"href":"https:\/\/loxone.ctw.sk\/index.php\/wp-json\/wp\/v2\/media?parent=1346"}],"wp:term":[{"taxonomy":"location","embeddable":true,"href":"https:\/\/loxone.ctw.sk\/index.php\/wp-json\/wp\/v2\/location?post=1346"},{"taxonomy":"product_brand","embeddable":true,"href":"https:\/\/loxone.ctw.sk\/index.php\/wp-json\/wp\/v2\/product_brand?post=1346"},{"taxonomy":"product_cat","embeddable":true,"href":"https:\/\/loxone.ctw.sk\/index.php\/wp-json\/wp\/v2\/product_cat?post=1346"},{"taxonomy":"product_tag","embeddable":true,"href":"https:\/\/loxone.ctw.sk\/index.php\/wp-json\/wp\/v2\/product_tag?post=1346"}],"curies":[{"name":"wp","href":"https:\/\/api.w.org\/{rel}","templated":true}]}}