{"id":1351,"date":"2026-01-09T10:35:53","date_gmt":"2026-01-09T09:35:53","guid":{"rendered":"https:\/\/shop.dohlad.info\/index.php\/product\/button-air\/"},"modified":"2026-02-10T00:46:16","modified_gmt":"2026-02-09T23:46:16","slug":"button-air","status":"publish","type":"product","link":"https:\/\/loxone.ctw.sk\/index.php\/product\/button-air\/","title":{"rendered":"Button Air"},"content":{"rendered":"<p>Button Air je dobre vidite\u013en\u00e9, bat\u00e9riovo nap\u00e1jan\u00e9 tla\u010didlo pre <strong>\u013eahk\u00e9 spustenie po\u017eadovanej akcie.<\/strong> V\u010faka magnetick\u00e9mu upevneniu na n\u00e1stennom dr\u017eiaku a proti\u0161mykovej z\u00e1kladni je mo\u017en\u00e9 ho umiestni\u0165 prakticky \u013eubovo\u013ene.<\/p>\n<p><strong>Pr\u00edklady pou\u017eitia:<\/strong><\/p>\n<ul>\n<li>Ako n\u00fadzov\u00e9 tla\u010didlo vo vlastnej dom\u00e1cnosti.<\/li>\n<li>Ako servisn\u00e9 tla\u010didlo v re\u0161taur\u00e1cii.<\/li>\n<li>Ako tla\u010didlo paniky na pokladni kiosku.<\/li>\n<li>Na r\u00fdchle otvorenie br\u00e1ny v priemyselnej hale.<\/li>\n<\/ul>\n","protected":false},"excerpt":{"rendered":"<p>Button Air je dobre vidite\u013en\u00e9, bat\u00e9riovo nap\u00e1jan\u00e9 tla\u010didlo pre <strong>\u013eahk\u00e9 spustenie po\u017eadovanej akcie.<\/strong> V\u010faka magnetick\u00e9mu upevneniu na n\u00e1stennom dr\u017eiaku a proti\u0161mykovej z\u00e1kladni je mo\u017en\u00e9 ho umiestni\u0165 prakticky \u013eubovo\u013ene.<\/p>\n<p>&nbsp;<\/p>\n","protected":false},"featured_media":1352,"template":"","meta":[],"location":[],"product_brand":[],"product_cat":[371,344,345],"product_tag":[],"class_list":{"0":"post-1351","1":"product","2":"type-product","3":"status-publish","4":"has-post-thumbnail","6":"product_cat-pristup","7":"product_cat-air-pristup-zabezpecenie","8":"product_cat-zabezpecenie","10":"first","11":"instock","12":"sold-individually","13":"taxable","14":"shipping-taxable","15":"purchasable","16":"product-type-simple"},"locations":[],"_links":{"self":[{"href":"https:\/\/loxone.ctw.sk\/index.php\/wp-json\/wp\/v2\/product\/1351","targetHints":{"allow":["GET"]}}],"collection":[{"href":"https:\/\/loxone.ctw.sk\/index.php\/wp-json\/wp\/v2\/product"}],"about":[{"href":"https:\/\/loxone.ctw.sk\/index.php\/wp-json\/wp\/v2\/types\/product"}],"wp:featuredmedia":[{"embeddable":true,"href":"https:\/\/loxone.ctw.sk\/index.php\/wp-json\/wp\/v2\/media\/1352"}],"wp:attachment":[{"href":"https:\/\/loxone.ctw.sk\/index.php\/wp-json\/wp\/v2\/media?parent=1351"}],"wp:term":[{"taxonomy":"location","embeddable":true,"href":"https:\/\/loxone.ctw.sk\/index.php\/wp-json\/wp\/v2\/location?post=1351"},{"taxonomy":"product_brand","embeddable":true,"href":"https:\/\/loxone.ctw.sk\/index.php\/wp-json\/wp\/v2\/product_brand?post=1351"},{"taxonomy":"product_cat","embeddable":true,"href":"https:\/\/loxone.ctw.sk\/index.php\/wp-json\/wp\/v2\/product_cat?post=1351"},{"taxonomy":"product_tag","embeddable":true,"href":"https:\/\/loxone.ctw.sk\/index.php\/wp-json\/wp\/v2\/product_tag?post=1351"}],"curies":[{"name":"wp","href":"https:\/\/api.w.org\/{rel}","templated":true}]}}