{"id":1359,"date":"2026-01-09T10:35:53","date_gmt":"2026-01-09T09:35:53","guid":{"rendered":"https:\/\/shop.dohlad.info\/index.php\/product\/zapusteny-senzor-pritomnosti-tree-antracitova\/"},"modified":"2026-01-09T10:36:04","modified_gmt":"2026-01-09T09:36:04","slug":"zapusteny-senzor-pritomnosti-tree-antracitova","status":"publish","type":"product","link":"https:\/\/loxone.ctw.sk\/index.php\/product\/zapusteny-senzor-pritomnosti-tree-antracitova\/","title":{"rendered":"Zapusten\u00fd senzor pr\u00edtomnosti Tree antracitov\u00e1"},"content":{"rendered":"<p>Senzor pr\u00edtomnosti je jedn\u00fdm z najd\u00f4le\u017eitej\u0161\u00edch senzorov v akomko\u013evek type projektu a pou\u017e\u00edva sa na detekciu pr\u00edtomnosti, pohybu a jasu.<\/p>\n<p><strong>Vlastnosti:<\/strong><\/p>\n<ul>\n<li>Tvor\u00ed z\u00e1klad pre automatiz\u00e1ciu najd\u00f4le\u017eitej\u0161\u00edch funkci\u00ed v miestnosti.<\/li>\n<li>Vizu\u00e1lne perfektne lad\u00ed s <a href=\"\/sksk\/catalogsearch\/result\/?q&#61;spoty\">Loxone LED Spotmi <\/a>a vytv\u00e1ra tak harmonick\u00fd a jednotn\u00fd vzh\u013ead.<\/li>\n<\/ul>\n","protected":false},"excerpt":{"rendered":"<p>Senzor pr\u00edtomnosti je jedn\u00fdm z najd\u00f4le\u017eitej\u0161\u00edch senzorov v akomko\u013evek type projektu a pou\u017e\u00edva sa na detekciu pr\u00edtomnosti, pohybu a jasu.<\/p>\n<p><strong>Vlastnosti:<\/strong><\/p>\n<ul>\n<li>Tvor\u00ed z\u00e1klad pre automatiz\u00e1ciu najd\u00f4le\u017eitej\u0161\u00edch funkci\u00ed v miestnosti.<\/li>\n<li>Vizu\u00e1lne perfektne lad\u00ed s <a href=\"\/sksk\/catalogsearch\/result\/?q&#61;spoty\">Loxone LED Spotmi <\/a>a vytv\u00e1ra tak harmonick\u00fd a jednotn\u00fd vzh\u013ead.<\/li>\n<\/ul>\n","protected":false},"featured_media":1884,"template":"","meta":[],"location":[],"product_brand":[],"product_cat":[353],"product_tag":[],"class_list":{"0":"post-1359","1":"product","2":"type-product","3":"status-publish","4":"has-post-thumbnail","6":"product_cat-senzory-prislusenstvo","8":"first","9":"instock","10":"sold-individually","11":"taxable","12":"shipping-taxable","13":"purchasable","14":"product-type-simple"},"locations":[],"_links":{"self":[{"href":"https:\/\/loxone.ctw.sk\/index.php\/wp-json\/wp\/v2\/product\/1359","targetHints":{"allow":["GET"]}}],"collection":[{"href":"https:\/\/loxone.ctw.sk\/index.php\/wp-json\/wp\/v2\/product"}],"about":[{"href":"https:\/\/loxone.ctw.sk\/index.php\/wp-json\/wp\/v2\/types\/product"}],"wp:featuredmedia":[{"embeddable":true,"href":"https:\/\/loxone.ctw.sk\/index.php\/wp-json\/wp\/v2\/media\/1884"}],"wp:attachment":[{"href":"https:\/\/loxone.ctw.sk\/index.php\/wp-json\/wp\/v2\/media?parent=1359"}],"wp:term":[{"taxonomy":"location","embeddable":true,"href":"https:\/\/loxone.ctw.sk\/index.php\/wp-json\/wp\/v2\/location?post=1359"},{"taxonomy":"product_brand","embeddable":true,"href":"https:\/\/loxone.ctw.sk\/index.php\/wp-json\/wp\/v2\/product_brand?post=1359"},{"taxonomy":"product_cat","embeddable":true,"href":"https:\/\/loxone.ctw.sk\/index.php\/wp-json\/wp\/v2\/product_cat?post=1359"},{"taxonomy":"product_tag","embeddable":true,"href":"https:\/\/loxone.ctw.sk\/index.php\/wp-json\/wp\/v2\/product_tag?post=1359"}],"curies":[{"name":"wp","href":"https:\/\/api.w.org\/{rel}","templated":true}]}}