{"id":1363,"date":"2026-01-09T10:35:53","date_gmt":"2026-01-09T09:35:53","guid":{"rendered":"https:\/\/shop.dohlad.info\/index.php\/product\/nano-motor-controller-air\/"},"modified":"2026-02-10T00:10:51","modified_gmt":"2026-02-09T23:10:51","slug":"nano-motor-controller-air","status":"publish","type":"product","link":"https:\/\/loxone.ctw.sk\/index.php\/product\/nano-motor-controller-air\/","title":{"rendered":"Nano Motor Controller Air"},"content":{"rendered":"<p>Nano Motor Controller Air je kompaktn\u00fd modul s <strong>DC v\u00fdstupmi<\/strong>, ktor\u00fd je ovl\u00e1dan\u00fd pomocou <strong>bezdr\u00f4tovej technol\u00f3gie Loxone Air<\/strong>. Konfigurovate\u013en\u00e9 v\u00fdstupy mo\u017eno pou\u017ei\u0165 na ovl\u00e1danie r\u00fdchlosti <strong>motorov s jednosmern\u00fdm pr\u00fadom<\/strong> alebo je mo\u017en\u00e9 stlmi\u0165 <strong>LED lampy<\/strong>.<\/p>\n<p><strong>Funkcie:<\/strong><\/p>\n<ul>\n<li>3 prev\u00e1dzkov\u00e9 re\u017eimy: obojsmern\u00fd motor, jednosmern\u00fd motor, stmievanie PWM<\/li>\n<li>Integrovan\u00e1 detekcia nadpr\u00fadu a detekcia toku pr\u00fadu<\/li>\n<\/ul>\n","protected":false},"excerpt":{"rendered":"<p>Nano Motor Controller Air je kompaktn\u00fd modul s <strong>DC v\u00fdstupmi<\/strong>, ktor\u00fd je ovl\u00e1dan\u00fd pomocou <strong>bezdr\u00f4tovej technol\u00f3gie Loxone Air<\/strong>.<\/p>\n","protected":false},"featured_media":1364,"template":"","meta":[],"location":[],"product_brand":[],"product_cat":[384,376,377],"product_tag":[],"class_list":{"0":"post-1363","1":"product","2":"type-product","3":"status-publish","4":"has-post-thumbnail","6":"product_cat-air-osvetlenie","7":"product_cat-air-klima-tienenie","8":"product_cat-tienenie","10":"first","11":"instock","12":"sold-individually","13":"taxable","14":"shipping-taxable","15":"purchasable","16":"product-type-simple"},"locations":[],"_links":{"self":[{"href":"https:\/\/loxone.ctw.sk\/index.php\/wp-json\/wp\/v2\/product\/1363","targetHints":{"allow":["GET"]}}],"collection":[{"href":"https:\/\/loxone.ctw.sk\/index.php\/wp-json\/wp\/v2\/product"}],"about":[{"href":"https:\/\/loxone.ctw.sk\/index.php\/wp-json\/wp\/v2\/types\/product"}],"wp:featuredmedia":[{"embeddable":true,"href":"https:\/\/loxone.ctw.sk\/index.php\/wp-json\/wp\/v2\/media\/1364"}],"wp:attachment":[{"href":"https:\/\/loxone.ctw.sk\/index.php\/wp-json\/wp\/v2\/media?parent=1363"}],"wp:term":[{"taxonomy":"location","embeddable":true,"href":"https:\/\/loxone.ctw.sk\/index.php\/wp-json\/wp\/v2\/location?post=1363"},{"taxonomy":"product_brand","embeddable":true,"href":"https:\/\/loxone.ctw.sk\/index.php\/wp-json\/wp\/v2\/product_brand?post=1363"},{"taxonomy":"product_cat","embeddable":true,"href":"https:\/\/loxone.ctw.sk\/index.php\/wp-json\/wp\/v2\/product_cat?post=1363"},{"taxonomy":"product_tag","embeddable":true,"href":"https:\/\/loxone.ctw.sk\/index.php\/wp-json\/wp\/v2\/product_tag?post=1363"}],"curies":[{"name":"wp","href":"https:\/\/api.w.org\/{rel}","templated":true}]}}