{"id":1390,"date":"2026-01-09T10:35:53","date_gmt":"2026-01-09T09:35:53","guid":{"rendered":"https:\/\/shop.dohlad.info\/index.php\/product\/poe-injektor\/"},"modified":"2026-01-09T10:36:17","modified_gmt":"2026-01-09T09:36:17","slug":"poe-injektor","status":"publish","type":"product","link":"https:\/\/loxone.ctw.sk\/index.php\/product\/poe-injektor\/","title":{"rendered":"PoE injektor"},"content":{"rendered":"<p>Akt\u00edvny PoE injektor sa <strong>perfektne hod\u00ed k Loxone Intercomu<\/strong> a dod\u00e1va mu potrebn\u00e9 prev\u00e1dzkov\u00e9 nap\u00e4tie.<\/p>\n","protected":false},"excerpt":{"rendered":"<p>Akt\u00edvny PoE injektor sa <strong>perfektne hod\u00ed k Loxone Intercomu<\/strong> a dod\u00e1va mu potrebn\u00e9 prev\u00e1dzkov\u00e9 nap\u00e4tie.<\/p>\n","protected":false},"featured_media":1391,"template":"","meta":[],"location":[],"product_brand":[],"product_cat":[373],"product_tag":[],"class_list":{"0":"post-1390","1":"product","2":"type-product","3":"status-publish","4":"has-post-thumbnail","6":"product_cat-prislusenstvo-pristup-zabezpecenie","8":"first","9":"instock","10":"sold-individually","11":"taxable","12":"shipping-taxable","13":"purchasable","14":"product-type-simple"},"locations":[],"_links":{"self":[{"href":"https:\/\/loxone.ctw.sk\/index.php\/wp-json\/wp\/v2\/product\/1390","targetHints":{"allow":["GET"]}}],"collection":[{"href":"https:\/\/loxone.ctw.sk\/index.php\/wp-json\/wp\/v2\/product"}],"about":[{"href":"https:\/\/loxone.ctw.sk\/index.php\/wp-json\/wp\/v2\/types\/product"}],"wp:featuredmedia":[{"embeddable":true,"href":"https:\/\/loxone.ctw.sk\/index.php\/wp-json\/wp\/v2\/media\/1391"}],"wp:attachment":[{"href":"https:\/\/loxone.ctw.sk\/index.php\/wp-json\/wp\/v2\/media?parent=1390"}],"wp:term":[{"taxonomy":"location","embeddable":true,"href":"https:\/\/loxone.ctw.sk\/index.php\/wp-json\/wp\/v2\/location?post=1390"},{"taxonomy":"product_brand","embeddable":true,"href":"https:\/\/loxone.ctw.sk\/index.php\/wp-json\/wp\/v2\/product_brand?post=1390"},{"taxonomy":"product_cat","embeddable":true,"href":"https:\/\/loxone.ctw.sk\/index.php\/wp-json\/wp\/v2\/product_cat?post=1390"},{"taxonomy":"product_tag","embeddable":true,"href":"https:\/\/loxone.ctw.sk\/index.php\/wp-json\/wp\/v2\/product_tag?post=1390"}],"curies":[{"name":"wp","href":"https:\/\/api.w.org\/{rel}","templated":true}]}}