{"id":1398,"date":"2026-01-09T10:35:53","date_gmt":"2026-01-09T09:35:53","guid":{"rendered":"https:\/\/shop.dohlad.info\/index.php\/product\/montazny-ramcek-1-modul-antracitova\/"},"modified":"2026-01-09T10:36:20","modified_gmt":"2026-01-09T09:36:20","slug":"montazny-ramcek-1-modul-antracitova","status":"publish","type":"product","link":"https:\/\/loxone.ctw.sk\/index.php\/product\/montazny-ramcek-1-modul-antracitova\/","title":{"rendered":"Mont\u00e1\u017eny r\u00e1m\u010dek 1 modul antracitov\u00e1"},"content":{"rendered":"<p>Vysokokvalitn\u00fd mont\u00e1\u017eny r\u00e1m vyroben\u00fd z eloxovan\u00e9ho hlin\u00edka je ide\u00e1lny na pripevnenie<strong> Intercom, NFC Code Touch<\/strong> (Gen. 2) a <strong>Touch Pure <\/strong>&gt; alebo <strong>Touch Pure Flex <\/strong>na ka\u017edej fas\u00e1de.<\/p>\n","protected":false},"excerpt":{"rendered":"<p>Vysokokvalitn\u00fd mont\u00e1\u017eny r\u00e1m vyroben\u00fd z eloxovan\u00e9ho hlin\u00edka je ide\u00e1lny na pripevnenie<strong> Intercom, NFC Code Touch<\/strong> (Gen. 2) a <strong>Touch Pure <\/strong>&gt; alebo <strong>Touch Pure Flex <\/strong>na ka\u017edej fas\u00e1de.<\/p>\n","protected":false},"featured_media":1399,"template":"","meta":[],"location":[],"product_brand":[],"product_cat":[397,350],"product_tag":[],"class_list":{"0":"post-1398","1":"product","2":"type-product","3":"status-publish","4":"has-post-thumbnail","6":"product_cat-montaz-pristup-zabezpecenie","7":"product_cat-montaz","9":"first","10":"instock","11":"sold-individually","12":"taxable","13":"shipping-taxable","14":"purchasable","15":"product-type-simple"},"locations":[],"_links":{"self":[{"href":"https:\/\/loxone.ctw.sk\/index.php\/wp-json\/wp\/v2\/product\/1398","targetHints":{"allow":["GET"]}}],"collection":[{"href":"https:\/\/loxone.ctw.sk\/index.php\/wp-json\/wp\/v2\/product"}],"about":[{"href":"https:\/\/loxone.ctw.sk\/index.php\/wp-json\/wp\/v2\/types\/product"}],"wp:featuredmedia":[{"embeddable":true,"href":"https:\/\/loxone.ctw.sk\/index.php\/wp-json\/wp\/v2\/media\/1399"}],"wp:attachment":[{"href":"https:\/\/loxone.ctw.sk\/index.php\/wp-json\/wp\/v2\/media?parent=1398"}],"wp:term":[{"taxonomy":"location","embeddable":true,"href":"https:\/\/loxone.ctw.sk\/index.php\/wp-json\/wp\/v2\/location?post=1398"},{"taxonomy":"product_brand","embeddable":true,"href":"https:\/\/loxone.ctw.sk\/index.php\/wp-json\/wp\/v2\/product_brand?post=1398"},{"taxonomy":"product_cat","embeddable":true,"href":"https:\/\/loxone.ctw.sk\/index.php\/wp-json\/wp\/v2\/product_cat?post=1398"},{"taxonomy":"product_tag","embeddable":true,"href":"https:\/\/loxone.ctw.sk\/index.php\/wp-json\/wp\/v2\/product_tag?post=1398"}],"curies":[{"name":"wp","href":"https:\/\/api.w.org\/{rel}","templated":true}]}}